{"id":2,"date":"2020-01-10T12:38:53","date_gmt":"2020-01-10T12:38:53","guid":{"rendered":"http:\/\/colchonesignifugos.com\/en\/?page_id=2"},"modified":"2020-01-15T14:03:40","modified_gmt":"2020-01-15T14:03:40","slug":"contact","status":"publish","type":"page","link":"https:\/\/colchonesignifugos.com\/en\/contact\/","title":{"rendered":"Contact"},"content":{"rendered":"<p>[et_pb_section bb_built=\u00bb1&#8243; _builder_version=\u00bb4.0.11&#8243; custom_padding=\u00bb0px||0px||false|false\u00bb saved_tabs=\u00bball\u00bb next_background_color=\u00bb#000000&#8243;][et_pb_row _builder_version=\u00bb4.0.11&#8243; custom_padding=\u00bb0px||0px||false|false\u00bb][et_pb_column type=\u00bb4_4&#8243; _builder_version=\u00bb4.0.11&#8243;][et_pb_image src=\u00bbhttps:\/\/colchonesignifugos.com\/en\/wp-content\/uploads\/sites\/2\/2020\/01\/61bb5-cabecera-home.jpg\u00bb _builder_version=\u00bb4.0.11&#8243; hover_enabled=\u00bb0&#8243; align=\u00bbcenter\u00bb \/][\/et_pb_column][\/et_pb_row][\/et_pb_section][et_pb_section bb_built=\u00bb1&#8243; custom_padding_last_edited=\u00bbon|desktop\u00bb _builder_version=\u00bb4.0.11&#8243; custom_padding=\u00bb10px||10px||true|false\u00bb custom_padding_tablet=\u00bb10px||10px||false|false\u00bb custom_padding_phone=\u00bb10px||10px||false|false\u00bb prev_background_color=\u00bb#000000&#8243; next_background_color=\u00bb#000000&#8243;][et_pb_row _builder_version=\u00bb4.0.11&#8243;][et_pb_column type=\u00bb4_4&#8243; _builder_version=\u00bb4.0.11&#8243;][et_pb_text _builder_version=\u00bb4.0.11&#8243; header_2_font=\u00bb|600|||||||\u00bb header_2_font_size=\u00bb16px\u00bb text_orientation=\u00bbjustified\u00bb]<\/p>\n<p>You can contact Decoratel through the nearest office to your location with the data we show you on this page or fill out our contact form with your details and press \u00abSend\u00bb.<\/p>\n<p>Once we receive your request, one of our agents customer service department will contact you as soon as possible.<\/p>\n<p>[\/et_pb_text][\/et_pb_column][\/et_pb_row][et_pb_row column_structure=\u00bb1_4,1_4,1_4,1_4&#8243; _builder_version=\u00bb4.0.11&#8243;][et_pb_column type=\u00bb1_4&#8243; _builder_version=\u00bb4.0.11&#8243;][et_pb_text _builder_version=\u00bb4.0.11&#8243; header_2_font=\u00bb|600|||||||\u00bb header_2_font_size=\u00bb16px\u00bb header_3_font=\u00bb|600|||||||\u00bb header_3_font_size=\u00bb20px\u00bb text_orientation=\u00bbjustified\u00bb]<\/p>\n<h3>Main Factory<\/h3>\n<p><strong>+34 912 186 128<\/strong><br \/>\nFax +34 912 186 129<br \/>\n<a style=\"color: #808080\" href=\"mailto:comercial@decoratel.com\">comercial@decoratel.com<\/a><\/p>\n<p>[\/et_pb_text][\/et_pb_column][et_pb_column type=\u00bb1_4&#8243; _builder_version=\u00bb4.0.11&#8243;][et_pb_text _builder_version=\u00bb4.0.11&#8243; header_2_font=\u00bb|600|||||||\u00bb header_2_font_size=\u00bb16px\u00bb header_3_font=\u00bb|600|||||||\u00bb header_3_font_size=\u00bb20px\u00bb text_orientation=\u00bbjustified\u00bb]<\/p>\n<h3>Delegation Madrid<\/h3>\n<p><strong>+34 912 186 128<\/strong><br \/>\nFax +34 912 186 129<br \/>\n<a style=\"color: #808080\" href=\"mailto:madrid@decoratel.com\">madrid@decoratel.com<\/a><\/p>\n<p>[\/et_pb_text][\/et_pb_column][et_pb_column type=\u00bb1_4&#8243; _builder_version=\u00bb4.0.11&#8243;][et_pb_text _builder_version=\u00bb4.0.11&#8243; header_2_font=\u00bb|600|||||||\u00bb header_2_font_size=\u00bb16px\u00bb header_3_font=\u00bb|600|||||||\u00bb header_3_font_size=\u00bb20px\u00bb text_orientation=\u00bbjustified\u00bb]<\/p>\n<h3>Delegation Andalucia<\/h3>\n<p><strong>+34 955 664 967<\/strong><br \/>\nFax +34 955 333 659<br \/>\n<a style=\"color: #808080\" href=\"mailto:andalucia@decoratel.com\">andalucia@decoratel.com<\/a><\/p>\n<p>[\/et_pb_text][\/et_pb_column][et_pb_column type=\u00bb1_4&#8243; _builder_version=\u00bb4.0.11&#8243;][et_pb_text _builder_version=\u00bb4.0.11&#8243; header_2_font=\u00bb|600|||||||\u00bb header_2_font_size=\u00bb16px\u00bb header_3_font=\u00bb|600|||||||\u00bb header_3_font_size=\u00bb20px\u00bb text_orientation=\u00bbjustified\u00bb]<\/p>\n<h3>Delegation Barcelona<\/h3>\n<p><strong>+34 932 990 974<\/strong><br \/>\nFax +34 932 990 974<br \/>\n<a style=\"color: #808080\" href=\"mailto:barcelona@decoratel.com\">barcelona@decoratel.com<\/a><\/p>\n<p>[\/et_pb_text][\/et_pb_column][\/et_pb_row][et_pb_row _builder_version=\u00bb4.0.11&#8243;][et_pb_column type=\u00bb4_4&#8243; _builder_version=\u00bb4.0.11&#8243;][et_pb_text _builder_version=\u00bb4.0.11&#8243; header_2_font=\u00bb|600|||||||\u00bb header_2_font_size=\u00bb16px\u00bb header_3_font=\u00bb|600|||||||\u00bb header_3_font_size=\u00bb20px\u00bb text_orientation=\u00bbcenter\u00bb]<\/p>\n<p><strong>Skype<\/strong><a href=\"skype:decoratelespana?call\"><img src=\"https:\/\/colchonesignifugos.com\/en\/wp-content\/uploads\/sites\/2\/2020\/01\/379be-skype_boton.png\" style=\"vertical-align: middle;\" \/><\/a><\/p>\n<p>[\/et_pb_text][\/et_pb_column][\/et_pb_row][\/et_pb_section][et_pb_section bb_built=\u00bb1&#8243; custom_padding_last_edited=\u00bbon|desktop\u00bb _builder_version=\u00bb4.0.11&#8243; custom_padding=\u00bb10px||10px||false|false\u00bb custom_padding_tablet=\u00bb10px||10px||false|false\u00bb custom_padding_phone=\u00bb10px||10px||false|false\u00bb prev_background_color=\u00bb#000000&#8243; next_background_color=\u00bb#000000&#8243;][et_pb_row _builder_version=\u00bb4.0.11&#8243;][et_pb_column type=\u00bb4_4&#8243; _builder_version=\u00bb4.0.11&#8243;][et_pb_contact_form email=\u00bbcomercial@decoratel.com\u00bb custom_message=\u00bbHa recibido un nuevo mensaje desde Colchones Ign\u00edfugos.com (versi\u00f3n en Ingl\u00e9s)||et_pb_line_break_holder||||et_pb_line_break_holder||Nombre: %%Name%%||et_pb_line_break_holder||Tel\u00e9fono: %%Phone%%||et_pb_line_break_holder||Correo electr\u00f3nico: %%Email%%||et_pb_line_break_holder||Mensaje: %%Message%%\u00bb submit_button_text=\u00bbSubmit\u00bb _builder_version=\u00bb4.1&#8243; form_field_background_color=\u00bb#ffffff\u00bb form_field_text_color=\u00bb#000000&#8243; form_field_font=\u00bb|600|||||||\u00bb custom_button=\u00bbon\u00bb button_bg_color=\u00bb#008080&#8243; button_border_width=\u00bb0px\u00bb button_use_icon=\u00bboff\u00bb border_radii=\u00bbon|4px|4px|4px|4px\u00bb border_width_all=\u00bb1px\u00bb border_color_all=\u00bb#cccccc\u00bb button_bg_color__hover_enabled=\u00bbon|hover\u00bb button_bg_color__hover=\u00bb#333&#8243; button_bg_enable_color__hover=\u00bbon\u00bb form_field_focus_background_color__hover_enabled=\u00bboff|hover\u00bb border_color_all__hover_enabled=\u00bboff|hover\u00bb border_color_all__hover=\u00bb#66afe9&#8243; recaptcha_list=\u00bb|none\u00bb form_field_text_shadow_horizontal_length=\u00bbform_field_text_shadow_style,%91object Object%93&#8243; form_field_text_shadow_horizontal_length_tablet=\u00bb0px\u00bb form_field_text_shadow_vertical_length=\u00bbform_field_text_shadow_style,%91object Object%93&#8243; form_field_text_shadow_vertical_length_tablet=\u00bb0px\u00bb form_field_text_shadow_blur_strength=\u00bbform_field_text_shadow_style,%91object Object%93&#8243; form_field_text_shadow_blur_strength_tablet=\u00bb1px\u00bb text_shadow_horizontal_length=\u00bbtext_shadow_style,%91object Object%93&#8243; text_shadow_horizontal_length_tablet=\u00bb0px\u00bb text_shadow_vertical_length=\u00bbtext_shadow_style,%91object Object%93&#8243; text_shadow_vertical_length_tablet=\u00bb0px\u00bb text_shadow_blur_strength=\u00bbtext_shadow_style,%91object Object%93&#8243; text_shadow_blur_strength_tablet=\u00bb1px\u00bb title_text_shadow_horizontal_length=\u00bbtitle_text_shadow_style,%91object Object%93&#8243; title_text_shadow_horizontal_length_tablet=\u00bb0px\u00bb title_text_shadow_vertical_length=\u00bbtitle_text_shadow_style,%91object Object%93&#8243; title_text_shadow_vertical_length_tablet=\u00bb0px\u00bb title_text_shadow_blur_strength=\u00bbtitle_text_shadow_style,%91object Object%93&#8243; title_text_shadow_blur_strength_tablet=\u00bb1px\u00bb captcha_text_shadow_horizontal_length=\u00bbcaptcha_text_shadow_style,%91object Object%93&#8243; captcha_text_shadow_horizontal_length_tablet=\u00bb0px\u00bb captcha_text_shadow_vertical_length=\u00bbcaptcha_text_shadow_style,%91object Object%93&#8243; captcha_text_shadow_vertical_length_tablet=\u00bb0px\u00bb captcha_text_shadow_blur_strength=\u00bbcaptcha_text_shadow_style,%91object Object%93&#8243; captcha_text_shadow_blur_strength_tablet=\u00bb1px\u00bb button_text_shadow_horizontal_length=\u00bbbutton_text_shadow_style,%91object Object%93&#8243; button_text_shadow_horizontal_length_tablet=\u00bb0px\u00bb button_text_shadow_vertical_length=\u00bbbutton_text_shadow_style,%91object Object%93&#8243; button_text_shadow_vertical_length_tablet=\u00bb0px\u00bb button_text_shadow_blur_strength=\u00bbbutton_text_shadow_style,%91object Object%93&#8243; button_text_shadow_blur_strength_tablet=\u00bb1px\u00bb box_shadow_horizontal_button_tablet=\u00bb0px\u00bb box_shadow_vertical_button_tablet=\u00bb0px\u00bb box_shadow_blur_button_tablet=\u00bb40px\u00bb box_shadow_spread_button_tablet=\u00bb0px\u00bb box_shadow_horizontal_tablet=\u00bb0px\u00bb box_shadow_vertical_tablet=\u00bb0px\u00bb box_shadow_blur_tablet=\u00bb40px\u00bb box_shadow_spread_tablet=\u00bb0px\u00bb z_index_tablet=\u00bb500&#8243;][et_pb_contact_field field_id=\u00bbName\u00bb field_title=\u00bbName\u00bb _builder_version=\u00bb4.0.11&#8243; button_text_size__hover_enabled=\u00bboff\u00bb button_one_text_size__hover_enabled=\u00bboff\u00bb button_two_text_size__hover_enabled=\u00bboff\u00bb button_text_color__hover_enabled=\u00bboff\u00bb button_one_text_color__hover_enabled=\u00bboff\u00bb button_two_text_color__hover_enabled=\u00bboff\u00bb button_border_width__hover_enabled=\u00bboff\u00bb button_one_border_width__hover_enabled=\u00bboff\u00bb button_two_border_width__hover_enabled=\u00bboff\u00bb button_border_color__hover_enabled=\u00bboff\u00bb button_one_border_color__hover_enabled=\u00bboff\u00bb button_two_border_color__hover_enabled=\u00bboff\u00bb button_border_radius__hover_enabled=\u00bboff\u00bb button_one_border_radius__hover_enabled=\u00bboff\u00bb button_two_border_radius__hover_enabled=\u00bboff\u00bb button_letter_spacing__hover_enabled=\u00bboff\u00bb button_one_letter_spacing__hover_enabled=\u00bboff\u00bb button_two_letter_spacing__hover_enabled=\u00bboff\u00bb button_bg_color__hover_enabled=\u00bboff\u00bb button_one_bg_color__hover_enabled=\u00bboff\u00bb button_two_bg_color__hover_enabled=\u00bboff\u00bb border_width_all__hover_enabled=\u00bbon|hover\u00bb border_color_all__hover_enabled=\u00bboff|hover\u00bb border_color_all__hover=\u00bb#66afe9&#8243;][\/et_pb_contact_field][et_pb_contact_field field_id=\u00bbPhone\u00bb field_title=\u00bbPhone\u00bb _builder_version=\u00bb4.0.11&#8243; button_text_size__hover_enabled=\u00bboff\u00bb button_one_text_size__hover_enabled=\u00bboff\u00bb button_two_text_size__hover_enabled=\u00bboff\u00bb button_text_color__hover_enabled=\u00bboff\u00bb button_one_text_color__hover_enabled=\u00bboff\u00bb button_two_text_color__hover_enabled=\u00bboff\u00bb button_border_width__hover_enabled=\u00bboff\u00bb button_one_border_width__hover_enabled=\u00bboff\u00bb button_two_border_width__hover_enabled=\u00bboff\u00bb button_border_color__hover_enabled=\u00bboff\u00bb button_one_border_color__hover_enabled=\u00bboff\u00bb button_two_border_color__hover_enabled=\u00bboff\u00bb button_border_radius__hover_enabled=\u00bboff\u00bb button_one_border_radius__hover_enabled=\u00bboff\u00bb button_two_border_radius__hover_enabled=\u00bboff\u00bb button_letter_spacing__hover_enabled=\u00bboff\u00bb button_one_letter_spacing__hover_enabled=\u00bboff\u00bb button_two_letter_spacing__hover_enabled=\u00bboff\u00bb button_bg_color__hover_enabled=\u00bboff\u00bb button_one_bg_color__hover_enabled=\u00bboff\u00bb button_two_bg_color__hover_enabled=\u00bboff\u00bb][\/et_pb_contact_field][et_pb_contact_field field_id=\u00bbEmail\u00bb field_title=\u00bbEmail\u00bb field_type=\u00bbemail\u00bb fullwidth_field=\u00bbon\u00bb _builder_version=\u00bb4.0.11&#8243; button_text_size__hover_enabled=\u00bboff\u00bb button_one_text_size__hover_enabled=\u00bboff\u00bb button_two_text_size__hover_enabled=\u00bboff\u00bb button_text_color__hover_enabled=\u00bboff\u00bb button_one_text_color__hover_enabled=\u00bboff\u00bb button_two_text_color__hover_enabled=\u00bboff\u00bb button_border_width__hover_enabled=\u00bboff\u00bb button_one_border_width__hover_enabled=\u00bboff\u00bb button_two_border_width__hover_enabled=\u00bboff\u00bb button_border_color__hover_enabled=\u00bboff\u00bb button_one_border_color__hover_enabled=\u00bboff\u00bb button_two_border_color__hover_enabled=\u00bboff\u00bb button_border_radius__hover_enabled=\u00bboff\u00bb button_one_border_radius__hover_enabled=\u00bboff\u00bb button_two_border_radius__hover_enabled=\u00bboff\u00bb button_letter_spacing__hover_enabled=\u00bboff\u00bb button_one_letter_spacing__hover_enabled=\u00bboff\u00bb button_two_letter_spacing__hover_enabled=\u00bboff\u00bb button_bg_color__hover_enabled=\u00bboff\u00bb button_one_bg_color__hover_enabled=\u00bboff\u00bb button_two_bg_color__hover_enabled=\u00bboff\u00bb][\/et_pb_contact_field][et_pb_contact_field field_id=\u00bbMessage\u00bb field_title=\u00bbMessage\u00bb field_type=\u00bbtext\u00bb fullwidth_field=\u00bbon\u00bb _builder_version=\u00bb4.0.11&#8243; button_text_size__hover_enabled=\u00bboff\u00bb button_one_text_size__hover_enabled=\u00bboff\u00bb button_two_text_size__hover_enabled=\u00bboff\u00bb button_text_color__hover_enabled=\u00bboff\u00bb button_one_text_color__hover_enabled=\u00bboff\u00bb button_two_text_color__hover_enabled=\u00bboff\u00bb button_border_width__hover_enabled=\u00bboff\u00bb button_one_border_width__hover_enabled=\u00bboff\u00bb button_two_border_width__hover_enabled=\u00bboff\u00bb button_border_color__hover_enabled=\u00bboff\u00bb button_one_border_color__hover_enabled=\u00bboff\u00bb button_two_border_color__hover_enabled=\u00bboff\u00bb button_border_radius__hover_enabled=\u00bboff\u00bb button_one_border_radius__hover_enabled=\u00bboff\u00bb button_two_border_radius__hover_enabled=\u00bboff\u00bb button_letter_spacing__hover_enabled=\u00bboff\u00bb button_one_letter_spacing__hover_enabled=\u00bboff\u00bb button_two_letter_spacing__hover_enabled=\u00bboff\u00bb button_bg_color__hover_enabled=\u00bboff\u00bb button_one_bg_color__hover_enabled=\u00bboff\u00bb button_two_bg_color__hover_enabled=\u00bboff\u00bb][\/et_pb_contact_field][et_pb_contact_field field_id=\u00bbPrivacy\u00bb field_title=\u00bbPrivacy Policy\u00bb field_type=\u00bbcheckbox\u00bb checkbox_options=\u00bb%91{%22value%22:%22You consent, through the marking of this box, to the processing of your data for the purposes described in the %22,%22checked%22:0,%22dragID%22:-1,%22link_url%22:%22https:\/\/colchonesignifugos.com\/en\/legal-warning\/%22,%22link_text%22:%22legal warning%22}%93&#8243; fullwidth_field=\u00bbon\u00bb _builder_version=\u00bb4.0.11&#8243; form_field_font=\u00bb|300|||||||\u00bb form_field_font_size=\u00bb13px\u00bb][\/et_pb_contact_field][\/et_pb_contact_form][\/et_pb_column][\/et_pb_row][\/et_pb_section][et_pb_section bb_built=\u00bb1&#8243; custom_padding_last_edited=\u00bbon|desktop\u00bb _builder_version=\u00bb4.0.11&#8243; custom_padding=\u00bb10px||10px||false|false\u00bb custom_padding_tablet=\u00bb10px||10px||false|false\u00bb custom_padding_phone=\u00bb10px||10px||false|false\u00bb saved_tabs=\u00bball\u00bb prev_background_color=\u00bb#000000&#8243;][et_pb_row _builder_version=\u00bb4.0.11&#8243;][et_pb_column type=\u00bb4_4&#8243; _builder_version=\u00bb4.0.11&#8243;][et_pb_image src=\u00bbhttps:\/\/colchonesignifugos.com\/en\/wp-content\/uploads\/sites\/2\/2020\/01\/a0b80-pie-index.jpg\u00bb align=\u00bbcenter\u00bb _builder_version=\u00bb4.0.11&#8243; \/][\/et_pb_column][\/et_pb_row][\/et_pb_section]<\/p>\n","protected":false},"excerpt":{"rendered":"<p>You can contact Decoratel through the nearest office to your location with the data we show you on this page or fill out our contact form with your details and press \u00abSend\u00bb. Once we receive your request, one of our agents customer service department will contact you as soon as possible. Main Factory +34 912 [&hellip;]<\/p>\n","protected":false},"author":1,"featured_media":0,"parent":0,"menu_order":0,"comment_status":"closed","ping_status":"open","template":"","meta":{"_et_pb_use_builder":"on","_et_pb_old_content":"<!-- wp:paragraph -->\r\n<p>Esta es una p\u00e1gina de ejemplo. Es diferente a una entrada del blog porque permanecer\u00e1 en un solo lugar y aparecer\u00e1 en la navegaci\u00f3n de tu sitio (en la mayor\u00eda de los temas). La mayor\u00eda de las personas comienzan con una p\u00e1gina \u00abAcerca de\u00bb que les presenta a los visitantes potenciales del sitio. Podr\u00edas decir algo as\u00ed:<\/p>\r\n<!-- \/wp:paragraph -->\r\n\r\n<!-- wp:quote -->\r\n<blockquote class=\"wp-block-quote\"><p>\u00a1Bienvenido! Soy camarero de d\u00eda, aspirante a actor de noche y esta es mi web. Vivo en Mairena del Alcor, tengo un perro que se llama Firulais y me gusta el rebujito. (Y las tardes largas con caf\u00e9).<\/p><\/blockquote>\r\n<!-- \/wp:quote -->\r\n\r\n<!-- wp:paragraph -->\r\n<p>\u2026o algo as\u00ed:<\/p>\r\n<!-- \/wp:paragraph -->\r\n\r\n<!-- wp:quote -->\r\n<blockquote class=\"wp-block-quote\"><p>La empresa \u00abMariscos Recio\u00bb fue fundada por Antonio Recio Mata. Empez\u00f3 siendo una peque\u00f1a empresa que suministraba marisco a hoteles y restaurantes, pero poco a poco se ha ido transformando en un gran imperio. Mariscos Recio, el mar al mejor precio.<\/p><\/blockquote>\r\n<!-- \/wp:quote -->\r\n\r\n<!-- wp:paragraph -->\r\n<p>Como nuevo usuario de WordPress, deber\u00edas ir a <a href=\"https:\/\/colchonesignifugos.com\/en\/wp-admin\/\">tu escritorio<\/a> para borrar esta p\u00e1gina y crear nuevas p\u00e1ginas para tu contenido. \u00a1P\u00e1salo bien!<\/p>\r\n<!-- \/wp:paragraph -->","_et_gb_content_width":""},"yoast_head":"<!-- This site is optimized with the Yoast SEO plugin v19.4 - https:\/\/yoast.com\/wordpress\/plugins\/seo\/ -->\n<title>Contact Manufacturer of fireproof mattresses - Mattresses for hospitals<\/title>\n<meta name=\"description\" content=\"Contact the leader in the manufacture and sale of fireproof mattresses for hospitals, ships, nursing homes and prisons company.\" \/>\n<meta name=\"robots\" content=\"index, follow, max-snippet:-1, max-image-preview:large, max-video-preview:-1\" \/>\n<link rel=\"canonical\" href=\"https:\/\/colchonesignifugos.com\/en\/contact\/\" \/>\n<meta property=\"og:locale\" content=\"es_ES\" \/>\n<meta property=\"og:type\" content=\"article\" \/>\n<meta property=\"og:title\" content=\"Contact Manufacturer of fireproof mattresses - Mattresses for hospitals\" \/>\n<meta property=\"og:description\" content=\"Contact the leader in the manufacture and sale of fireproof mattresses for hospitals, ships, nursing homes and prisons company.\" \/>\n<meta property=\"og:url\" content=\"https:\/\/colchonesignifugos.com\/en\/contact\/\" \/>\n<meta property=\"og:site_name\" content=\"Fireproof mattresses\" \/>\n<meta property=\"article:modified_time\" content=\"2020-01-15T14:03:40+00:00\" \/>\n<meta property=\"og:image\" content=\"https:\/\/colchonesignifugos.com\/en\/wp-content\/uploads\/sites\/2\/2020\/01\/379be-skype_boton.png\" \/>\n<meta name=\"twitter:card\" content=\"summary_large_image\" \/>\n<meta name=\"twitter:label1\" content=\"Tiempo de lectura\" \/>\n\t<meta name=\"twitter:data1\" content=\"9 minutos\" \/>\n<script type=\"application\/ld+json\" class=\"yoast-schema-graph\">{\"@context\":\"https:\/\/schema.org\",\"@graph\":[{\"@type\":\"WebSite\",\"@id\":\"https:\/\/colchonesignifugos.com\/en\/#website\",\"url\":\"https:\/\/colchonesignifugos.com\/en\/\",\"name\":\"Fireproof mattresses\",\"description\":\"Manufacturer of fireproof mattresses\",\"potentialAction\":[{\"@type\":\"SearchAction\",\"target\":{\"@type\":\"EntryPoint\",\"urlTemplate\":\"https:\/\/colchonesignifugos.com\/en\/?s={search_term_string}\"},\"query-input\":\"required name=search_term_string\"}],\"inLanguage\":\"es\"},{\"@type\":\"WebPage\",\"@id\":\"https:\/\/colchonesignifugos.com\/en\/contact\/\",\"url\":\"https:\/\/colchonesignifugos.com\/en\/contact\/\",\"name\":\"Contact Manufacturer of fireproof mattresses - Mattresses for hospitals\",\"isPartOf\":{\"@id\":\"https:\/\/colchonesignifugos.com\/en\/#website\"},\"datePublished\":\"2020-01-10T12:38:53+00:00\",\"dateModified\":\"2020-01-15T14:03:40+00:00\",\"description\":\"Contact the leader in the manufacture and sale of fireproof mattresses for hospitals, ships, nursing homes and prisons company.\",\"breadcrumb\":{\"@id\":\"https:\/\/colchonesignifugos.com\/en\/contact\/#breadcrumb\"},\"inLanguage\":\"es\",\"potentialAction\":[{\"@type\":\"ReadAction\",\"target\":[\"https:\/\/colchonesignifugos.com\/en\/contact\/\"]}]},{\"@type\":\"BreadcrumbList\",\"@id\":\"https:\/\/colchonesignifugos.com\/en\/contact\/#breadcrumb\",\"itemListElement\":[{\"@type\":\"ListItem\",\"position\":1,\"name\":\"Portada\",\"item\":\"https:\/\/colchonesignifugos.com\/en\/\"},{\"@type\":\"ListItem\",\"position\":2,\"name\":\"Contact\"}]}]}<\/script>\n<!-- \/ Yoast SEO plugin. -->","yoast_head_json":{"title":"Contact Manufacturer of fireproof mattresses - Mattresses for hospitals","description":"Contact the leader in the manufacture and sale of fireproof mattresses for hospitals, ships, nursing homes and prisons company.","robots":{"index":"index","follow":"follow","max-snippet":"max-snippet:-1","max-image-preview":"max-image-preview:large","max-video-preview":"max-video-preview:-1"},"canonical":"https:\/\/colchonesignifugos.com\/en\/contact\/","og_locale":"es_ES","og_type":"article","og_title":"Contact Manufacturer of fireproof mattresses - Mattresses for hospitals","og_description":"Contact the leader in the manufacture and sale of fireproof mattresses for hospitals, ships, nursing homes and prisons company.","og_url":"https:\/\/colchonesignifugos.com\/en\/contact\/","og_site_name":"Fireproof mattresses","article_modified_time":"2020-01-15T14:03:40+00:00","og_image":[{"url":"https:\/\/colchonesignifugos.com\/en\/wp-content\/uploads\/sites\/2\/2020\/01\/379be-skype_boton.png"}],"twitter_card":"summary_large_image","twitter_misc":{"Tiempo de lectura":"9 minutos"},"schema":{"@context":"https:\/\/schema.org","@graph":[{"@type":"WebSite","@id":"https:\/\/colchonesignifugos.com\/en\/#website","url":"https:\/\/colchonesignifugos.com\/en\/","name":"Fireproof mattresses","description":"Manufacturer of fireproof mattresses","potentialAction":[{"@type":"SearchAction","target":{"@type":"EntryPoint","urlTemplate":"https:\/\/colchonesignifugos.com\/en\/?s={search_term_string}"},"query-input":"required name=search_term_string"}],"inLanguage":"es"},{"@type":"WebPage","@id":"https:\/\/colchonesignifugos.com\/en\/contact\/","url":"https:\/\/colchonesignifugos.com\/en\/contact\/","name":"Contact Manufacturer of fireproof mattresses - Mattresses for hospitals","isPartOf":{"@id":"https:\/\/colchonesignifugos.com\/en\/#website"},"datePublished":"2020-01-10T12:38:53+00:00","dateModified":"2020-01-15T14:03:40+00:00","description":"Contact the leader in the manufacture and sale of fireproof mattresses for hospitals, ships, nursing homes and prisons company.","breadcrumb":{"@id":"https:\/\/colchonesignifugos.com\/en\/contact\/#breadcrumb"},"inLanguage":"es","potentialAction":[{"@type":"ReadAction","target":["https:\/\/colchonesignifugos.com\/en\/contact\/"]}]},{"@type":"BreadcrumbList","@id":"https:\/\/colchonesignifugos.com\/en\/contact\/#breadcrumb","itemListElement":[{"@type":"ListItem","position":1,"name":"Portada","item":"https:\/\/colchonesignifugos.com\/en\/"},{"@type":"ListItem","position":2,"name":"Contact"}]}]}},"_links":{"self":[{"href":"https:\/\/colchonesignifugos.com\/en\/wp-json\/wp\/v2\/pages\/2"}],"collection":[{"href":"https:\/\/colchonesignifugos.com\/en\/wp-json\/wp\/v2\/pages"}],"about":[{"href":"https:\/\/colchonesignifugos.com\/en\/wp-json\/wp\/v2\/types\/page"}],"author":[{"embeddable":true,"href":"https:\/\/colchonesignifugos.com\/en\/wp-json\/wp\/v2\/users\/1"}],"replies":[{"embeddable":true,"href":"https:\/\/colchonesignifugos.com\/en\/wp-json\/wp\/v2\/comments?post=2"}],"version-history":[{"count":8,"href":"https:\/\/colchonesignifugos.com\/en\/wp-json\/wp\/v2\/pages\/2\/revisions"}],"predecessor-version":[{"id":481,"href":"https:\/\/colchonesignifugos.com\/en\/wp-json\/wp\/v2\/pages\/2\/revisions\/481"}],"wp:attachment":[{"href":"https:\/\/colchonesignifugos.com\/en\/wp-json\/wp\/v2\/media?parent=2"}],"curies":[{"name":"wp","href":"https:\/\/api.w.org\/{rel}","templated":true}]}}