{"id":26,"date":"2020-01-10T13:00:08","date_gmt":"2020-01-10T13:00:08","guid":{"rendered":"http:\/\/colchonesignifugos.com\/fr\/?page_id=26"},"modified":"2020-01-15T13:24:25","modified_gmt":"2020-01-15T13:24:25","slug":"compagnie","status":"publish","type":"page","link":"https:\/\/colchonesignifugos.com\/fr\/compagnie\/","title":{"rendered":"Compagnie"},"content":{"rendered":"<p>[et_pb_section fb_built=\u00bb1&#8243; _builder_version=\u00bb4.0.11&#8243; custom_padding=\u00bb0px||0px||false|false\u00bb saved_tabs=\u00bball\u00bb][et_pb_row _builder_version=\u00bb4.0.11&#8243; custom_padding=\u00bb0px||0px||false|false\u00bb][et_pb_column type=\u00bb4_4&#8243; _builder_version=\u00bb4.0.11&#8243;][et_pb_image src=\u00bbhttps:\/\/colchonesignifugos.com\/fr\/wp-content\/uploads\/sites\/3\/2020\/01\/9d1d5-cabecera-accueil.jpg\u00bb _builder_version=\u00bb4.1&#8243; hover_enabled=\u00bb0&#8243; align=\u00bbcenter\u00bb][\/et_pb_image][\/et_pb_column][\/et_pb_row][\/et_pb_section][et_pb_section fb_built=\u00bb1&#8243; custom_padding_last_edited=\u00bbon|desktop\u00bb _builder_version=\u00bb4.0.11&#8243; custom_padding=\u00bb10px||10px||true|false\u00bb custom_padding_tablet=\u00bb10px||10px||false|false\u00bb custom_padding_phone=\u00bb10px||10px||false|false\u00bb][et_pb_row _builder_version=\u00bb4.0.11&#8243;][et_pb_column type=\u00bb4_4&#8243; _builder_version=\u00bb4.0.11&#8243;][et_pb_text _builder_version=\u00bb4.0.11&#8243; header_2_font=\u00bb|600|||||||\u00bb header_2_font_size=\u00bb16px\u00bb header_2_line_height=\u00bb1.3em\u00bb]<\/p>\n<h2>Sp\u00e9cialistes dans la fabrication de matelas anti-feu, sommiers, draps de lit et rideaux pour les h\u00f4pitaux sp\u00e9ciaux, maisons de soins infirmiers, de port et les prisons.<\/h2>\n<p>[\/et_pb_text][\/et_pb_column][\/et_pb_row][et_pb_row column_structure=\u00bb1_2,1_2&#8243; _builder_version=\u00bb4.0.11&#8243;][et_pb_column type=\u00bb1_2&#8243; _builder_version=\u00bb4.0.11&#8243;][et_pb_text _builder_version=\u00bb4.0.11&#8243; header_2_font=\u00bb|600|||||||\u00bb header_2_font_size=\u00bb16px\u00bb text_orientation=\u00bbjustified\u00bb]<\/p>\n<p>Les sp\u00e9cialistes des h\u00f4pitaux, des cliniques et des maisons, des bateaux, des prisons et d&#8217;autres grands \u00e9tablissements publics et priv\u00e9s depuis 1974<\/p>\n<p>Decoratel est le leader des matelas fermes espagnoles et M1 textiles ignifuges pour les grandes installations. Se conformer \u00e0 toutes les r\u00e9glementations applicables textiles s\u00e9curit\u00e9 incendie pr\u00e9ventive.<\/p>\n<p>Matelas Certificats &#8211; Ignifuge Certificat &#8211; Certificat IMO<\/p>\n<p>[\/et_pb_text][\/et_pb_column][et_pb_column type=\u00bb1_2&#8243; _builder_version=\u00bb4.0.11&#8243;][et_pb_image src=\u00bbhttps:\/\/colchonesignifugos.com\/fr\/wp-content\/uploads\/sites\/3\/2020\/01\/bf1cc-envio-internacional.jpg\u00bb align=\u00bbcenter\u00bb _builder_version=\u00bb4.0.11&#8243;][\/et_pb_image][\/et_pb_column][\/et_pb_row][\/et_pb_section][et_pb_section fb_built=\u00bb1&#8243; custom_padding_last_edited=\u00bbon|desktop\u00bb _builder_version=\u00bb4.0.11&#8243; custom_padding=\u00bb10px||10px||false|false\u00bb custom_padding_tablet=\u00bb10px||10px||false|false\u00bb custom_padding_phone=\u00bb10px||10px||false|false\u00bb][et_pb_row _builder_version=\u00bb4.0.11&#8243;][et_pb_column type=\u00bb4_4&#8243; _builder_version=\u00bb4.0.11&#8243;][et_pb_image src=\u00bbhttps:\/\/colchonesignifugos.com\/fr\/wp-content\/uploads\/sites\/3\/2020\/01\/b4a54-decoratel-colchones.jpg\u00bb align=\u00bbcenter\u00bb _builder_version=\u00bb4.0.11&#8243;][\/et_pb_image][\/et_pb_column][\/et_pb_row][et_pb_row _builder_version=\u00bb4.0.11&#8243;][et_pb_column type=\u00bb4_4&#8243; _builder_version=\u00bb4.0.11&#8243;][et_pb_text _builder_version=\u00bb4.0.11&#8243; text_orientation=\u00bbjustified\u00bb]<\/p>\n<p>Nous avons une longue capacit\u00e9 de production de masse et de l&#8217;histoire, ce qui fait de notre entreprise un chef de file dans le secteur du textile dans notre pays.<\/p>\n<p>Nous avons les infrastructures, les ateliers et les entrep\u00f4ts situ\u00e9s sur tout le territoire national, qui nous permettent de d\u00e9velopper de grands projets dans un court laps de temps.<\/p>\n<p>Nos clients comptent parmi les entreprises, les organismes gouvernementaux et les institutions publiques les plus importantes dans notre pays.<\/p>\n<p>Nos textiles sont de qualit\u00e9 sup\u00e9rieure, toujours destin\u00e9s \u00e0 des installations publiques d&#8217;assemblage, certificats et toutes les exigences des diff\u00e9rentes r\u00e9glementations et statuts nationaux approuv\u00e9s par l&#8217;ENAC (National Accreditation), qui certifie l&#8217;ignifugation correcte des tissus utilis\u00e9s dans nos installations.<\/p>\n<p>[\/et_pb_text][\/et_pb_column][\/et_pb_row][\/et_pb_section][et_pb_section fb_built=\u00bb1&#8243; custom_padding_last_edited=\u00bbon|desktop\u00bb _builder_version=\u00bb4.0.11&#8243; custom_padding=\u00bb10px||10px||false|false\u00bb custom_padding_tablet=\u00bb10px||10px||false|false\u00bb custom_padding_phone=\u00bb10px||10px||false|false\u00bb saved_tabs=\u00bball\u00bb][et_pb_row _builder_version=\u00bb4.0.11&#8243;][et_pb_column type=\u00bb4_4&#8243; _builder_version=\u00bb4.0.11&#8243;][et_pb_image src=\u00bbhttps:\/\/colchonesignifugos.com\/fr\/wp-content\/uploads\/sites\/3\/2020\/01\/a0b80-pie-index.jpg\u00bb align=\u00bbcenter\u00bb _builder_version=\u00bb4.0.11&#8243;][\/et_pb_image][\/et_pb_column][\/et_pb_row][\/et_pb_section]<\/p>\n","protected":false},"excerpt":{"rendered":"<p>Sp\u00e9cialistes dans la fabrication de matelas anti-feu, sommiers, draps de lit et rideaux pour les h\u00f4pitaux sp\u00e9ciaux, maisons de soins infirmiers, de port et les prisons.Les sp\u00e9cialistes des h\u00f4pitaux, des cliniques et des maisons, des bateaux, des prisons et d&#8217;autres grands \u00e9tablissements publics et priv\u00e9s depuis 1974 Decoratel est le leader des matelas fermes espagnoles [&hellip;]<\/p>\n","protected":false},"author":1,"featured_media":0,"parent":0,"menu_order":0,"comment_status":"closed","ping_status":"closed","template":"","meta":{"_et_pb_use_builder":"on","_et_pb_old_content":"","_et_gb_content_width":""},"yoast_head":"<!-- This site is optimized with the Yoast SEO plugin v19.4 - https:\/\/yoast.com\/wordpress\/plugins\/seo\/ -->\n<title>Entreprise un fabricant de matelas ignifuges pour des h\u00f4pitaux | Decoratel<\/title>\n<meta name=\"description\" content=\"Nous fabriquons des matelas ignifuges pour des h\u00f4pitaux. Des matelas fabriqu\u00e9s avec un certificat ignifuge pour des h\u00f4pitaux, des r\u00e9sidences et des prisons et IMO pour des bateaux.\" \/>\n<meta name=\"robots\" content=\"index, follow, max-snippet:-1, max-image-preview:large, max-video-preview:-1\" \/>\n<link rel=\"canonical\" href=\"https:\/\/colchonesignifugos.com\/fr\/compagnie\/\" \/>\n<meta property=\"og:locale\" content=\"es_ES\" \/>\n<meta property=\"og:type\" content=\"article\" \/>\n<meta property=\"og:title\" content=\"Entreprise un fabricant de matelas ignifuges pour des h\u00f4pitaux | Decoratel\" \/>\n<meta property=\"og:description\" content=\"Nous fabriquons des matelas ignifuges pour des h\u00f4pitaux. Des matelas fabriqu\u00e9s avec un certificat ignifuge pour des h\u00f4pitaux, des r\u00e9sidences et des prisons et IMO pour des bateaux.\" \/>\n<meta property=\"og:url\" content=\"https:\/\/colchonesignifugos.com\/fr\/compagnie\/\" \/>\n<meta property=\"og:site_name\" content=\"Matelas ignifuges\" \/>\n<meta property=\"article:modified_time\" content=\"2020-01-15T13:24:25+00:00\" \/>\n<meta name=\"twitter:card\" content=\"summary_large_image\" \/>\n<meta name=\"twitter:label1\" content=\"Tiempo de lectura\" \/>\n\t<meta name=\"twitter:data1\" content=\"3 minutos\" \/>\n<script type=\"application\/ld+json\" class=\"yoast-schema-graph\">{\"@context\":\"https:\/\/schema.org\",\"@graph\":[{\"@type\":\"WebSite\",\"@id\":\"https:\/\/colchonesignifugos.com\/fr\/#website\",\"url\":\"https:\/\/colchonesignifugos.com\/fr\/\",\"name\":\"Matelas ignifuges\",\"description\":\"Fabricant de matelas ignifuges\",\"potentialAction\":[{\"@type\":\"SearchAction\",\"target\":{\"@type\":\"EntryPoint\",\"urlTemplate\":\"https:\/\/colchonesignifugos.com\/fr\/?s={search_term_string}\"},\"query-input\":\"required name=search_term_string\"}],\"inLanguage\":\"es\"},{\"@type\":\"WebPage\",\"@id\":\"https:\/\/colchonesignifugos.com\/fr\/compagnie\/\",\"url\":\"https:\/\/colchonesignifugos.com\/fr\/compagnie\/\",\"name\":\"Entreprise un fabricant de matelas ignifuges pour des h\u00f4pitaux | Decoratel\",\"isPartOf\":{\"@id\":\"https:\/\/colchonesignifugos.com\/fr\/#website\"},\"datePublished\":\"2020-01-10T13:00:08+00:00\",\"dateModified\":\"2020-01-15T13:24:25+00:00\",\"description\":\"Nous fabriquons des matelas ignifuges pour des h\u00f4pitaux. Des matelas fabriqu\u00e9s avec un certificat ignifuge pour des h\u00f4pitaux, des r\u00e9sidences et des prisons et IMO pour des bateaux.\",\"breadcrumb\":{\"@id\":\"https:\/\/colchonesignifugos.com\/fr\/compagnie\/#breadcrumb\"},\"inLanguage\":\"es\",\"potentialAction\":[{\"@type\":\"ReadAction\",\"target\":[\"https:\/\/colchonesignifugos.com\/fr\/compagnie\/\"]}]},{\"@type\":\"BreadcrumbList\",\"@id\":\"https:\/\/colchonesignifugos.com\/fr\/compagnie\/#breadcrumb\",\"itemListElement\":[{\"@type\":\"ListItem\",\"position\":1,\"name\":\"Portada\",\"item\":\"https:\/\/colchonesignifugos.com\/fr\/\"},{\"@type\":\"ListItem\",\"position\":2,\"name\":\"Compagnie\"}]}]}<\/script>\n<!-- \/ Yoast SEO plugin. -->","yoast_head_json":{"title":"Entreprise un fabricant de matelas ignifuges pour des h\u00f4pitaux | Decoratel","description":"Nous fabriquons des matelas ignifuges pour des h\u00f4pitaux. Des matelas fabriqu\u00e9s avec un certificat ignifuge pour des h\u00f4pitaux, des r\u00e9sidences et des prisons et IMO pour des bateaux.","robots":{"index":"index","follow":"follow","max-snippet":"max-snippet:-1","max-image-preview":"max-image-preview:large","max-video-preview":"max-video-preview:-1"},"canonical":"https:\/\/colchonesignifugos.com\/fr\/compagnie\/","og_locale":"es_ES","og_type":"article","og_title":"Entreprise un fabricant de matelas ignifuges pour des h\u00f4pitaux | Decoratel","og_description":"Nous fabriquons des matelas ignifuges pour des h\u00f4pitaux. Des matelas fabriqu\u00e9s avec un certificat ignifuge pour des h\u00f4pitaux, des r\u00e9sidences et des prisons et IMO pour des bateaux.","og_url":"https:\/\/colchonesignifugos.com\/fr\/compagnie\/","og_site_name":"Matelas ignifuges","article_modified_time":"2020-01-15T13:24:25+00:00","twitter_card":"summary_large_image","twitter_misc":{"Tiempo de lectura":"3 minutos"},"schema":{"@context":"https:\/\/schema.org","@graph":[{"@type":"WebSite","@id":"https:\/\/colchonesignifugos.com\/fr\/#website","url":"https:\/\/colchonesignifugos.com\/fr\/","name":"Matelas ignifuges","description":"Fabricant de matelas ignifuges","potentialAction":[{"@type":"SearchAction","target":{"@type":"EntryPoint","urlTemplate":"https:\/\/colchonesignifugos.com\/fr\/?s={search_term_string}"},"query-input":"required name=search_term_string"}],"inLanguage":"es"},{"@type":"WebPage","@id":"https:\/\/colchonesignifugos.com\/fr\/compagnie\/","url":"https:\/\/colchonesignifugos.com\/fr\/compagnie\/","name":"Entreprise un fabricant de matelas ignifuges pour des h\u00f4pitaux | Decoratel","isPartOf":{"@id":"https:\/\/colchonesignifugos.com\/fr\/#website"},"datePublished":"2020-01-10T13:00:08+00:00","dateModified":"2020-01-15T13:24:25+00:00","description":"Nous fabriquons des matelas ignifuges pour des h\u00f4pitaux. Des matelas fabriqu\u00e9s avec un certificat ignifuge pour des h\u00f4pitaux, des r\u00e9sidences et des prisons et IMO pour des bateaux.","breadcrumb":{"@id":"https:\/\/colchonesignifugos.com\/fr\/compagnie\/#breadcrumb"},"inLanguage":"es","potentialAction":[{"@type":"ReadAction","target":["https:\/\/colchonesignifugos.com\/fr\/compagnie\/"]}]},{"@type":"BreadcrumbList","@id":"https:\/\/colchonesignifugos.com\/fr\/compagnie\/#breadcrumb","itemListElement":[{"@type":"ListItem","position":1,"name":"Portada","item":"https:\/\/colchonesignifugos.com\/fr\/"},{"@type":"ListItem","position":2,"name":"Compagnie"}]}]}},"_links":{"self":[{"href":"https:\/\/colchonesignifugos.com\/fr\/wp-json\/wp\/v2\/pages\/26"}],"collection":[{"href":"https:\/\/colchonesignifugos.com\/fr\/wp-json\/wp\/v2\/pages"}],"about":[{"href":"https:\/\/colchonesignifugos.com\/fr\/wp-json\/wp\/v2\/types\/page"}],"author":[{"embeddable":true,"href":"https:\/\/colchonesignifugos.com\/fr\/wp-json\/wp\/v2\/users\/1"}],"replies":[{"embeddable":true,"href":"https:\/\/colchonesignifugos.com\/fr\/wp-json\/wp\/v2\/comments?post=26"}],"version-history":[{"count":4,"href":"https:\/\/colchonesignifugos.com\/fr\/wp-json\/wp\/v2\/pages\/26\/revisions"}],"predecessor-version":[{"id":390,"href":"https:\/\/colchonesignifugos.com\/fr\/wp-json\/wp\/v2\/pages\/26\/revisions\/390"}],"wp:attachment":[{"href":"https:\/\/colchonesignifugos.com\/fr\/wp-json\/wp\/v2\/media?parent=26"}],"curies":[{"name":"wp","href":"https:\/\/api.w.org\/{rel}","templated":true}]}}