{"id":268,"date":"2020-01-13T10:14:00","date_gmt":"2020-01-13T10:14:00","guid":{"rendered":"http:\/\/colchonesignifugos.com\/fr\/?page_id=268"},"modified":"2020-01-15T13:55:39","modified_gmt":"2020-01-15T13:55:39","slug":"rideaux-secteur-bateaux","status":"publish","type":"page","link":"https:\/\/colchonesignifugos.com\/fr\/rideaux-secteur-bateaux\/","title":{"rendered":"Rideaux pour bateaux"},"content":{"rendered":"<p>[et_pb_section fb_built=\u00bb1&#8243; custom_padding_last_edited=\u00bbon|desktop\u00bb _builder_version=\u00bb4.0.11&#8243; custom_padding=\u00bb0px||0px||false|false\u00bb custom_padding_tablet=\u00bb10px||10px||false|false\u00bb custom_padding_phone=\u00bb10px||10px||false|false\u00bb][et_pb_row _builder_version=\u00bb4.0.11&#8243; custom_padding=\u00bb0px||0px||false|false\u00bb][et_pb_column type=\u00bb4_4&#8243; _builder_version=\u00bb4.0.11&#8243;][et_pb_image src=\u00bbhttps:\/\/colchonesignifugos.com\/fr\/wp-content\/uploads\/sites\/3\/2020\/01\/rideaux-bateaux.jpg\u00bb align=\u00bbcenter\u00bb _builder_version=\u00bb4.0.11&#8243;][\/et_pb_image][\/et_pb_column][\/et_pb_row][\/et_pb_section][et_pb_section fb_built=\u00bb1&#8243; custom_padding_last_edited=\u00bbon|desktop\u00bb _builder_version=\u00bb4.0.11&#8243; custom_padding=\u00bb10px||10px||true|false\u00bb custom_padding_tablet=\u00bb10px||10px||false|false\u00bb custom_padding_phone=\u00bb10px||10px||false|false\u00bb][et_pb_row _builder_version=\u00bb4.0.11&#8243;][et_pb_column type=\u00bb4_4&#8243; _builder_version=\u00bb4.0.11&#8243;][et_pb_text _builder_version=\u00bb4.0.11&#8243; text_text_color=\u00bb#008080&#8243; header_2_font=\u00bb|600|||||||\u00bb header_2_font_size=\u00bb16px\u00bb header_2_line_height=\u00bb1.3em\u00bb]Le principal fabricant en Espagne dans la production et la distribution de <strong>rideaux pour bateaux<\/strong>.[\/et_pb_text][\/et_pb_column][\/et_pb_row][et_pb_row column_structure=\u00bb1_2,1_2&#8243; _builder_version=\u00bb4.0.11&#8243;][et_pb_column type=\u00bb1_2&#8243; _builder_version=\u00bb4.0.11&#8243;][et_pb_text _builder_version=\u00bb4.0.11&#8243; header_2_font=\u00bb|600|||||||\u00bb header_2_font_size=\u00bb16px\u00bb text_orientation=\u00bbjustified\u00bb]<strong>Rideaux avec certificat IMO pour navires et bateaux<\/strong><\/p>\n<p>Usine de tentures pour bateaux<\/p>\n<p>Rideaux avec certificat de conformit\u00e9 aux r\u00e9glementations internationales de navigation<\/p>\n<p>Decoratel fabrique et distribue des rideaux Curtatex pour tous les types de navires marins[\/et_pb_text][\/et_pb_column][et_pb_column type=\u00bb1_2&#8243; _builder_version=\u00bb4.0.11&#8243;][et_pb_image src=\u00bbhttps:\/\/colchonesignifugos.com\/fr\/wp-content\/uploads\/sites\/3\/2020\/01\/bf1cc-envio-internacional.jpg\u00bb align=\u00bbcenter\u00bb _builder_version=\u00bb4.0.11&#8243;][\/et_pb_image][\/et_pb_column][\/et_pb_row][\/et_pb_section][et_pb_section fb_built=\u00bb1&#8243; custom_padding_last_edited=\u00bbon|desktop\u00bb _builder_version=\u00bb4.0.11&#8243; custom_padding=\u00bb10px||10px||false|false\u00bb custom_padding_tablet=\u00bb10px||10px||false|false\u00bb custom_padding_phone=\u00bb10px||10px||false|false\u00bb][et_pb_row column_structure=\u00bb1_5,1_5,1_5,1_5,1_5&#8243; _builder_version=\u00bb4.0.11&#8243; max_width=\u00bb1200px\u00bb][et_pb_column type=\u00bb1_5&#8243; _builder_version=\u00bb4.0.11&#8243;][et_pb_button button_url=\u00bbhttps:\/\/colchonesignifugos.com\/fr\/matelas-hopital\/\u00bb button_text=\u00bbH\u00f4pital\u00bb button_alignment=\u00bbcenter\u00bb _builder_version=\u00bb4.0.11&#8243; custom_button=\u00bbon\u00bb button_bg_use_color_gradient=\u00bbon\u00bb button_bg_color_gradient_start=\u00bb#f6fcfd\u00bb button_bg_color_gradient_end=\u00bb#60777c\u00bb button_border_width=\u00bb1px\u00bb button_border_color=\u00bb#60777c\u00bb button_border_radius=\u00bb0px\u00bb button_font=\u00bb|600|||||||\u00bb button_use_icon=\u00bboff\u00bb background_layout=\u00bbdark\u00bb custom_css_main_element=\u00bbmin-width: 100%\u00bb button_bg_color__hover_enabled=\u00bbon|hover\u00bb button_bg_color__hover=\u00bb#006868&#8243; button_bg_enable_color__hover=\u00bbon\u00bb][\/et_pb_button][\/et_pb_column][et_pb_column type=\u00bb1_5&#8243; _builder_version=\u00bb4.0.11&#8243;][et_pb_button button_url=\u00bbhttps:\/\/colchonesignifugos.com\/fr\/matelas-residences\/\u00bb button_text=\u00bbR\u00e9sidences\u00bb button_alignment=\u00bbcenter\u00bb _builder_version=\u00bb4.0.11&#8243; custom_button=\u00bbon\u00bb button_bg_use_color_gradient=\u00bbon\u00bb button_bg_color_gradient_start=\u00bb#f6fcfd\u00bb button_bg_color_gradient_end=\u00bb#60777c\u00bb button_border_width=\u00bb1px\u00bb button_border_color=\u00bb#60777c\u00bb button_border_radius=\u00bb0px\u00bb button_font=\u00bb|600|||||||\u00bb button_use_icon=\u00bboff\u00bb background_layout=\u00bbdark\u00bb custom_css_main_element=\u00bbmin-width: 100%\u00bb button_bg_color__hover_enabled=\u00bbon|hover\u00bb button_bg_color__hover=\u00bb#006868&#8243; button_bg_enable_color__hover=\u00bbon\u00bb][\/et_pb_button][\/et_pb_column][et_pb_column type=\u00bb1_5&#8243; _builder_version=\u00bb4.0.11&#8243;][et_pb_button button_url=\u00bbhttps:\/\/colchonesignifugos.com\/fr\/matelas-navires\/\u00bb button_text=\u00bbNavires\u00bb button_alignment=\u00bbcenter\u00bb _builder_version=\u00bb4.0.11&#8243; custom_button=\u00bbon\u00bb button_bg_color=\u00bb#008080&#8243; button_border_width=\u00bb1px\u00bb button_border_color=\u00bb#000000&#8243; button_border_radius=\u00bb0px\u00bb button_font=\u00bb|600|||||||\u00bb button_use_icon=\u00bboff\u00bb background_layout=\u00bbdark\u00bb custom_css_main_element=\u00bbmin-width: 100%\u00bb button_bg_color__hover_enabled=\u00bbon|hover\u00bb button_bg_color__hover=\u00bb#006868&#8243; button_bg_enable_color__hover=\u00bbon\u00bb][\/et_pb_button][\/et_pb_column][et_pb_column type=\u00bb1_5&#8243; _builder_version=\u00bb4.0.11&#8243;][et_pb_button button_url=\u00bbhttps:\/\/colchonesignifugos.com\/fr\/matelas-prison\/\u00bb button_text=\u00bbPrisons\u00bb button_alignment=\u00bbcenter\u00bb _builder_version=\u00bb4.0.11&#8243; custom_button=\u00bbon\u00bb button_bg_use_color_gradient=\u00bbon\u00bb button_bg_color_gradient_start=\u00bb#f6fcfd\u00bb button_bg_color_gradient_end=\u00bb#60777c\u00bb button_border_width=\u00bb1px\u00bb button_border_color=\u00bb#60777c\u00bb button_border_radius=\u00bb0px\u00bb button_font=\u00bb|600|||||||\u00bb button_use_icon=\u00bboff\u00bb background_layout=\u00bbdark\u00bb custom_css_main_element=\u00bbmin-width: 100%\u00bb button_bg_color__hover_enabled=\u00bbon|hover\u00bb button_bg_color__hover=\u00bb#006868&#8243; button_bg_enable_color__hover=\u00bbon\u00bb][\/et_pb_button][\/et_pb_column][et_pb_column type=\u00bb1_5&#8243; _builder_version=\u00bb4.0.11&#8243;][et_pb_button button_url=\u00bbhttps:\/\/colchonesignifugos.com\/fr\/matelas-autres\/\u00bb button_text=\u00bbAutres\u00bb button_alignment=\u00bbcenter\u00bb _builder_version=\u00bb4.0.11&#8243; custom_button=\u00bbon\u00bb button_bg_use_color_gradient=\u00bbon\u00bb button_bg_color_gradient_start=\u00bb#f6fcfd\u00bb button_bg_color_gradient_end=\u00bb#60777c\u00bb button_border_width=\u00bb1px\u00bb button_border_color=\u00bb#60777c\u00bb button_border_radius=\u00bb0px\u00bb button_font=\u00bb|600|||||||\u00bb button_use_icon=\u00bboff\u00bb background_layout=\u00bbdark\u00bb custom_css_main_element=\u00bbmin-width: 100%\u00bb button_bg_color__hover_enabled=\u00bbon|hover\u00bb button_bg_color__hover=\u00bb#006868&#8243; button_bg_enable_color__hover=\u00bbon\u00bb][\/et_pb_button][\/et_pb_column][\/et_pb_row][\/et_pb_section][et_pb_section fb_built=\u00bb1&#8243; custom_padding_last_edited=\u00bbon|desktop\u00bb _builder_version=\u00bb4.0.11&#8243; custom_padding=\u00bb||10px||false|false\u00bb custom_padding_tablet=\u00bb10px||10px||false|false\u00bb custom_padding_phone=\u00bb10px||10px||false|false\u00bb][et_pb_row column_structure=\u00bb1_2,1_2&#8243; _builder_version=\u00bb4.0.11&#8243;][et_pb_column type=\u00bb1_2&#8243; _builder_version=\u00bb4.0.11&#8243;][et_pb_image src=\u00bbhttps:\/\/colchonesignifugos.com\/fr\/wp-content\/uploads\/sites\/3\/2020\/01\/d2c0a-cortina-barco-izqda.jpg\u00bb align=\u00bbcenter\u00bb _builder_version=\u00bb4.0.11&#8243;][\/et_pb_image][\/et_pb_column][et_pb_column type=\u00bb1_2&#8243; _builder_version=\u00bb4.0.11&#8243;][et_pb_text _builder_version=\u00bb4.0.11&#8243; header_2_font=\u00bb|600|||||||\u00bb header_2_font_size=\u00bb16px\u00bb text_orientation=\u00bbjustified\u00bb]Decoratel est une entreprise en constante \u00e9volution qui \u00e9tudie les besoins de ses clients actuels et d&#8217;autres clients potentiels, pour offrir des solutions de qualit\u00e9 \u00e0 un bon prix. Le r\u00e9sultat de cette recherche a d\u00e9velopp\u00e9 une gamme de produits pour les navires de la marine marchande, un secteur avec ses propres caract\u00e9ristiques et r\u00e9glementations.<\/p>\n<p>Pour cela, nous fabriquons des rideaux s\u00e9parant les lits superpos\u00e9s et les lits, ainsi que pour couvrir les fen\u00eatres des cabines et faciliter le repos. Les rideaux Curtatex pour le secteur naval sont fabriqu\u00e9s avec un tissu opaque, pour une plus grande intimit\u00e9 et une isolation l\u00e9g\u00e8re. En plus d&#8217;\u00eatre un tissu opaque (95%), il respecte scrupuleusement la norme IMO sur l&#8217;ignifugation, tout en \u00e9tant des tissus class\u00e9s antibact\u00e9riens.<\/p>\n<p>Tout le meilleur pour le repos et la sant\u00e9 des travailleurs de la mer. Notre service d&#8217;attention au secteur naval sera enchant\u00e9 de vous aider.<\/p>\n<p>UNE norme espagnole de garantie et de conformit\u00e9 dans les certificats officiels. Norme UNE-EN, UNE avec norme europ\u00e9enne (EN, Norme europ\u00e9enne). Norme UNE-EN-ISO, UNE-EN avec norme internationale (ISO, Organisation internationale de normalisation). OMI: Organisation maritime internationale (OMI en espagnol). SOLAS: Safety of Life at Sea, MED: Marine Equipment Directive (Europe), USCG: United States Coast Guard (USA).[\/et_pb_text][\/et_pb_column][\/et_pb_row][\/et_pb_section][et_pb_section fb_built=\u00bb1&#8243; custom_padding_last_edited=\u00bbon|desktop\u00bb _builder_version=\u00bb4.0.11&#8243; custom_padding=\u00bb||10px||false|false\u00bb custom_padding_tablet=\u00bb10px||10px||false|false\u00bb custom_padding_phone=\u00bb10px||10px||false|false\u00bb][et_pb_row column_structure=\u00bb1_2,1_2&#8243; _builder_version=\u00bb4.0.11&#8243;][et_pb_column type=\u00bb1_2&#8243; _builder_version=\u00bb4.0.11&#8243;][et_pb_image src=\u00bbhttps:\/\/colchonesignifugos.com\/fr\/wp-content\/uploads\/sites\/3\/2020\/01\/acc4d-cortina-banos-duchas-vretho.jpg\u00bb align=\u00bbcenter\u00bb _builder_version=\u00bb4.0.11&#8243;][\/et_pb_image][\/et_pb_column][et_pb_column type=\u00bb1_2&#8243; _builder_version=\u00bb4.0.11&#8243;][et_pb_text _builder_version=\u00bb4.0.11&#8243; header_2_font=\u00bb|600|||||||\u00bb header_2_font_size=\u00bb16px\u00bb text_orientation=\u00bbjustified\u00bb]Rideaux de bain pour bateaux.<\/p>\n<p>Rideaux de douche pour bateaux avec joint de barre certifi\u00e9 IMO. Les rideaux de douche pour bateaux sont certifi\u00e9s selon les normes SOLAS et MED et sont ignifuges.<\/p>\n<p>Ils sont fabriqu\u00e9s dans une mesure standard de 180&#215;200 cm de hauteur et nous pouvons \u00e9galement les fabriquer sur mesure pour chaque mesure de salle de bain ou de douche.<\/p>\n<p>Disponible en plusieurs couleurs unies. Ils comprennent des anneaux en PVC, qui permettent un placement en quelques secondes seulement. Demander catalogue et nuancier sans engagement.[\/et_pb_text][et_pb_button button_url=\u00bbhttp:\/\/www.cortinasdehoteles.com\/cortinas-ignifugas-bano-ducha\u00bb url_new_window=\u00bbon\u00bb button_text=\u00bbVoir catalogue\u00bb button_alignment=\u00bbcenter\u00bb _builder_version=\u00bb4.0.11&#8243; custom_button=\u00bbon\u00bb button_bg_color=\u00bb#008080&#8243; button_border_width=\u00bb1px\u00bb button_border_color=\u00bb#000000&#8243; button_border_radius=\u00bb0px\u00bb button_font=\u00bb|600|||||||\u00bb button_use_icon=\u00bboff\u00bb background_layout=\u00bbdark\u00bb custom_css_main_element=\u00bbmin-width: 50%\u00bb button_bg_color__hover_enabled=\u00bbon|hover\u00bb button_bg_color__hover=\u00bb#006868&#8243; button_bg_enable_color__hover=\u00bbon\u00bb][\/et_pb_button][\/et_pb_column][\/et_pb_row][\/et_pb_section][et_pb_section fb_built=\u00bb1&#8243; custom_padding_last_edited=\u00bbon|desktop\u00bb _builder_version=\u00bb4.0.11&#8243; custom_padding=\u00bb30px||10px||false|false\u00bb custom_padding_tablet=\u00bb10px||10px||false|false\u00bb custom_padding_phone=\u00bb10px||10px||false|false\u00bb][et_pb_row column_structure=\u00bb1_4,1_4,1_4,1_4&#8243; _builder_version=\u00bb4.0.11&#8243; max_width=\u00bb1200px\u00bb][et_pb_column type=\u00bb1_4&#8243; _builder_version=\u00bb4.0.11&#8243;][et_pb_image src=\u00bbhttps:\/\/colchonesignifugos.com\/fr\/wp-content\/uploads\/sites\/3\/2020\/01\/1fe5a-sector-barcos-colchon.jpg\u00bb align=\u00bbcenter\u00bb module_class=\u00bbno-select\u00bb _builder_version=\u00bb4.0.11&#8243;][\/et_pb_image][et_pb_button button_url=\u00bbhttps:\/\/colchonesignifugos.com\/fr\/matelas-secteur-bateaux\/\u00bb button_text=\u00bbMatelas\u00bb button_alignment=\u00bbcenter\u00bb _builder_version=\u00bb4.0.11&#8243; custom_button=\u00bbon\u00bb button_bg_use_color_gradient=\u00bbon\u00bb button_bg_color_gradient_start=\u00bb#f6fcfd\u00bb button_bg_color_gradient_end=\u00bb#60777c\u00bb button_border_width=\u00bb1px\u00bb button_border_color=\u00bb#60777c\u00bb button_border_radius=\u00bb0px\u00bb button_font=\u00bb|600|||||||\u00bb button_use_icon=\u00bboff\u00bb background_layout=\u00bbdark\u00bb custom_css_main_element=\u00bbmin-width: 100%\u00bb button_bg_color__hover_enabled=\u00bbon|hover\u00bb button_bg_color__hover=\u00bb#006868&#8243; button_bg_enable_color__hover=\u00bbon\u00bb][\/et_pb_button][\/et_pb_column][et_pb_column type=\u00bb1_4&#8243; _builder_version=\u00bb4.0.11&#8243;][et_pb_image src=\u00bbhttps:\/\/colchonesignifugos.com\/fr\/wp-content\/uploads\/sites\/3\/2020\/01\/9182c-sector-barcos-somier.jpg\u00bb align=\u00bbcenter\u00bb module_class=\u00bbno-select\u00bb _builder_version=\u00bb4.0.11&#8243;][\/et_pb_image][et_pb_button button_url=\u00bbhttps:\/\/colchonesignifugos.com\/fr\/sommiers-secteur-bateaux\/\u00bb button_text=\u00bbSommiers\u00bb button_alignment=\u00bbcenter\u00bb _builder_version=\u00bb4.0.11&#8243; custom_button=\u00bbon\u00bb button_bg_use_color_gradient=\u00bbon\u00bb button_bg_color_gradient_start=\u00bb#f6fcfd\u00bb button_bg_color_gradient_end=\u00bb#60777c\u00bb button_border_width=\u00bb1px\u00bb button_border_color=\u00bb#60777c\u00bb button_border_radius=\u00bb0px\u00bb button_font=\u00bb|600|||||||\u00bb button_use_icon=\u00bboff\u00bb background_layout=\u00bbdark\u00bb custom_css_main_element=\u00bbmin-width: 100%\u00bb button_bg_color__hover_enabled=\u00bbon|hover\u00bb button_bg_color__hover=\u00bb#006868&#8243; button_bg_enable_color__hover=\u00bbon\u00bb][\/et_pb_button][\/et_pb_column][et_pb_column type=\u00bb1_4&#8243; _builder_version=\u00bb4.0.11&#8243;][et_pb_image src=\u00bbhttps:\/\/colchonesignifugos.com\/fr\/wp-content\/uploads\/sites\/3\/2020\/01\/48722-sector-barcos-sabanas.jpg\u00bb align=\u00bbcenter\u00bb module_class=\u00bbno-select\u00bb _builder_version=\u00bb4.0.11&#8243;][\/et_pb_image][et_pb_button button_url=\u00bbhttps:\/\/colchonesignifugos.com\/fr\/draps-secteur-bateaux\/\u00bb button_text=\u00bbDraps\u00bb button_alignment=\u00bbcenter\u00bb _builder_version=\u00bb4.0.11&#8243; custom_button=\u00bbon\u00bb button_bg_use_color_gradient=\u00bbon\u00bb button_bg_color_gradient_start=\u00bb#f6fcfd\u00bb button_bg_color_gradient_end=\u00bb#60777c\u00bb button_border_width=\u00bb1px\u00bb button_border_color=\u00bb#60777c\u00bb button_border_radius=\u00bb0px\u00bb button_font=\u00bb|600|||||||\u00bb button_use_icon=\u00bboff\u00bb background_layout=\u00bbdark\u00bb custom_css_main_element=\u00bbmin-width: 100%\u00bb button_bg_color__hover_enabled=\u00bbon|hover\u00bb button_bg_color__hover=\u00bb#006868&#8243; button_bg_enable_color__hover=\u00bbon\u00bb][\/et_pb_button][\/et_pb_column][et_pb_column type=\u00bb1_4&#8243; _builder_version=\u00bb4.0.11&#8243;][et_pb_image src=\u00bbhttps:\/\/colchonesignifugos.com\/fr\/wp-content\/uploads\/sites\/3\/2020\/01\/cf15f-sector-barcos-cortinas.jpg\u00bb align=\u00bbcenter\u00bb _builder_version=\u00bb4.0.11&#8243;][\/et_pb_image][et_pb_button button_url=\u00bbhttps:\/\/colchonesignifugos.com\/fr\/rideaux-secteur-bateaux\/\u00bb button_text=\u00bbRideaux\u00bb button_alignment=\u00bbcenter\u00bb _builder_version=\u00bb4.0.11&#8243; custom_button=\u00bbon\u00bb button_bg_color=\u00bb#008080&#8243; button_border_width=\u00bb1px\u00bb button_border_color=\u00bb#000000&#8243; button_border_radius=\u00bb0px\u00bb button_font=\u00bb|600|||||||\u00bb button_use_icon=\u00bboff\u00bb background_layout=\u00bbdark\u00bb custom_css_main_element=\u00bbmin-width: 100%\u00bb button_bg_color__hover_enabled=\u00bbon|hover\u00bb button_bg_color__hover=\u00bb#006868&#8243; button_bg_enable_color__hover=\u00bbon\u00bb][\/et_pb_button][\/et_pb_column][\/et_pb_row][\/et_pb_section][et_pb_section fb_built=\u00bb1&#8243; custom_padding_last_edited=\u00bbon|desktop\u00bb _builder_version=\u00bb4.0.11&#8243; custom_padding=\u00bb10px||10px||false|false\u00bb custom_padding_tablet=\u00bb10px||10px||false|false\u00bb custom_padding_phone=\u00bb10px||10px||false|false\u00bb][et_pb_row _builder_version=\u00bb4.0.11&#8243;][et_pb_column type=\u00bb4_4&#8243; _builder_version=\u00bb4.0.11&#8243;][et_pb_text _builder_version=\u00bb4.0.11&#8243; text_text_color=\u00bb#008080&#8243; text_orientation=\u00bbcenter\u00bb hover_enabled=\u00bb0&#8243;]Choisissez le produit pour les bateaux sur lesquels vous souhaitez plus d&#8217;informations.[\/et_pb_text][\/et_pb_column][\/et_pb_row][et_pb_row _builder_version=\u00bb4.0.11&#8243;][et_pb_column type=\u00bb4_4&#8243; _builder_version=\u00bb4.0.11&#8243;][et_pb_image src=\u00bbhttps:\/\/colchonesignifugos.com\/fr\/wp-content\/uploads\/sites\/3\/2020\/01\/263e6-caracteristicas-colchones-h.jpg\u00bb align=\u00bbcenter\u00bb _builder_version=\u00bb4.0.11&#8243;][\/et_pb_image][\/et_pb_column][\/et_pb_row][\/et_pb_section][et_pb_section fb_built=\u00bb1&#8243; custom_padding_last_edited=\u00bbon|desktop\u00bb _builder_version=\u00bb4.0.11&#8243; custom_padding=\u00bb10px||10px||false|false\u00bb custom_padding_tablet=\u00bb10px||10px||false|false\u00bb custom_padding_phone=\u00bb10px||10px||false|false\u00bb saved_tabs=\u00bball\u00bb][et_pb_row _builder_version=\u00bb4.0.11&#8243;][et_pb_column type=\u00bb4_4&#8243; _builder_version=\u00bb4.0.11&#8243;][et_pb_image src=\u00bbhttps:\/\/colchonesignifugos.com\/fr\/wp-content\/uploads\/sites\/3\/2020\/01\/a0b80-pie-index.jpg\u00bb align=\u00bbcenter\u00bb _builder_version=\u00bb4.0.11&#8243;][\/et_pb_image][\/et_pb_column][\/et_pb_row][\/et_pb_section]<\/p>\n","protected":false},"excerpt":{"rendered":"<p>Le principal fabricant en Espagne dans la production et la distribution de rideaux pour bateaux.Rideaux avec certificat IMO pour navires et bateaux Usine de tentures pour bateaux Rideaux avec certificat de conformit\u00e9 aux r\u00e9glementations internationales de navigation Decoratel fabrique et distribue des rideaux Curtatex pour tous les types de navires marinsDecoratel est une entreprise en [&hellip;]<\/p>\n","protected":false},"author":1,"featured_media":0,"parent":0,"menu_order":0,"comment_status":"closed","ping_status":"closed","template":"","meta":{"_et_pb_use_builder":"on","_et_pb_old_content":"","_et_gb_content_width":""},"yoast_head":"<!-- This site is optimized with the Yoast SEO plugin v19.4 - https:\/\/yoast.com\/wordpress\/plugins\/seo\/ -->\n<title>Rideaux avec certificat IMO pour navires et bateaux | Decoratel<\/title>\n<meta name=\"description\" content=\"Rideaux avec certificat IMO pour navires et bateaux. Rideaux avec certificat de conformit\u00e9 aux r\u00e9glementations internationales de navigation.\" \/>\n<meta name=\"robots\" content=\"index, follow, max-snippet:-1, max-image-preview:large, max-video-preview:-1\" \/>\n<link rel=\"canonical\" href=\"https:\/\/colchonesignifugos.com\/fr\/rideaux-secteur-bateaux\/\" \/>\n<meta property=\"og:locale\" content=\"es_ES\" \/>\n<meta property=\"og:type\" content=\"article\" \/>\n<meta property=\"og:title\" content=\"Rideaux avec certificat IMO pour navires et bateaux | Decoratel\" \/>\n<meta property=\"og:description\" content=\"Rideaux avec certificat IMO pour navires et bateaux. Rideaux avec certificat de conformit\u00e9 aux r\u00e9glementations internationales de navigation.\" \/>\n<meta property=\"og:url\" content=\"https:\/\/colchonesignifugos.com\/fr\/rideaux-secteur-bateaux\/\" \/>\n<meta property=\"og:site_name\" content=\"Matelas ignifuges\" \/>\n<meta property=\"article:modified_time\" content=\"2020-01-15T13:55:39+00:00\" \/>\n<meta name=\"twitter:card\" content=\"summary_large_image\" \/>\n<meta name=\"twitter:label1\" content=\"Tiempo de lectura\" \/>\n\t<meta name=\"twitter:data1\" content=\"10 minutos\" \/>\n<script type=\"application\/ld+json\" class=\"yoast-schema-graph\">{\"@context\":\"https:\/\/schema.org\",\"@graph\":[{\"@type\":\"WebSite\",\"@id\":\"https:\/\/colchonesignifugos.com\/fr\/#website\",\"url\":\"https:\/\/colchonesignifugos.com\/fr\/\",\"name\":\"Matelas ignifuges\",\"description\":\"Fabricant de matelas ignifuges\",\"potentialAction\":[{\"@type\":\"SearchAction\",\"target\":{\"@type\":\"EntryPoint\",\"urlTemplate\":\"https:\/\/colchonesignifugos.com\/fr\/?s={search_term_string}\"},\"query-input\":\"required name=search_term_string\"}],\"inLanguage\":\"es\"},{\"@type\":\"WebPage\",\"@id\":\"https:\/\/colchonesignifugos.com\/fr\/rideaux-secteur-bateaux\/\",\"url\":\"https:\/\/colchonesignifugos.com\/fr\/rideaux-secteur-bateaux\/\",\"name\":\"Rideaux avec certificat IMO pour navires et bateaux | Decoratel\",\"isPartOf\":{\"@id\":\"https:\/\/colchonesignifugos.com\/fr\/#website\"},\"datePublished\":\"2020-01-13T10:14:00+00:00\",\"dateModified\":\"2020-01-15T13:55:39+00:00\",\"description\":\"Rideaux avec certificat IMO pour navires et bateaux. Rideaux avec certificat de conformit\u00e9 aux r\u00e9glementations internationales de navigation.\",\"breadcrumb\":{\"@id\":\"https:\/\/colchonesignifugos.com\/fr\/rideaux-secteur-bateaux\/#breadcrumb\"},\"inLanguage\":\"es\",\"potentialAction\":[{\"@type\":\"ReadAction\",\"target\":[\"https:\/\/colchonesignifugos.com\/fr\/rideaux-secteur-bateaux\/\"]}]},{\"@type\":\"BreadcrumbList\",\"@id\":\"https:\/\/colchonesignifugos.com\/fr\/rideaux-secteur-bateaux\/#breadcrumb\",\"itemListElement\":[{\"@type\":\"ListItem\",\"position\":1,\"name\":\"Portada\",\"item\":\"https:\/\/colchonesignifugos.com\/fr\/\"},{\"@type\":\"ListItem\",\"position\":2,\"name\":\"Rideaux pour bateaux\"}]}]}<\/script>\n<!-- \/ Yoast SEO plugin. -->","yoast_head_json":{"title":"Rideaux avec certificat IMO pour navires et bateaux | Decoratel","description":"Rideaux avec certificat IMO pour navires et bateaux. Rideaux avec certificat de conformit\u00e9 aux r\u00e9glementations internationales de navigation.","robots":{"index":"index","follow":"follow","max-snippet":"max-snippet:-1","max-image-preview":"max-image-preview:large","max-video-preview":"max-video-preview:-1"},"canonical":"https:\/\/colchonesignifugos.com\/fr\/rideaux-secteur-bateaux\/","og_locale":"es_ES","og_type":"article","og_title":"Rideaux avec certificat IMO pour navires et bateaux | Decoratel","og_description":"Rideaux avec certificat IMO pour navires et bateaux. Rideaux avec certificat de conformit\u00e9 aux r\u00e9glementations internationales de navigation.","og_url":"https:\/\/colchonesignifugos.com\/fr\/rideaux-secteur-bateaux\/","og_site_name":"Matelas ignifuges","article_modified_time":"2020-01-15T13:55:39+00:00","twitter_card":"summary_large_image","twitter_misc":{"Tiempo de lectura":"10 minutos"},"schema":{"@context":"https:\/\/schema.org","@graph":[{"@type":"WebSite","@id":"https:\/\/colchonesignifugos.com\/fr\/#website","url":"https:\/\/colchonesignifugos.com\/fr\/","name":"Matelas ignifuges","description":"Fabricant de matelas ignifuges","potentialAction":[{"@type":"SearchAction","target":{"@type":"EntryPoint","urlTemplate":"https:\/\/colchonesignifugos.com\/fr\/?s={search_term_string}"},"query-input":"required name=search_term_string"}],"inLanguage":"es"},{"@type":"WebPage","@id":"https:\/\/colchonesignifugos.com\/fr\/rideaux-secteur-bateaux\/","url":"https:\/\/colchonesignifugos.com\/fr\/rideaux-secteur-bateaux\/","name":"Rideaux avec certificat IMO pour navires et bateaux | Decoratel","isPartOf":{"@id":"https:\/\/colchonesignifugos.com\/fr\/#website"},"datePublished":"2020-01-13T10:14:00+00:00","dateModified":"2020-01-15T13:55:39+00:00","description":"Rideaux avec certificat IMO pour navires et bateaux. Rideaux avec certificat de conformit\u00e9 aux r\u00e9glementations internationales de navigation.","breadcrumb":{"@id":"https:\/\/colchonesignifugos.com\/fr\/rideaux-secteur-bateaux\/#breadcrumb"},"inLanguage":"es","potentialAction":[{"@type":"ReadAction","target":["https:\/\/colchonesignifugos.com\/fr\/rideaux-secteur-bateaux\/"]}]},{"@type":"BreadcrumbList","@id":"https:\/\/colchonesignifugos.com\/fr\/rideaux-secteur-bateaux\/#breadcrumb","itemListElement":[{"@type":"ListItem","position":1,"name":"Portada","item":"https:\/\/colchonesignifugos.com\/fr\/"},{"@type":"ListItem","position":2,"name":"Rideaux pour bateaux"}]}]}},"_links":{"self":[{"href":"https:\/\/colchonesignifugos.com\/fr\/wp-json\/wp\/v2\/pages\/268"}],"collection":[{"href":"https:\/\/colchonesignifugos.com\/fr\/wp-json\/wp\/v2\/pages"}],"about":[{"href":"https:\/\/colchonesignifugos.com\/fr\/wp-json\/wp\/v2\/types\/page"}],"author":[{"embeddable":true,"href":"https:\/\/colchonesignifugos.com\/fr\/wp-json\/wp\/v2\/users\/1"}],"replies":[{"embeddable":true,"href":"https:\/\/colchonesignifugos.com\/fr\/wp-json\/wp\/v2\/comments?post=268"}],"version-history":[{"count":6,"href":"https:\/\/colchonesignifugos.com\/fr\/wp-json\/wp\/v2\/pages\/268\/revisions"}],"predecessor-version":[{"id":287,"href":"https:\/\/colchonesignifugos.com\/fr\/wp-json\/wp\/v2\/pages\/268\/revisions\/287"}],"wp:attachment":[{"href":"https:\/\/colchonesignifugos.com\/fr\/wp-json\/wp\/v2\/media?parent=268"}],"curies":[{"name":"wp","href":"https:\/\/api.w.org\/{rel}","templated":true}]}}