{"id":293,"date":"2020-01-13T10:53:00","date_gmt":"2020-01-13T10:53:00","guid":{"rendered":"http:\/\/colchonesignifugos.com\/fr\/?page_id=293"},"modified":"2020-01-22T12:19:52","modified_gmt":"2020-01-22T12:19:52","slug":"matelas-secteur-penitencier","status":"publish","type":"page","link":"https:\/\/colchonesignifugos.com\/fr\/matelas-secteur-penitencier\/","title":{"rendered":"Matelas pour prisons"},"content":{"rendered":"<p>[et_pb_section fb_built=\u00bb1&#8243; _builder_version=\u00bb4.0.11&#8243; custom_padding=\u00bb0px||0px||true|false\u00bb][et_pb_row _builder_version=\u00bb4.0.11&#8243; custom_padding=\u00bb0px||0px||true|false\u00bb][et_pb_column type=\u00bb4_4&#8243; _builder_version=\u00bb4.0.11&#8243;][et_pb_image src=\u00bbhttps:\/\/colchonesignifugos.com\/fr\/wp-content\/uploads\/sites\/3\/2020\/01\/33fd2-cabecera-prisons-fr.jpg\u00bb align=\u00bbcenter\u00bb _builder_version=\u00bb4.1&#8243;][\/et_pb_image][\/et_pb_column][\/et_pb_row][\/et_pb_section][et_pb_section fb_built=\u00bb1&#8243; custom_padding_last_edited=\u00bbon|desktop\u00bb _builder_version=\u00bb4.0.11&#8243; custom_padding=\u00bb10px||10px||true|false\u00bb custom_padding_tablet=\u00bb10px||10px||false|false\u00bb custom_padding_phone=\u00bb10px||10px||false|false\u00bb][et_pb_row _builder_version=\u00bb4.0.11&#8243;][et_pb_column type=\u00bb4_4&#8243; _builder_version=\u00bb4.0.11&#8243;][et_pb_text _builder_version=\u00bb4.0.11&#8243; text_text_color=\u00bb#008080&#8243; header_2_font=\u00bb|600|||||||\u00bb header_2_font_size=\u00bb16px\u00bb header_2_line_height=\u00bb1.3em\u00bb]Le principal fabricant en Espagne dans la production et la distribution de <strong>matelas pour les prisons et carc\u00e9rale<\/strong>.[\/et_pb_text][\/et_pb_column][\/et_pb_row][et_pb_row _builder_version=\u00bb4.0.11&#8243;][et_pb_column type=\u00bb4_4&#8243; _builder_version=\u00bb4.0.11&#8243;][et_pb_text _builder_version=\u00bb4.0.11&#8243; header_2_font=\u00bb|600|||||||\u00bb header_2_font_size=\u00bb16px\u00bb text_orientation=\u00bbjustified\u00bb]<strong>Matelas ignifuges pour prisons, carc\u00e9rale et donjons.<\/strong><\/p>\n<p>Nous fabriquons des matelas ignifuges sp\u00e9ciaux \u00e0 haute r\u00e9sistance pour une utilisation dans les prisons et les centres de d\u00e9tention de toutes sortes. En plus de fournir les diff\u00e9rents accessoires tels que draps, oreillers, housses, sommiers, lits m\u00e9talliques et lits fixes.<\/p>\n<p>Ainsi que des rideaux \u00e0 haute r\u00e9sistance au feu, utilisant des fibres de verre qui acqui\u00e8rent la classification M0. De la m\u00eame mani\u00e8re, nous fabriquons en s\u00e9rie les rideaux pour fen\u00eatres.[\/et_pb_text][\/et_pb_column][\/et_pb_row][et_pb_row column_structure=\u00bb1_2,1_2&#8243; _builder_version=\u00bb4.0.11&#8243;][et_pb_column type=\u00bb1_2&#8243; _builder_version=\u00bb4.0.11&#8243;][et_pb_image src=\u00bbhttps:\/\/colchonesignifugos.com\/fr\/wp-content\/uploads\/sites\/3\/2020\/01\/bf1cc-envio-internacional.jpg\u00bb align=\u00bbcenter\u00bb _builder_version=\u00bb4.0.11&#8243;][\/et_pb_image][\/et_pb_column][et_pb_column type=\u00bb1_2&#8243; _builder_version=\u00bb4.0.11&#8243;][et_pb_text _builder_version=\u00bb4.1&#8243; header_2_font=\u00bb|600|||||||\u00bb header_2_font_size=\u00bb16px\u00bb text_orientation=\u00bbcenter\u00bb]<iframe loading=\"lazy\" width=\"560\" height=\"315\" src=\"https:\/\/www.youtube.com\/embed\/ZT55CfNzdfQ\" frameborder=\"0\" allow=\"accelerometer; autoplay; encrypted-media; gyroscope; picture-in-picture\" allowfullscreen><\/iframe>[\/et_pb_text][\/et_pb_column][\/et_pb_row][\/et_pb_section][et_pb_section fb_built=\u00bb1&#8243; custom_padding_last_edited=\u00bbon|desktop\u00bb _builder_version=\u00bb4.0.11&#8243; custom_padding=\u00bb10px||10px||false|false\u00bb custom_padding_tablet=\u00bb10px||10px||false|false\u00bb custom_padding_phone=\u00bb10px||10px||false|false\u00bb][et_pb_row column_structure=\u00bb1_5,1_5,1_5,1_5,1_5&#8243; _builder_version=\u00bb4.0.11&#8243; max_width=\u00bb1200px\u00bb][et_pb_column type=\u00bb1_5&#8243; _builder_version=\u00bb4.0.11&#8243;][et_pb_button button_url=\u00bbhttps:\/\/colchonesignifugos.com\/fr\/matelas-hopital\/\u00bb button_text=\u00bbH\u00f4pital\u00bb button_alignment=\u00bbcenter\u00bb _builder_version=\u00bb4.0.11&#8243; custom_button=\u00bbon\u00bb button_bg_use_color_gradient=\u00bbon\u00bb button_bg_color_gradient_start=\u00bb#f6fcfd\u00bb button_bg_color_gradient_end=\u00bb#60777c\u00bb button_border_width=\u00bb1px\u00bb button_border_color=\u00bb#60777c\u00bb button_border_radius=\u00bb0px\u00bb button_font=\u00bb|600|||||||\u00bb button_use_icon=\u00bboff\u00bb background_layout=\u00bbdark\u00bb custom_css_main_element=\u00bbmin-width: 100%\u00bb button_bg_color__hover_enabled=\u00bbon|hover\u00bb button_bg_color__hover=\u00bb#006868&#8243; button_bg_enable_color__hover=\u00bbon\u00bb][\/et_pb_button][\/et_pb_column][et_pb_column type=\u00bb1_5&#8243; _builder_version=\u00bb4.0.11&#8243;][et_pb_button button_url=\u00bbhttps:\/\/colchonesignifugos.com\/fr\/matelas-residences\/\u00bb button_text=\u00bbR\u00e9sidences\u00bb button_alignment=\u00bbcenter\u00bb _builder_version=\u00bb4.0.11&#8243; custom_button=\u00bbon\u00bb button_bg_use_color_gradient=\u00bbon\u00bb button_bg_color_gradient_start=\u00bb#f6fcfd\u00bb button_bg_color_gradient_end=\u00bb#60777c\u00bb button_border_width=\u00bb1px\u00bb button_border_color=\u00bb#60777c\u00bb button_border_radius=\u00bb0px\u00bb button_font=\u00bb|600|||||||\u00bb button_use_icon=\u00bboff\u00bb background_layout=\u00bbdark\u00bb custom_css_main_element=\u00bbmin-width: 100%\u00bb button_bg_color__hover_enabled=\u00bbon|hover\u00bb button_bg_color__hover=\u00bb#006868&#8243; button_bg_enable_color__hover=\u00bbon\u00bb][\/et_pb_button][\/et_pb_column][et_pb_column type=\u00bb1_5&#8243; _builder_version=\u00bb4.0.11&#8243;][et_pb_button button_url=\u00bbhttps:\/\/colchonesignifugos.com\/fr\/matelas-navires\/\u00bb button_text=\u00bbNavires\u00bb button_alignment=\u00bbcenter\u00bb _builder_version=\u00bb4.0.11&#8243; custom_button=\u00bbon\u00bb button_bg_use_color_gradient=\u00bbon\u00bb button_bg_color_gradient_start=\u00bb#f6fcfd\u00bb button_bg_color_gradient_end=\u00bb#60777c\u00bb button_border_width=\u00bb1px\u00bb button_border_color=\u00bb#60777c\u00bb button_border_radius=\u00bb0px\u00bb button_font=\u00bb|600|||||||\u00bb button_use_icon=\u00bboff\u00bb background_layout=\u00bbdark\u00bb custom_css_main_element=\u00bbmin-width: 100%\u00bb button_bg_color__hover_enabled=\u00bbon|hover\u00bb button_bg_color__hover=\u00bb#006868&#8243; button_bg_enable_color__hover=\u00bbon\u00bb][\/et_pb_button][\/et_pb_column][et_pb_column type=\u00bb1_5&#8243; _builder_version=\u00bb4.0.11&#8243;][et_pb_button button_url=\u00bbhttps:\/\/colchonesignifugos.com\/fr\/matelas-prison\/\u00bb button_text=\u00bbPrisons\u00bb button_alignment=\u00bbcenter\u00bb _builder_version=\u00bb4.0.11&#8243; custom_button=\u00bbon\u00bb button_bg_color=\u00bb#008080&#8243; button_border_width=\u00bb1px\u00bb button_border_color=\u00bb#000000&#8243; button_border_radius=\u00bb0px\u00bb button_font=\u00bb|600|||||||\u00bb button_use_icon=\u00bboff\u00bb background_layout=\u00bbdark\u00bb custom_css_main_element=\u00bbmin-width: 100%\u00bb button_bg_color__hover_enabled=\u00bbon|hover\u00bb button_bg_color__hover=\u00bb#006868&#8243; button_bg_enable_color__hover=\u00bbon\u00bb][\/et_pb_button][\/et_pb_column][et_pb_column type=\u00bb1_5&#8243; _builder_version=\u00bb4.0.11&#8243;][et_pb_button button_url=\u00bbhttps:\/\/colchonesignifugos.com\/fr\/matelas-autres\/\u00bb button_text=\u00bbAutres\u00bb button_alignment=\u00bbcenter\u00bb _builder_version=\u00bb4.0.11&#8243; custom_button=\u00bbon\u00bb button_bg_use_color_gradient=\u00bbon\u00bb button_bg_color_gradient_start=\u00bb#f6fcfd\u00bb button_bg_color_gradient_end=\u00bb#60777c\u00bb button_border_width=\u00bb1px\u00bb button_border_color=\u00bb#60777c\u00bb button_border_radius=\u00bb0px\u00bb button_font=\u00bb|600|||||||\u00bb button_use_icon=\u00bboff\u00bb background_layout=\u00bbdark\u00bb custom_css_main_element=\u00bbmin-width: 100%\u00bb button_bg_color__hover_enabled=\u00bbon|hover\u00bb button_bg_color__hover=\u00bb#006868&#8243; button_bg_enable_color__hover=\u00bbon\u00bb][\/et_pb_button][\/et_pb_column][\/et_pb_row][\/et_pb_section][et_pb_section fb_built=\u00bb1&#8243; custom_padding_last_edited=\u00bbon|desktop\u00bb _builder_version=\u00bb4.0.11&#8243; custom_padding=\u00bb||10px||false|false\u00bb custom_padding_tablet=\u00bb10px||10px||false|false\u00bb custom_padding_phone=\u00bb10px||10px||false|false\u00bb][et_pb_row column_structure=\u00bb1_2,1_2&#8243; _builder_version=\u00bb4.0.11&#8243;][et_pb_column type=\u00bb1_2&#8243; _builder_version=\u00bb4.0.11&#8243;][et_pb_image src=\u00bbhttps:\/\/colchonesignifugos.com\/fr\/wp-content\/uploads\/sites\/3\/2020\/01\/3529e-colchon-carceles-izqda.jpg\u00bb align=\u00bbcenter\u00bb _builder_version=\u00bb4.0.11&#8243;][\/et_pb_image][\/et_pb_column][et_pb_column type=\u00bb1_2&#8243; _builder_version=\u00bb4.0.11&#8243;][et_pb_text _builder_version=\u00bb4.0.11&#8243; header_2_font=\u00bb|600|||||||\u00bb header_2_font_size=\u00bb16px\u00bb text_orientation=\u00bbjustified\u00bb]Matelas pour prisons, centres de d\u00e9tention, donjons et tous types de \u00e9tablissement p\u00e9nitentiaire et centres pour mineurs.<\/p>\n<p>Fabriqu\u00e9 selon la plus stricte l\u00e9gislation p\u00e9nitentiaire, avec \u00e2me en mousse de polyur\u00e9thane ignifuge de haute densit\u00e9 ignifuge.<\/p>\n<p>Matelas avec une grande fermet\u00e9, une respirabilit\u00e9 optimale et une r\u00e9cup\u00e9ration \u00e9lev\u00e9e, ils sont fabriqu\u00e9s conform\u00e9ment \u00e0 la norme UNE-EN-ISO 12952.<\/p>\n<p>Nos matelas sont sp\u00e9cifiques au secteur p\u00e9nitentiaire car ils contribuent \u00e0 la s\u00e9curit\u00e9 dans les prisons ou aux donjons temporaires, en plus d&#8217;offrir un repos optimal aux d\u00e9tenus. Investissez dans la s\u00e9curit\u00e9 et le confort puisqu&#8217;en plus du repos, ils sont con\u00e7us pour ne pas pouvoir \u00eatre utilis\u00e9s dans des actes de sabotage ou de mutinerie. Sa mousse de polyur\u00e9thane autoextinguible emp\u00eache tout acte pr\u00e9m\u00e9dit\u00e9 de br\u00fbler la prison, en garantissant ainsi la s\u00e9curit\u00e9 de toutes les personnes qui partagent la prison, qu&#8217;il s&#8217;agisse des gardiens ou des d\u00e9tenus eux-m\u00eames.[\/et_pb_text][\/et_pb_column][\/et_pb_row][\/et_pb_section][et_pb_section fb_built=\u00bb1&#8243; custom_padding_last_edited=\u00bbon|desktop\u00bb _builder_version=\u00bb4.0.11&#8243; custom_padding=\u00bb30px||10px||false|false\u00bb custom_padding_tablet=\u00bb10px||10px||false|false\u00bb custom_padding_phone=\u00bb10px||10px||false|false\u00bb][et_pb_row column_structure=\u00bb1_4,1_4,1_4,1_4&#8243; _builder_version=\u00bb4.0.11&#8243; max_width=\u00bb1200px\u00bb][et_pb_column type=\u00bb1_4&#8243; _builder_version=\u00bb4.0.11&#8243;][et_pb_image src=\u00bbhttps:\/\/colchonesignifugos.com\/fr\/wp-content\/uploads\/sites\/3\/2020\/01\/b7803-sector-carceles-colchon.jpg\u00bb align=\u00bbcenter\u00bb _builder_version=\u00bb4.0.11&#8243;][\/et_pb_image][et_pb_button button_url=\u00bbhttps:\/\/colchonesignifugos.com\/fr\/matelas-secteur-penitencier\/\u00bb button_text=\u00bbMatelas\u00bb button_alignment=\u00bbcenter\u00bb _builder_version=\u00bb4.0.11&#8243; custom_button=\u00bbon\u00bb button_bg_color=\u00bb#008080&#8243; button_border_width=\u00bb1px\u00bb button_border_color=\u00bb#000000&#8243; button_border_radius=\u00bb0px\u00bb button_font=\u00bb|600|||||||\u00bb button_use_icon=\u00bboff\u00bb background_layout=\u00bbdark\u00bb custom_css_main_element=\u00bbmin-width: 100%\u00bb button_bg_color__hover_enabled=\u00bbon|hover\u00bb button_bg_color__hover=\u00bb#006868&#8243; button_bg_enable_color__hover=\u00bbon\u00bb][\/et_pb_button][\/et_pb_column][et_pb_column type=\u00bb1_4&#8243; _builder_version=\u00bb4.0.11&#8243;][et_pb_image src=\u00bbhttps:\/\/colchonesignifugos.com\/fr\/wp-content\/uploads\/sites\/3\/2020\/01\/ccf52-sector-carceles-somier.jpg\u00bb align=\u00bbcenter\u00bb module_class=\u00bbno-select\u00bb _builder_version=\u00bb4.0.11&#8243;][\/et_pb_image][et_pb_button button_url=\u00bbhttps:\/\/colchonesignifugos.com\/fr\/sommiers-secteur-penitencier\/\u00bb button_text=\u00bbSommiers\u00bb button_alignment=\u00bbcenter\u00bb _builder_version=\u00bb4.0.11&#8243; custom_button=\u00bbon\u00bb button_bg_use_color_gradient=\u00bbon\u00bb button_bg_color_gradient_start=\u00bb#f6fcfd\u00bb button_bg_color_gradient_end=\u00bb#60777c\u00bb button_border_width=\u00bb1px\u00bb button_border_color=\u00bb#60777c\u00bb button_border_radius=\u00bb0px\u00bb button_font=\u00bb|600|||||||\u00bb button_use_icon=\u00bboff\u00bb background_layout=\u00bbdark\u00bb custom_css_main_element=\u00bbmin-width: 100%\u00bb button_bg_color__hover_enabled=\u00bbon|hover\u00bb button_bg_color__hover=\u00bb#006868&#8243; button_bg_enable_color__hover=\u00bbon\u00bb][\/et_pb_button][\/et_pb_column][et_pb_column type=\u00bb1_4&#8243; _builder_version=\u00bb4.0.11&#8243;][et_pb_image src=\u00bbhttps:\/\/colchonesignifugos.com\/fr\/wp-content\/uploads\/sites\/3\/2020\/01\/73780-sector-carceles-sabana-1.jpg\u00bb align=\u00bbcenter\u00bb module_class=\u00bbno-select\u00bb _builder_version=\u00bb4.0.11&#8243;][\/et_pb_image][et_pb_button button_url=\u00bbhttps:\/\/colchonesignifugos.com\/fr\/draps-secteur-penitencier\/\u00bb button_text=\u00bbDraps\u00bb button_alignment=\u00bbcenter\u00bb _builder_version=\u00bb4.0.11&#8243; custom_button=\u00bbon\u00bb button_bg_use_color_gradient=\u00bbon\u00bb button_bg_color_gradient_start=\u00bb#f6fcfd\u00bb button_bg_color_gradient_end=\u00bb#60777c\u00bb button_border_width=\u00bb1px\u00bb button_border_color=\u00bb#60777c\u00bb button_border_radius=\u00bb0px\u00bb button_font=\u00bb|600|||||||\u00bb button_use_icon=\u00bboff\u00bb background_layout=\u00bbdark\u00bb custom_css_main_element=\u00bbmin-width: 100%\u00bb button_bg_color__hover_enabled=\u00bbon|hover\u00bb button_bg_color__hover=\u00bb#006868&#8243; button_bg_enable_color__hover=\u00bbon\u00bb][\/et_pb_button][\/et_pb_column][et_pb_column type=\u00bb1_4&#8243; _builder_version=\u00bb4.0.11&#8243;][et_pb_image src=\u00bbhttps:\/\/colchonesignifugos.com\/fr\/wp-content\/uploads\/sites\/3\/2020\/01\/6b5ad-sector-carceles-cortina.jpg\u00bb align=\u00bbcenter\u00bb module_class=\u00bbno-select\u00bb _builder_version=\u00bb4.0.11&#8243;][\/et_pb_image][et_pb_button button_url=\u00bbhttps:\/\/colchonesignifugos.com\/fr\/rideaux-secteur-penitencier\/\u00bb button_text=\u00bbRideaux\u00bb button_alignment=\u00bbcenter\u00bb _builder_version=\u00bb4.0.11&#8243; custom_button=\u00bbon\u00bb button_bg_use_color_gradient=\u00bbon\u00bb button_bg_color_gradient_start=\u00bb#f6fcfd\u00bb button_bg_color_gradient_end=\u00bb#60777c\u00bb button_border_width=\u00bb1px\u00bb button_border_color=\u00bb#60777c\u00bb button_border_radius=\u00bb0px\u00bb button_font=\u00bb|600|||||||\u00bb button_use_icon=\u00bboff\u00bb background_layout=\u00bbdark\u00bb custom_css_main_element=\u00bbmin-width: 100%\u00bb button_bg_color__hover_enabled=\u00bbon|hover\u00bb button_bg_color__hover=\u00bb#006868&#8243; button_bg_enable_color__hover=\u00bbon\u00bb][\/et_pb_button][\/et_pb_column][\/et_pb_row][\/et_pb_section][et_pb_section fb_built=\u00bb1&#8243; custom_padding_last_edited=\u00bbon|desktop\u00bb _builder_version=\u00bb4.0.11&#8243; custom_padding=\u00bb10px||10px||false|false\u00bb custom_padding_tablet=\u00bb10px||10px||false|false\u00bb custom_padding_phone=\u00bb10px||10px||false|false\u00bb][et_pb_row _builder_version=\u00bb4.0.11&#8243;][et_pb_column type=\u00bb4_4&#8243; _builder_version=\u00bb4.0.11&#8243;][et_pb_text _builder_version=\u00bb4.0.11&#8243; text_text_color=\u00bb#008080&#8243; text_orientation=\u00bbcenter\u00bb]<\/p>\n<p>Choisissez le produit p\u00e9nitentiaire pour lequel vous souhaitez plus d&#8217;informations.<\/p>\n<p>[\/et_pb_text][\/et_pb_column][\/et_pb_row][et_pb_row _builder_version=\u00bb4.0.11&#8243;][et_pb_column type=\u00bb4_4&#8243; _builder_version=\u00bb4.0.11&#8243;][et_pb_text _builder_version=\u00bb4.0.11&#8243; header_2_font=\u00bb|600|||||||\u00bb header_2_font_size=\u00bb16px\u00bb text_orientation=\u00bbjustified\u00bb]<\/p>\n<p><strong>Sp\u00e9cifications et r\u00e9glementations<\/strong><\/p>\n<ul>\n<li>classFAR: Federal Aviation Regulations<\/li>\n<li>Matelas \u00e0 blocs int\u00e9rieurs en mousse de polyur\u00e9thane ignifuge haute densit\u00e9, haute fermet\u00e9, r\u00e9cup\u00e9ration \u00e9lev\u00e9e et respirabilit\u00e9 optimale<\/li>\n<li>100% polyester ignifuge classe 1, housse fongicide, antibact\u00e9rienne, antifongique et anti-poussi\u00e8re<\/li>\n<li>Normatifs matelas en polyur\u00e9thane ignifuge: UNE-EN 597<\/li>\n<li>Housse de matelas ignifuge normative: UNE-EN 14533 et UNE-EN-ISO 12952<\/li>\n<li>Test des m\u00e9gots de cigarettes certifi\u00e9s: (CRIB UNE ISO 12952: 1998)<\/li>\n<li>Test ignifuge test M1 (UNE 23727-90 R1)<\/li>\n<li>Certification en test de perm\u00e9abilisation (UNE EN 20811: 1993)<\/li>\n<li>ISO 9001 selon la norme UNE-EN-ISO 12952. (norme espagnole, europ\u00e9enne et internationale)<\/li>\n<li>CEN \/ TS. SB134111BR0002. 76 fr 59014-16 CFR. BS 7177. 16 CFR 1633 d\u00e9finit les exigences d&#8217;inflammabilit\u00e9<\/li>\n<\/ul>\n<p>[\/et_pb_text][\/et_pb_column][\/et_pb_row][et_pb_row _builder_version=\u00bb4.0.11&#8243;][et_pb_column type=\u00bb4_4&#8243; _builder_version=\u00bb4.0.11&#8243;][et_pb_image src=\u00bbhttps:\/\/colchonesignifugos.com\/fr\/wp-content\/uploads\/sites\/3\/2020\/01\/263e6-caracteristicas-colchones-h.jpg\u00bb align=\u00bbcenter\u00bb _builder_version=\u00bb4.0.11&#8243;][\/et_pb_image][\/et_pb_column][\/et_pb_row][\/et_pb_section][et_pb_section fb_built=\u00bb1&#8243; custom_padding_last_edited=\u00bbon|desktop\u00bb _builder_version=\u00bb4.0.11&#8243; custom_padding=\u00bb10px||10px||false|false\u00bb custom_padding_tablet=\u00bb10px||10px||false|false\u00bb custom_padding_phone=\u00bb10px||10px||false|false\u00bb saved_tabs=\u00bball\u00bb][et_pb_row _builder_version=\u00bb4.0.11&#8243;][et_pb_column type=\u00bb4_4&#8243; _builder_version=\u00bb4.0.11&#8243;][et_pb_image src=\u00bbhttps:\/\/colchonesignifugos.com\/fr\/wp-content\/uploads\/sites\/3\/2020\/01\/a0b80-pie-index.jpg\u00bb align=\u00bbcenter\u00bb _builder_version=\u00bb4.0.11&#8243;][\/et_pb_image][\/et_pb_column][\/et_pb_row][\/et_pb_section]<\/p>\n","protected":false},"excerpt":{"rendered":"<p>Le principal fabricant en Espagne dans la production et la distribution de matelas pour les prisons et carc\u00e9rale.Matelas ignifuges pour prisons, carc\u00e9rale et donjons. Nous fabriquons des matelas ignifuges sp\u00e9ciaux \u00e0 haute r\u00e9sistance pour une utilisation dans les prisons et les centres de d\u00e9tention de toutes sortes. En plus de fournir les diff\u00e9rents accessoires tels [&hellip;]<\/p>\n","protected":false},"author":1,"featured_media":0,"parent":0,"menu_order":0,"comment_status":"closed","ping_status":"closed","template":"","meta":{"_et_pb_use_builder":"on","_et_pb_old_content":"","_et_gb_content_width":""},"yoast_head":"<!-- This site is optimized with the Yoast SEO plugin v19.4 - https:\/\/yoast.com\/wordpress\/plugins\/seo\/ -->\n<title>Matelas ignifuges pour prisons, carc\u00e9rale et donjons | Decoratel<\/title>\n<meta name=\"description\" content=\"Matelas ignifuges pour prisons, carc\u00e9rale et donjons. Nous fabriquons des matelas ignifuges sp\u00e9ciaux \u00e0 haute r\u00e9sistance pour une utilisation dans les prisons.\" \/>\n<meta name=\"robots\" content=\"index, follow, max-snippet:-1, max-image-preview:large, max-video-preview:-1\" \/>\n<link rel=\"canonical\" href=\"https:\/\/colchonesignifugos.com\/fr\/matelas-secteur-penitencier\/\" \/>\n<meta property=\"og:locale\" content=\"es_ES\" \/>\n<meta property=\"og:type\" content=\"article\" \/>\n<meta property=\"og:title\" content=\"Matelas ignifuges pour prisons, carc\u00e9rale et donjons | Decoratel\" \/>\n<meta property=\"og:description\" content=\"Matelas ignifuges pour prisons, carc\u00e9rale et donjons. Nous fabriquons des matelas ignifuges sp\u00e9ciaux \u00e0 haute r\u00e9sistance pour une utilisation dans les prisons.\" \/>\n<meta property=\"og:url\" content=\"https:\/\/colchonesignifugos.com\/fr\/matelas-secteur-penitencier\/\" \/>\n<meta property=\"og:site_name\" content=\"Matelas ignifuges\" \/>\n<meta property=\"article:modified_time\" content=\"2020-01-22T12:19:52+00:00\" \/>\n<meta name=\"twitter:card\" content=\"summary_large_image\" \/>\n<meta name=\"twitter:label1\" content=\"Tiempo de lectura\" \/>\n\t<meta name=\"twitter:data1\" content=\"10 minutos\" \/>\n<script type=\"application\/ld+json\" class=\"yoast-schema-graph\">{\"@context\":\"https:\/\/schema.org\",\"@graph\":[{\"@type\":\"WebSite\",\"@id\":\"https:\/\/colchonesignifugos.com\/fr\/#website\",\"url\":\"https:\/\/colchonesignifugos.com\/fr\/\",\"name\":\"Matelas ignifuges\",\"description\":\"Fabricant de matelas ignifuges\",\"potentialAction\":[{\"@type\":\"SearchAction\",\"target\":{\"@type\":\"EntryPoint\",\"urlTemplate\":\"https:\/\/colchonesignifugos.com\/fr\/?s={search_term_string}\"},\"query-input\":\"required name=search_term_string\"}],\"inLanguage\":\"es\"},{\"@type\":\"WebPage\",\"@id\":\"https:\/\/colchonesignifugos.com\/fr\/matelas-secteur-penitencier\/\",\"url\":\"https:\/\/colchonesignifugos.com\/fr\/matelas-secteur-penitencier\/\",\"name\":\"Matelas ignifuges pour prisons, carc\u00e9rale et donjons | Decoratel\",\"isPartOf\":{\"@id\":\"https:\/\/colchonesignifugos.com\/fr\/#website\"},\"datePublished\":\"2020-01-13T10:53:00+00:00\",\"dateModified\":\"2020-01-22T12:19:52+00:00\",\"description\":\"Matelas ignifuges pour prisons, carc\u00e9rale et donjons. Nous fabriquons des matelas ignifuges sp\u00e9ciaux \u00e0 haute r\u00e9sistance pour une utilisation dans les prisons.\",\"breadcrumb\":{\"@id\":\"https:\/\/colchonesignifugos.com\/fr\/matelas-secteur-penitencier\/#breadcrumb\"},\"inLanguage\":\"es\",\"potentialAction\":[{\"@type\":\"ReadAction\",\"target\":[\"https:\/\/colchonesignifugos.com\/fr\/matelas-secteur-penitencier\/\"]}]},{\"@type\":\"BreadcrumbList\",\"@id\":\"https:\/\/colchonesignifugos.com\/fr\/matelas-secteur-penitencier\/#breadcrumb\",\"itemListElement\":[{\"@type\":\"ListItem\",\"position\":1,\"name\":\"Portada\",\"item\":\"https:\/\/colchonesignifugos.com\/fr\/\"},{\"@type\":\"ListItem\",\"position\":2,\"name\":\"Matelas pour prisons\"}]}]}<\/script>\n<!-- \/ Yoast SEO plugin. -->","yoast_head_json":{"title":"Matelas ignifuges pour prisons, carc\u00e9rale et donjons | Decoratel","description":"Matelas ignifuges pour prisons, carc\u00e9rale et donjons. Nous fabriquons des matelas ignifuges sp\u00e9ciaux \u00e0 haute r\u00e9sistance pour une utilisation dans les prisons.","robots":{"index":"index","follow":"follow","max-snippet":"max-snippet:-1","max-image-preview":"max-image-preview:large","max-video-preview":"max-video-preview:-1"},"canonical":"https:\/\/colchonesignifugos.com\/fr\/matelas-secteur-penitencier\/","og_locale":"es_ES","og_type":"article","og_title":"Matelas ignifuges pour prisons, carc\u00e9rale et donjons | Decoratel","og_description":"Matelas ignifuges pour prisons, carc\u00e9rale et donjons. Nous fabriquons des matelas ignifuges sp\u00e9ciaux \u00e0 haute r\u00e9sistance pour une utilisation dans les prisons.","og_url":"https:\/\/colchonesignifugos.com\/fr\/matelas-secteur-penitencier\/","og_site_name":"Matelas ignifuges","article_modified_time":"2020-01-22T12:19:52+00:00","twitter_card":"summary_large_image","twitter_misc":{"Tiempo de lectura":"10 minutos"},"schema":{"@context":"https:\/\/schema.org","@graph":[{"@type":"WebSite","@id":"https:\/\/colchonesignifugos.com\/fr\/#website","url":"https:\/\/colchonesignifugos.com\/fr\/","name":"Matelas ignifuges","description":"Fabricant de matelas ignifuges","potentialAction":[{"@type":"SearchAction","target":{"@type":"EntryPoint","urlTemplate":"https:\/\/colchonesignifugos.com\/fr\/?s={search_term_string}"},"query-input":"required name=search_term_string"}],"inLanguage":"es"},{"@type":"WebPage","@id":"https:\/\/colchonesignifugos.com\/fr\/matelas-secteur-penitencier\/","url":"https:\/\/colchonesignifugos.com\/fr\/matelas-secteur-penitencier\/","name":"Matelas ignifuges pour prisons, carc\u00e9rale et donjons | Decoratel","isPartOf":{"@id":"https:\/\/colchonesignifugos.com\/fr\/#website"},"datePublished":"2020-01-13T10:53:00+00:00","dateModified":"2020-01-22T12:19:52+00:00","description":"Matelas ignifuges pour prisons, carc\u00e9rale et donjons. Nous fabriquons des matelas ignifuges sp\u00e9ciaux \u00e0 haute r\u00e9sistance pour une utilisation dans les prisons.","breadcrumb":{"@id":"https:\/\/colchonesignifugos.com\/fr\/matelas-secteur-penitencier\/#breadcrumb"},"inLanguage":"es","potentialAction":[{"@type":"ReadAction","target":["https:\/\/colchonesignifugos.com\/fr\/matelas-secteur-penitencier\/"]}]},{"@type":"BreadcrumbList","@id":"https:\/\/colchonesignifugos.com\/fr\/matelas-secteur-penitencier\/#breadcrumb","itemListElement":[{"@type":"ListItem","position":1,"name":"Portada","item":"https:\/\/colchonesignifugos.com\/fr\/"},{"@type":"ListItem","position":2,"name":"Matelas pour prisons"}]}]}},"_links":{"self":[{"href":"https:\/\/colchonesignifugos.com\/fr\/wp-json\/wp\/v2\/pages\/293"}],"collection":[{"href":"https:\/\/colchonesignifugos.com\/fr\/wp-json\/wp\/v2\/pages"}],"about":[{"href":"https:\/\/colchonesignifugos.com\/fr\/wp-json\/wp\/v2\/types\/page"}],"author":[{"embeddable":true,"href":"https:\/\/colchonesignifugos.com\/fr\/wp-json\/wp\/v2\/users\/1"}],"replies":[{"embeddable":true,"href":"https:\/\/colchonesignifugos.com\/fr\/wp-json\/wp\/v2\/comments?post=293"}],"version-history":[{"count":8,"href":"https:\/\/colchonesignifugos.com\/fr\/wp-json\/wp\/v2\/pages\/293\/revisions"}],"predecessor-version":[{"id":472,"href":"https:\/\/colchonesignifugos.com\/fr\/wp-json\/wp\/v2\/pages\/293\/revisions\/472"}],"wp:attachment":[{"href":"https:\/\/colchonesignifugos.com\/fr\/wp-json\/wp\/v2\/media?parent=293"}],"curies":[{"name":"wp","href":"https:\/\/api.w.org\/{rel}","templated":true}]}}