{"id":319,"date":"2020-01-13T11:23:16","date_gmt":"2020-01-13T11:23:16","guid":{"rendered":"http:\/\/colchonesignifugos.com\/fr\/?page_id=319"},"modified":"2020-01-15T13:57:31","modified_gmt":"2020-01-15T13:57:31","slug":"rideaux-secteur-penitencier","status":"publish","type":"page","link":"https:\/\/colchonesignifugos.com\/fr\/rideaux-secteur-penitencier\/","title":{"rendered":"Rideaux pour penitenciers"},"content":{"rendered":"<p>[et_pb_section fb_built=\u00bb1&#8243; _builder_version=\u00bb4.0.11&#8243; custom_padding=\u00bb0px||0px||true|false\u00bb][et_pb_row _builder_version=\u00bb4.0.11&#8243; custom_padding=\u00bb0px||0px||true|false\u00bb][et_pb_column type=\u00bb4_4&#8243; _builder_version=\u00bb4.0.11&#8243;][et_pb_image src=\u00bbhttps:\/\/colchonesignifugos.com\/fr\/wp-content\/uploads\/sites\/3\/2020\/01\/rideaux-pour-prisions.jpg\u00bb _builder_version=\u00bb4.1&#8243; hover_enabled=\u00bb0&#8243; align=\u00bbcenter\u00bb][\/et_pb_image][\/et_pb_column][\/et_pb_row][\/et_pb_section][et_pb_section fb_built=\u00bb1&#8243; custom_padding_last_edited=\u00bbon|desktop\u00bb _builder_version=\u00bb4.0.11&#8243; custom_padding=\u00bb10px||10px||true|false\u00bb custom_padding_tablet=\u00bb10px||10px||false|false\u00bb custom_padding_phone=\u00bb10px||10px||false|false\u00bb][et_pb_row _builder_version=\u00bb4.0.11&#8243;][et_pb_column type=\u00bb4_4&#8243; _builder_version=\u00bb4.0.11&#8243;][et_pb_text _builder_version=\u00bb4.0.11&#8243; text_text_color=\u00bb#008080&#8243; header_2_font=\u00bb|600|||||||\u00bb header_2_font_size=\u00bb16px\u00bb header_2_line_height=\u00bb1.3em\u00bb]Le principal fabricant en Espagne dans la production et la distribution de <strong>rideaux coupe-feu pour les prisons<\/strong>.[\/et_pb_text][\/et_pb_column][\/et_pb_row][et_pb_row column_structure=\u00bb1_2,1_2&#8243; _builder_version=\u00bb4.0.11&#8243;][et_pb_column type=\u00bb1_2&#8243; _builder_version=\u00bb4.0.11&#8243;][et_pb_text _builder_version=\u00bb4.0.11&#8243; header_2_font=\u00bb|600|||||||\u00bb header_2_font_size=\u00bb16px\u00bb text_orientation=\u00bbjustified\u00bb]<strong>Rideaux avec certificat ignifuge pour les prisons, carc\u00e9rale et les centres pour mineurs<\/strong><\/p>\n<p>Nous fabriquons des rideaux avec certificat ignifuge \u00e0 haute r\u00e9sistance, sp\u00e9ciaux pour une utilisation dans les prisons et les centres de d\u00e9tention<\/p>\n<p>Rideaux ignifuges conformes \u00e0 la r\u00e9glementation de s\u00e9curit\u00e9 incendie pr\u00e9ventive des prisons<\/p>\n<p>Nous fabriquons aussi tous types d&#8217;\u00e9quipements textiles pour les prisons, matelas ignifuges, sommiers, literie et rideaux ignifuges M1[\/et_pb_text][\/et_pb_column][et_pb_column type=\u00bb1_2&#8243; _builder_version=\u00bb4.0.11&#8243;][et_pb_image src=\u00bbhttps:\/\/colchonesignifugos.com\/fr\/wp-content\/uploads\/sites\/3\/2020\/01\/bf1cc-envio-internacional.jpg\u00bb align=\u00bbcenter\u00bb _builder_version=\u00bb4.0.11&#8243;][\/et_pb_image][\/et_pb_column][\/et_pb_row][\/et_pb_section][et_pb_section fb_built=\u00bb1&#8243; custom_padding_last_edited=\u00bbon|desktop\u00bb _builder_version=\u00bb4.0.11&#8243; custom_padding=\u00bb10px||10px||false|false\u00bb custom_padding_tablet=\u00bb10px||10px||false|false\u00bb custom_padding_phone=\u00bb10px||10px||false|false\u00bb][et_pb_row column_structure=\u00bb1_5,1_5,1_5,1_5,1_5&#8243; _builder_version=\u00bb4.0.11&#8243; max_width=\u00bb1200px\u00bb][et_pb_column type=\u00bb1_5&#8243; _builder_version=\u00bb4.0.11&#8243;][et_pb_button button_url=\u00bbhttps:\/\/colchonesignifugos.com\/fr\/matelas-hopital\/\u00bb button_text=\u00bbH\u00f4pital\u00bb button_alignment=\u00bbcenter\u00bb _builder_version=\u00bb4.0.11&#8243; custom_button=\u00bbon\u00bb button_bg_use_color_gradient=\u00bbon\u00bb button_bg_color_gradient_start=\u00bb#f6fcfd\u00bb button_bg_color_gradient_end=\u00bb#60777c\u00bb button_border_width=\u00bb1px\u00bb button_border_color=\u00bb#60777c\u00bb button_border_radius=\u00bb0px\u00bb button_font=\u00bb|600|||||||\u00bb button_use_icon=\u00bboff\u00bb background_layout=\u00bbdark\u00bb custom_css_main_element=\u00bbmin-width: 100%\u00bb button_bg_color__hover_enabled=\u00bbon|hover\u00bb button_bg_color__hover=\u00bb#006868&#8243; button_bg_enable_color__hover=\u00bbon\u00bb][\/et_pb_button][\/et_pb_column][et_pb_column type=\u00bb1_5&#8243; _builder_version=\u00bb4.0.11&#8243;][et_pb_button button_url=\u00bbhttps:\/\/colchonesignifugos.com\/fr\/matelas-residences\/\u00bb button_text=\u00bbR\u00e9sidences\u00bb button_alignment=\u00bbcenter\u00bb _builder_version=\u00bb4.0.11&#8243; custom_button=\u00bbon\u00bb button_bg_use_color_gradient=\u00bbon\u00bb button_bg_color_gradient_start=\u00bb#f6fcfd\u00bb button_bg_color_gradient_end=\u00bb#60777c\u00bb button_border_width=\u00bb1px\u00bb button_border_color=\u00bb#60777c\u00bb button_border_radius=\u00bb0px\u00bb button_font=\u00bb|600|||||||\u00bb button_use_icon=\u00bboff\u00bb background_layout=\u00bbdark\u00bb custom_css_main_element=\u00bbmin-width: 100%\u00bb button_bg_color__hover_enabled=\u00bbon|hover\u00bb button_bg_color__hover=\u00bb#006868&#8243; button_bg_enable_color__hover=\u00bbon\u00bb][\/et_pb_button][\/et_pb_column][et_pb_column type=\u00bb1_5&#8243; _builder_version=\u00bb4.0.11&#8243;][et_pb_button button_url=\u00bbhttps:\/\/colchonesignifugos.com\/fr\/matelas-navires\/\u00bb button_text=\u00bbNavires\u00bb button_alignment=\u00bbcenter\u00bb _builder_version=\u00bb4.0.11&#8243; custom_button=\u00bbon\u00bb button_bg_use_color_gradient=\u00bbon\u00bb button_bg_color_gradient_start=\u00bb#f6fcfd\u00bb button_bg_color_gradient_end=\u00bb#60777c\u00bb button_border_width=\u00bb1px\u00bb button_border_color=\u00bb#60777c\u00bb button_border_radius=\u00bb0px\u00bb button_font=\u00bb|600|||||||\u00bb button_use_icon=\u00bboff\u00bb background_layout=\u00bbdark\u00bb custom_css_main_element=\u00bbmin-width: 100%\u00bb button_bg_color__hover_enabled=\u00bbon|hover\u00bb button_bg_color__hover=\u00bb#006868&#8243; button_bg_enable_color__hover=\u00bbon\u00bb][\/et_pb_button][\/et_pb_column][et_pb_column type=\u00bb1_5&#8243; _builder_version=\u00bb4.0.11&#8243;][et_pb_button button_url=\u00bbhttps:\/\/colchonesignifugos.com\/fr\/matelas-prison\/\u00bb button_text=\u00bbPrisons\u00bb button_alignment=\u00bbcenter\u00bb _builder_version=\u00bb4.0.11&#8243; custom_button=\u00bbon\u00bb button_bg_color=\u00bb#008080&#8243; button_border_width=\u00bb1px\u00bb button_border_color=\u00bb#000000&#8243; button_border_radius=\u00bb0px\u00bb button_font=\u00bb|600|||||||\u00bb button_use_icon=\u00bboff\u00bb background_layout=\u00bbdark\u00bb custom_css_main_element=\u00bbmin-width: 100%\u00bb button_bg_color__hover_enabled=\u00bbon|hover\u00bb button_bg_color__hover=\u00bb#006868&#8243; button_bg_enable_color__hover=\u00bbon\u00bb][\/et_pb_button][\/et_pb_column][et_pb_column type=\u00bb1_5&#8243; _builder_version=\u00bb4.0.11&#8243;][et_pb_button button_url=\u00bbhttps:\/\/colchonesignifugos.com\/fr\/matelas-autres\/\u00bb button_text=\u00bbAutres\u00bb button_alignment=\u00bbcenter\u00bb _builder_version=\u00bb4.0.11&#8243; custom_button=\u00bbon\u00bb button_bg_use_color_gradient=\u00bbon\u00bb button_bg_color_gradient_start=\u00bb#f6fcfd\u00bb button_bg_color_gradient_end=\u00bb#60777c\u00bb button_border_width=\u00bb1px\u00bb button_border_color=\u00bb#60777c\u00bb button_border_radius=\u00bb0px\u00bb button_font=\u00bb|600|||||||\u00bb button_use_icon=\u00bboff\u00bb background_layout=\u00bbdark\u00bb custom_css_main_element=\u00bbmin-width: 100%\u00bb button_bg_color__hover_enabled=\u00bbon|hover\u00bb button_bg_color__hover=\u00bb#006868&#8243; button_bg_enable_color__hover=\u00bbon\u00bb][\/et_pb_button][\/et_pb_column][\/et_pb_row][\/et_pb_section][et_pb_section fb_built=\u00bb1&#8243; custom_padding_last_edited=\u00bbon|desktop\u00bb _builder_version=\u00bb4.0.11&#8243; custom_padding=\u00bb||10px||false|false\u00bb custom_padding_tablet=\u00bb10px||10px||false|false\u00bb custom_padding_phone=\u00bb10px||10px||false|false\u00bb][et_pb_row column_structure=\u00bb1_2,1_2&#8243; _builder_version=\u00bb4.0.11&#8243;][et_pb_column type=\u00bb1_2&#8243; _builder_version=\u00bb4.0.11&#8243;][et_pb_image src=\u00bbhttps:\/\/colchonesignifugos.com\/fr\/wp-content\/uploads\/sites\/3\/2020\/01\/8062f-cortina-carcel-izqda.jpg\u00bb align=\u00bbcenter\u00bb _builder_version=\u00bb4.0.11&#8243;][\/et_pb_image][\/et_pb_column][et_pb_column type=\u00bb1_2&#8243; _builder_version=\u00bb4.0.11&#8243;][et_pb_text _builder_version=\u00bb4.0.11&#8243; header_2_font=\u00bb|600|||||||\u00bb header_2_font_size=\u00bb16px\u00bb text_orientation=\u00bbjustified\u00bb]Rideaux Curtatex sp\u00e9cifiquement pour les prisons, les centres de d\u00e9tention pour mineurs et tout \u00e9tablissement p\u00e9nitentiaire.<\/p>\n<p>Rideaux 100% ignifuges, id\u00e9aux pour pr\u00e9venir les incendies fortuits ou malveillants, ainsi que les actes de bandits.<\/p>\n<p>Nous avons diff\u00e9rents tissus en fonction des besoins r\u00e9els, tous ignifug\u00e9s et antibact\u00e9riens:<\/p>\n<ul>\n<li>Curtatex basic<\/li>\n<li>Curtatex opaque<\/li>\n<li>Curtatex imperm\u00e9able<\/li>\n<\/ul>\n<p>Nous fabriquons \u00e9galement des rideaux de douche dans diff\u00e9rents tissus et couleurs.<\/p>\n<p>V\u00e9rifiez aupr\u00e8s de notre d\u00e9partement de rideaux Curtatex.[\/et_pb_text][\/et_pb_column][\/et_pb_row][\/et_pb_section][et_pb_section fb_built=\u00bb1&#8243; custom_padding_last_edited=\u00bbon|desktop\u00bb _builder_version=\u00bb4.0.11&#8243; custom_padding=\u00bb||10px||false|false\u00bb custom_padding_tablet=\u00bb10px||10px||false|false\u00bb custom_padding_phone=\u00bb10px||10px||false|false\u00bb][et_pb_row column_structure=\u00bb1_2,1_2&#8243; _builder_version=\u00bb4.0.11&#8243;][et_pb_column type=\u00bb1_2&#8243; _builder_version=\u00bb4.0.11&#8243;][et_pb_image src=\u00bbhttps:\/\/colchonesignifugos.com\/fr\/wp-content\/uploads\/sites\/3\/2020\/01\/7614d-cortina-banos-vrethom.jpg\u00bb align=\u00bbcenter\u00bb _builder_version=\u00bb4.0.11&#8243;][\/et_pb_image][\/et_pb_column][et_pb_column type=\u00bb1_2&#8243; _builder_version=\u00bb4.0.11&#8243;][et_pb_text _builder_version=\u00bb4.0.11&#8243; header_2_font=\u00bb|600|||||||\u00bb header_2_font_size=\u00bb16px\u00bb text_orientation=\u00bbjustified\u00bb]Les rideaux de douche pour les prisons sont indiqu\u00e9s pour r\u00e9sister \u00e0 une utilisation intense et aussi actes de vandalisme. Puisqu&#8217;ils sont faits de polyester haute densit\u00e9 et fabriqu\u00e9s avec du fil ignifuge haute tension.<\/p>\n<p>Les anneaux sont int\u00e9gr\u00e9s dans le rideau lui-m\u00eame, ils ne sont donc pas des \u00e9l\u00e9ments ind\u00e9pendants, qui peuvent \u00eatre utilis\u00e9s comme lame ou similaire.<\/p>\n<p>Les barres de pression sont anti-ligatures. Ainsi, ce qui lors de l&#8217;application 10 kilos de pression, ils sont imm\u00e9diatement retir\u00e9s. Ils ne permettent donc pas son utilisation pour l&#8217;automutilation.[\/et_pb_text][et_pb_button button_url=\u00bbhttp:\/\/www.cortinasdehoteles.com\/cortinas-ignifugas-bano-ducha\u00bb url_new_window=\u00bbon\u00bb button_text=\u00bbVoir catalogue\u00bb button_alignment=\u00bbcenter\u00bb button_text_last_edited=\u00bboff|desktop\u00bb _builder_version=\u00bb4.0.11&#8243; custom_button=\u00bbon\u00bb button_bg_color=\u00bb#008080&#8243; button_border_width=\u00bb1px\u00bb button_border_color=\u00bb#000000&#8243; button_border_radius=\u00bb0px\u00bb button_font=\u00bb|600|||||||\u00bb button_use_icon=\u00bboff\u00bb background_layout=\u00bbdark\u00bb custom_css_main_element=\u00bbmin-width: 50%\u00bb button_bg_color__hover_enabled=\u00bbon|hover\u00bb button_bg_color__hover=\u00bb#006868&#8243; button_bg_enable_color__hover=\u00bbon\u00bb][\/et_pb_button][\/et_pb_column][\/et_pb_row][\/et_pb_section][et_pb_section fb_built=\u00bb1&#8243; custom_padding_last_edited=\u00bbon|desktop\u00bb _builder_version=\u00bb4.0.11&#8243; custom_padding=\u00bb30px||10px||false|false\u00bb custom_padding_tablet=\u00bb10px||10px||false|false\u00bb custom_padding_phone=\u00bb10px||10px||false|false\u00bb][et_pb_row column_structure=\u00bb1_4,1_4,1_4,1_4&#8243; _builder_version=\u00bb4.0.11&#8243; max_width=\u00bb1200px\u00bb][et_pb_column type=\u00bb1_4&#8243; _builder_version=\u00bb4.0.11&#8243;][et_pb_image src=\u00bbhttps:\/\/colchonesignifugos.com\/fr\/wp-content\/uploads\/sites\/3\/2020\/01\/b7803-sector-carceles-colchon.jpg\u00bb align=\u00bbcenter\u00bb module_class=\u00bbno-select\u00bb _builder_version=\u00bb4.0.11&#8243;][\/et_pb_image][et_pb_button button_url=\u00bbhttps:\/\/colchonesignifugos.com\/fr\/matelas-secteur-penitencier\/\u00bb button_text=\u00bbMatelas\u00bb button_alignment=\u00bbcenter\u00bb _builder_version=\u00bb4.0.11&#8243; custom_button=\u00bbon\u00bb button_bg_use_color_gradient=\u00bbon\u00bb button_bg_color_gradient_start=\u00bb#f6fcfd\u00bb button_bg_color_gradient_end=\u00bb#60777c\u00bb button_border_width=\u00bb1px\u00bb button_border_color=\u00bb#60777c\u00bb button_border_radius=\u00bb0px\u00bb button_font=\u00bb|600|||||||\u00bb button_use_icon=\u00bboff\u00bb background_layout=\u00bbdark\u00bb custom_css_main_element=\u00bbmin-width: 100%\u00bb button_bg_color__hover_enabled=\u00bbon|hover\u00bb button_bg_color__hover=\u00bb#006868&#8243; button_bg_enable_color__hover=\u00bbon\u00bb][\/et_pb_button][\/et_pb_column][et_pb_column type=\u00bb1_4&#8243; _builder_version=\u00bb4.0.11&#8243;][et_pb_image src=\u00bbhttps:\/\/colchonesignifugos.com\/fr\/wp-content\/uploads\/sites\/3\/2020\/01\/ccf52-sector-carceles-somier.jpg\u00bb align=\u00bbcenter\u00bb module_class=\u00bbno-select\u00bb _builder_version=\u00bb4.0.11&#8243;][\/et_pb_image][et_pb_button button_url=\u00bbhttps:\/\/colchonesignifugos.com\/fr\/sommiers-secteur-penitencier\/\u00bb button_text=\u00bbSommiers\u00bb button_alignment=\u00bbcenter\u00bb _builder_version=\u00bb4.0.11&#8243; custom_button=\u00bbon\u00bb button_bg_use_color_gradient=\u00bbon\u00bb button_bg_color_gradient_start=\u00bb#f6fcfd\u00bb button_bg_color_gradient_end=\u00bb#60777c\u00bb button_border_width=\u00bb1px\u00bb button_border_color=\u00bb#60777c\u00bb button_border_radius=\u00bb0px\u00bb button_font=\u00bb|600|||||||\u00bb button_use_icon=\u00bboff\u00bb background_layout=\u00bbdark\u00bb custom_css_main_element=\u00bbmin-width: 100%\u00bb button_bg_color__hover_enabled=\u00bbon|hover\u00bb button_bg_color__hover=\u00bb#006868&#8243; button_bg_enable_color__hover=\u00bbon\u00bb][\/et_pb_button][\/et_pb_column][et_pb_column type=\u00bb1_4&#8243; _builder_version=\u00bb4.0.11&#8243;][et_pb_image src=\u00bbhttps:\/\/colchonesignifugos.com\/fr\/wp-content\/uploads\/sites\/3\/2020\/01\/73780-sector-carceles-sabana-1.jpg\u00bb align=\u00bbcenter\u00bb module_class=\u00bbno-select\u00bb _builder_version=\u00bb4.0.11&#8243;][\/et_pb_image][et_pb_button button_url=\u00bbhttps:\/\/colchonesignifugos.com\/fr\/draps-secteur-penitencier\/\u00bb button_text=\u00bbDraps\u00bb button_alignment=\u00bbcenter\u00bb _builder_version=\u00bb4.0.11&#8243; custom_button=\u00bbon\u00bb button_bg_use_color_gradient=\u00bbon\u00bb button_bg_color_gradient_start=\u00bb#f6fcfd\u00bb button_bg_color_gradient_end=\u00bb#60777c\u00bb button_border_width=\u00bb1px\u00bb button_border_color=\u00bb#60777c\u00bb button_border_radius=\u00bb0px\u00bb button_font=\u00bb|600|||||||\u00bb button_use_icon=\u00bboff\u00bb background_layout=\u00bbdark\u00bb custom_css_main_element=\u00bbmin-width: 100%\u00bb button_bg_color__hover_enabled=\u00bbon|hover\u00bb button_bg_color__hover=\u00bb#006868&#8243; button_bg_enable_color__hover=\u00bbon\u00bb][\/et_pb_button][\/et_pb_column][et_pb_column type=\u00bb1_4&#8243; _builder_version=\u00bb4.0.11&#8243;][et_pb_image src=\u00bbhttps:\/\/colchonesignifugos.com\/fr\/wp-content\/uploads\/sites\/3\/2020\/01\/6b5ad-sector-carceles-cortina.jpg\u00bb align=\u00bbcenter\u00bb _builder_version=\u00bb4.0.11&#8243;][\/et_pb_image][et_pb_button button_url=\u00bbhttps:\/\/colchonesignifugos.com\/fr\/rideaux-secteur-penitencier\/\u00bb button_text=\u00bbRideaux\u00bb button_alignment=\u00bbcenter\u00bb _builder_version=\u00bb4.0.11&#8243; custom_button=\u00bbon\u00bb button_bg_color=\u00bb#008080&#8243; button_border_width=\u00bb1px\u00bb button_border_color=\u00bb#000000&#8243; button_border_radius=\u00bb0px\u00bb button_font=\u00bb|600|||||||\u00bb button_use_icon=\u00bboff\u00bb background_layout=\u00bbdark\u00bb custom_css_main_element=\u00bbmin-width: 100%\u00bb button_bg_color__hover_enabled=\u00bbon|hover\u00bb button_bg_color__hover=\u00bb#006868&#8243; button_bg_enable_color__hover=\u00bbon\u00bb][\/et_pb_button][\/et_pb_column][\/et_pb_row][\/et_pb_section][et_pb_section fb_built=\u00bb1&#8243; custom_padding_last_edited=\u00bbon|desktop\u00bb _builder_version=\u00bb4.0.11&#8243; custom_padding=\u00bb10px||10px||false|false\u00bb custom_padding_tablet=\u00bb10px||10px||false|false\u00bb custom_padding_phone=\u00bb10px||10px||false|false\u00bb][et_pb_row _builder_version=\u00bb4.0.11&#8243;][et_pb_column type=\u00bb4_4&#8243; _builder_version=\u00bb4.0.11&#8243;][et_pb_text _builder_version=\u00bb4.0.11&#8243; text_text_color=\u00bb#008080&#8243; text_orientation=\u00bbcenter\u00bb]Choisissez le produit p\u00e9nitentiaire pour lequel vous souhaitez plus d\u2019informations.[\/et_pb_text][\/et_pb_column][\/et_pb_row][et_pb_row _builder_version=\u00bb4.0.11&#8243;][et_pb_column type=\u00bb4_4&#8243; _builder_version=\u00bb4.0.11&#8243;][et_pb_image src=\u00bbhttps:\/\/colchonesignifugos.com\/fr\/wp-content\/uploads\/sites\/3\/2020\/01\/263e6-caracteristicas-colchones-h.jpg\u00bb align=\u00bbcenter\u00bb _builder_version=\u00bb4.0.11&#8243;][\/et_pb_image][\/et_pb_column][\/et_pb_row][\/et_pb_section][et_pb_section fb_built=\u00bb1&#8243; custom_padding_last_edited=\u00bbon|desktop\u00bb _builder_version=\u00bb4.0.11&#8243; custom_padding=\u00bb10px||10px||false|false\u00bb custom_padding_tablet=\u00bb10px||10px||false|false\u00bb custom_padding_phone=\u00bb10px||10px||false|false\u00bb saved_tabs=\u00bball\u00bb][et_pb_row _builder_version=\u00bb4.0.11&#8243;][et_pb_column type=\u00bb4_4&#8243; _builder_version=\u00bb4.0.11&#8243;][et_pb_image src=\u00bbhttps:\/\/colchonesignifugos.com\/fr\/wp-content\/uploads\/sites\/3\/2020\/01\/a0b80-pie-index.jpg\u00bb align=\u00bbcenter\u00bb _builder_version=\u00bb4.0.11&#8243;][\/et_pb_image][\/et_pb_column][\/et_pb_row][\/et_pb_section]<\/p>\n","protected":false},"excerpt":{"rendered":"<p>Le principal fabricant en Espagne dans la production et la distribution de rideaux coupe-feu pour les prisons.Rideaux avec certificat ignifuge pour les prisons, carc\u00e9rale et les centres pour mineurs Nous fabriquons des rideaux avec certificat ignifuge \u00e0 haute r\u00e9sistance, sp\u00e9ciaux pour une utilisation dans les prisons et les centres de d\u00e9tention Rideaux ignifuges conformes \u00e0 [&hellip;]<\/p>\n","protected":false},"author":1,"featured_media":0,"parent":0,"menu_order":0,"comment_status":"closed","ping_status":"closed","template":"","meta":{"_et_pb_use_builder":"on","_et_pb_old_content":"","_et_gb_content_width":""},"yoast_head":"<!-- This site is optimized with the Yoast SEO plugin v19.4 - https:\/\/yoast.com\/wordpress\/plugins\/seo\/ -->\n<title>Rideaux avec certificat ignifuge pour les prisons | Decoratel<\/title>\n<meta name=\"description\" content=\"Rideaux avec certificat ignifuge pour les prisons, carc\u00e9rale et les centres pour mineurs. Nous fabriquons des rideaux avec certificat ignifuge \u00e0 haute r\u00e9sistance, sp\u00e9ciaux pour une utilisation dans les prisons.\" \/>\n<meta name=\"robots\" content=\"index, follow, max-snippet:-1, max-image-preview:large, max-video-preview:-1\" \/>\n<link rel=\"canonical\" href=\"https:\/\/colchonesignifugos.com\/fr\/rideaux-secteur-penitencier\/\" \/>\n<meta property=\"og:locale\" content=\"es_ES\" \/>\n<meta property=\"og:type\" content=\"article\" \/>\n<meta property=\"og:title\" content=\"Rideaux avec certificat ignifuge pour les prisons | Decoratel\" \/>\n<meta property=\"og:description\" content=\"Rideaux avec certificat ignifuge pour les prisons, carc\u00e9rale et les centres pour mineurs. Nous fabriquons des rideaux avec certificat ignifuge \u00e0 haute r\u00e9sistance, sp\u00e9ciaux pour une utilisation dans les prisons.\" \/>\n<meta property=\"og:url\" content=\"https:\/\/colchonesignifugos.com\/fr\/rideaux-secteur-penitencier\/\" \/>\n<meta property=\"og:site_name\" content=\"Matelas ignifuges\" \/>\n<meta property=\"article:modified_time\" content=\"2020-01-15T13:57:31+00:00\" \/>\n<meta name=\"twitter:card\" content=\"summary_large_image\" \/>\n<meta name=\"twitter:label1\" content=\"Tiempo de lectura\" \/>\n\t<meta name=\"twitter:data1\" content=\"10 minutos\" \/>\n<script type=\"application\/ld+json\" class=\"yoast-schema-graph\">{\"@context\":\"https:\/\/schema.org\",\"@graph\":[{\"@type\":\"WebSite\",\"@id\":\"https:\/\/colchonesignifugos.com\/fr\/#website\",\"url\":\"https:\/\/colchonesignifugos.com\/fr\/\",\"name\":\"Matelas ignifuges\",\"description\":\"Fabricant de matelas ignifuges\",\"potentialAction\":[{\"@type\":\"SearchAction\",\"target\":{\"@type\":\"EntryPoint\",\"urlTemplate\":\"https:\/\/colchonesignifugos.com\/fr\/?s={search_term_string}\"},\"query-input\":\"required name=search_term_string\"}],\"inLanguage\":\"es\"},{\"@type\":\"WebPage\",\"@id\":\"https:\/\/colchonesignifugos.com\/fr\/rideaux-secteur-penitencier\/\",\"url\":\"https:\/\/colchonesignifugos.com\/fr\/rideaux-secteur-penitencier\/\",\"name\":\"Rideaux avec certificat ignifuge pour les prisons | Decoratel\",\"isPartOf\":{\"@id\":\"https:\/\/colchonesignifugos.com\/fr\/#website\"},\"datePublished\":\"2020-01-13T11:23:16+00:00\",\"dateModified\":\"2020-01-15T13:57:31+00:00\",\"description\":\"Rideaux avec certificat ignifuge pour les prisons, carc\u00e9rale et les centres pour mineurs. Nous fabriquons des rideaux avec certificat ignifuge \u00e0 haute r\u00e9sistance, sp\u00e9ciaux pour une utilisation dans les prisons.\",\"breadcrumb\":{\"@id\":\"https:\/\/colchonesignifugos.com\/fr\/rideaux-secteur-penitencier\/#breadcrumb\"},\"inLanguage\":\"es\",\"potentialAction\":[{\"@type\":\"ReadAction\",\"target\":[\"https:\/\/colchonesignifugos.com\/fr\/rideaux-secteur-penitencier\/\"]}]},{\"@type\":\"BreadcrumbList\",\"@id\":\"https:\/\/colchonesignifugos.com\/fr\/rideaux-secteur-penitencier\/#breadcrumb\",\"itemListElement\":[{\"@type\":\"ListItem\",\"position\":1,\"name\":\"Portada\",\"item\":\"https:\/\/colchonesignifugos.com\/fr\/\"},{\"@type\":\"ListItem\",\"position\":2,\"name\":\"Rideaux pour penitenciers\"}]}]}<\/script>\n<!-- \/ Yoast SEO plugin. -->","yoast_head_json":{"title":"Rideaux avec certificat ignifuge pour les prisons | Decoratel","description":"Rideaux avec certificat ignifuge pour les prisons, carc\u00e9rale et les centres pour mineurs. Nous fabriquons des rideaux avec certificat ignifuge \u00e0 haute r\u00e9sistance, sp\u00e9ciaux pour une utilisation dans les prisons.","robots":{"index":"index","follow":"follow","max-snippet":"max-snippet:-1","max-image-preview":"max-image-preview:large","max-video-preview":"max-video-preview:-1"},"canonical":"https:\/\/colchonesignifugos.com\/fr\/rideaux-secteur-penitencier\/","og_locale":"es_ES","og_type":"article","og_title":"Rideaux avec certificat ignifuge pour les prisons | Decoratel","og_description":"Rideaux avec certificat ignifuge pour les prisons, carc\u00e9rale et les centres pour mineurs. Nous fabriquons des rideaux avec certificat ignifuge \u00e0 haute r\u00e9sistance, sp\u00e9ciaux pour une utilisation dans les prisons.","og_url":"https:\/\/colchonesignifugos.com\/fr\/rideaux-secteur-penitencier\/","og_site_name":"Matelas ignifuges","article_modified_time":"2020-01-15T13:57:31+00:00","twitter_card":"summary_large_image","twitter_misc":{"Tiempo de lectura":"10 minutos"},"schema":{"@context":"https:\/\/schema.org","@graph":[{"@type":"WebSite","@id":"https:\/\/colchonesignifugos.com\/fr\/#website","url":"https:\/\/colchonesignifugos.com\/fr\/","name":"Matelas ignifuges","description":"Fabricant de matelas ignifuges","potentialAction":[{"@type":"SearchAction","target":{"@type":"EntryPoint","urlTemplate":"https:\/\/colchonesignifugos.com\/fr\/?s={search_term_string}"},"query-input":"required name=search_term_string"}],"inLanguage":"es"},{"@type":"WebPage","@id":"https:\/\/colchonesignifugos.com\/fr\/rideaux-secteur-penitencier\/","url":"https:\/\/colchonesignifugos.com\/fr\/rideaux-secteur-penitencier\/","name":"Rideaux avec certificat ignifuge pour les prisons | Decoratel","isPartOf":{"@id":"https:\/\/colchonesignifugos.com\/fr\/#website"},"datePublished":"2020-01-13T11:23:16+00:00","dateModified":"2020-01-15T13:57:31+00:00","description":"Rideaux avec certificat ignifuge pour les prisons, carc\u00e9rale et les centres pour mineurs. Nous fabriquons des rideaux avec certificat ignifuge \u00e0 haute r\u00e9sistance, sp\u00e9ciaux pour une utilisation dans les prisons.","breadcrumb":{"@id":"https:\/\/colchonesignifugos.com\/fr\/rideaux-secteur-penitencier\/#breadcrumb"},"inLanguage":"es","potentialAction":[{"@type":"ReadAction","target":["https:\/\/colchonesignifugos.com\/fr\/rideaux-secteur-penitencier\/"]}]},{"@type":"BreadcrumbList","@id":"https:\/\/colchonesignifugos.com\/fr\/rideaux-secteur-penitencier\/#breadcrumb","itemListElement":[{"@type":"ListItem","position":1,"name":"Portada","item":"https:\/\/colchonesignifugos.com\/fr\/"},{"@type":"ListItem","position":2,"name":"Rideaux pour penitenciers"}]}]}},"_links":{"self":[{"href":"https:\/\/colchonesignifugos.com\/fr\/wp-json\/wp\/v2\/pages\/319"}],"collection":[{"href":"https:\/\/colchonesignifugos.com\/fr\/wp-json\/wp\/v2\/pages"}],"about":[{"href":"https:\/\/colchonesignifugos.com\/fr\/wp-json\/wp\/v2\/types\/page"}],"author":[{"embeddable":true,"href":"https:\/\/colchonesignifugos.com\/fr\/wp-json\/wp\/v2\/users\/1"}],"replies":[{"embeddable":true,"href":"https:\/\/colchonesignifugos.com\/fr\/wp-json\/wp\/v2\/comments?post=319"}],"version-history":[{"count":6,"href":"https:\/\/colchonesignifugos.com\/fr\/wp-json\/wp\/v2\/pages\/319\/revisions"}],"predecessor-version":[{"id":436,"href":"https:\/\/colchonesignifugos.com\/fr\/wp-json\/wp\/v2\/pages\/319\/revisions\/436"}],"wp:attachment":[{"href":"https:\/\/colchonesignifugos.com\/fr\/wp-json\/wp\/v2\/media?parent=319"}],"curies":[{"name":"wp","href":"https:\/\/api.w.org\/{rel}","templated":true}]}}