{"id":366,"date":"2020-01-13T12:15:18","date_gmt":"2020-01-13T12:15:18","guid":{"rendered":"http:\/\/colchonesignifugos.com\/fr\/?page_id=366"},"modified":"2020-01-15T10:21:14","modified_gmt":"2020-01-15T10:21:14","slug":"mentions-legales","status":"publish","type":"page","link":"https:\/\/colchonesignifugos.com\/fr\/mentions-legales\/","title":{"rendered":"Mentions l\u00e9gales"},"content":{"rendered":"<p>[et_pb_section fb_built=\u00bb1&#8243; _builder_version=\u00bb4.0.11&#8243; custom_padding=\u00bb0px||0px||false|false\u00bb saved_tabs=\u00bball\u00bb][et_pb_row _builder_version=\u00bb4.0.11&#8243; custom_padding=\u00bb0px||0px||false|false\u00bb][et_pb_column type=\u00bb4_4&#8243; _builder_version=\u00bb4.0.11&#8243;][et_pb_image src=\u00bbhttps:\/\/colchonesignifugos.com\/fr\/wp-content\/uploads\/sites\/3\/2020\/01\/9d1d5-cabecera-accueil.jpg\u00bb _builder_version=\u00bb4.1&#8243; hover_enabled=\u00bb0&#8243; align=\u00bbcenter\u00bb][\/et_pb_image][\/et_pb_column][\/et_pb_row][\/et_pb_section][et_pb_section fb_built=\u00bb1&#8243; custom_padding_last_edited=\u00bbon|desktop\u00bb _builder_version=\u00bb4.0.11&#8243; custom_padding=\u00bb10px||10px||false|false\u00bb custom_padding_tablet=\u00bb10px||10px||false|false\u00bb custom_padding_phone=\u00bb10px||10px||false|false\u00bb][et_pb_row _builder_version=\u00bb4.0.11&#8243;][et_pb_column type=\u00bb4_4&#8243; _builder_version=\u00bb4.0.11&#8243;][et_pb_text _builder_version=\u00bb4.0.11&#8243; text_orientation=\u00bbjustified\u00bb z_index_tablet=\u00bb500&#8243; text_text_shadow_horizontal_length_tablet=\u00bb0px\u00bb text_text_shadow_vertical_length_tablet=\u00bb0px\u00bb text_text_shadow_blur_strength_tablet=\u00bb1px\u00bb link_text_shadow_horizontal_length_tablet=\u00bb0px\u00bb link_text_shadow_vertical_length_tablet=\u00bb0px\u00bb link_text_shadow_blur_strength_tablet=\u00bb1px\u00bb ul_text_shadow_horizontal_length_tablet=\u00bb0px\u00bb ul_text_shadow_vertical_length_tablet=\u00bb0px\u00bb ul_text_shadow_blur_strength_tablet=\u00bb1px\u00bb ol_text_shadow_horizontal_length_tablet=\u00bb0px\u00bb ol_text_shadow_vertical_length_tablet=\u00bb0px\u00bb ol_text_shadow_blur_strength_tablet=\u00bb1px\u00bb quote_text_shadow_horizontal_length_tablet=\u00bb0px\u00bb quote_text_shadow_vertical_length_tablet=\u00bb0px\u00bb quote_text_shadow_blur_strength_tablet=\u00bb1px\u00bb header_text_shadow_horizontal_length_tablet=\u00bb0px\u00bb header_text_shadow_vertical_length_tablet=\u00bb0px\u00bb header_text_shadow_blur_strength_tablet=\u00bb1px\u00bb header_2_text_shadow_horizontal_length_tablet=\u00bb0px\u00bb header_2_text_shadow_vertical_length_tablet=\u00bb0px\u00bb header_2_text_shadow_blur_strength_tablet=\u00bb1px\u00bb header_3_text_shadow_horizontal_length_tablet=\u00bb0px\u00bb header_3_text_shadow_vertical_length_tablet=\u00bb0px\u00bb header_3_text_shadow_blur_strength_tablet=\u00bb1px\u00bb header_4_text_shadow_horizontal_length_tablet=\u00bb0px\u00bb header_4_text_shadow_vertical_length_tablet=\u00bb0px\u00bb header_4_text_shadow_blur_strength_tablet=\u00bb1px\u00bb header_5_text_shadow_horizontal_length_tablet=\u00bb0px\u00bb header_5_text_shadow_vertical_length_tablet=\u00bb0px\u00bb header_5_text_shadow_blur_strength_tablet=\u00bb1px\u00bb header_6_text_shadow_horizontal_length_tablet=\u00bb0px\u00bb header_6_text_shadow_vertical_length_tablet=\u00bb0px\u00bb header_6_text_shadow_blur_strength_tablet=\u00bb1px\u00bb box_shadow_horizontal_tablet=\u00bb0px\u00bb box_shadow_vertical_tablet=\u00bb0px\u00bb box_shadow_blur_tablet=\u00bb40px\u00bb box_shadow_spread_tablet=\u00bb0px\u00bb]Pour se conformer aux dispositions de la loi 34\/2002 du 11 Juillet, la Soci\u00e9t\u00e9 des services d&#8217;information et de commerce \u00e9lectronique (LSSICE), puis les informations g\u00e9n\u00e9rales du site sont r\u00e9pertori\u00e9s www.decoratel.com<\/p>\n<p>Decoratel Espa\u00f1a S.L.<br \/>\nCIF: B90241126<br \/>\nAdresse: C \/ Amancio Renes, 72, 41702 Dos Hermanas (Sevilla)<br \/>\nEmail: comercial@decoratel.com<\/p>\n<p>Conditions d&#8217;utilisation: L&#8217;utilisateur acc\u00e8de volontairement ce site, ce qui implique qu&#8217;il va utiliser conform\u00e9ment \u00e0 la pr\u00e9sente notice l\u00e9gale et les conditions particuli\u00e8res de certains services, le droit, la morale, la bonne foi et \/ ou aux bonnes m\u0153urs.<br \/>\nDecoratel Espa\u00f1a S.L. .. se r\u00e9serve le droit de modifier sans pr\u00e9avis le contenu de cet avis l\u00e9gal, et donc pour une bonne utilisation du site, nous vous recommandons de visiter cette section.<\/p>\n<p>Propri\u00e9t\u00e9 intellectuelle Decoratel Espa\u00f1a S.L., pr\u00e9sente le contenu de ce site pour obtenir des informations sur leurs activit\u00e9s et publications. Par cons\u00e9quent, il est express\u00e9ment interdit la reproduction, la copie, la modification, la distribution ou la transformation d&#8217;autres fins sans l&#8217;autorisation expresse \u00e9crite \u00e0 Decoratel Espa\u00f1a S.L.<br \/>\nDecoratel Espa\u00f1a S.L. Elle se r\u00e9serve le droit de modifier, mettre \u00e0 jour ou de supprimer tout contenu de ce site \u00e0 tout moment et sans pr\u00e9avis.<\/p>\n<p>Limitation de responsabilit\u00e9. Les informations contenues sur ce site ne peut pas \u00eatre correct, malgr\u00e9 les efforts d\u00e9ploy\u00e9s pour mener \u00e0 bien son exactitude et la mise \u00e0 jour. Par cons\u00e9quent, Decoratel Espa\u00f1a S.L., ne sont pas responsables des erreurs ou des dommages contenus d\u00e9coulant de son utilisation.<br \/>\nCe site contient des liens vers d&#8217;autres sites ext\u00e9rieurs Decoratel Espa\u00f1a S.L., les liens sont pr\u00e9sent\u00e9s uniquement \u00e0 titre d&#8217;information. La responsabilit\u00e9 du contenu des pages li\u00e9es correspondant aux propri\u00e9taires respectifs de ces pages.<br \/>\nDecoratel Espa\u00f1a S.L. est pas responsable des dommages r\u00e9sultant de l&#8217;utilisation de ce site ou de son contenu, ne garantissant pas l&#8217;absence de virus ou de l&#8217;incapacit\u00e9 de causer des dommages aux utilisateurs de syst\u00e8mes informatiques.<\/p>\n<p>Protection de la Politique des Donn\u00e9es Personnelles. Gr\u00e2ce \u00e0 cet avis l\u00e9gal, Decoratel Spain SL, informe les utilisateurs de ce site, en conformit\u00e9 avec la loi 15\/1999 du 13 D\u00e9cembre, la protection des donn\u00e9es personnelles (LOPDP) sur sa politique de protection personnels afin qu&#8217;ils puissent d\u00e9cider express\u00e9ment, librement et volontairement, si elles souhaitent fournir des donn\u00e9es personnelles Decoratel Espa\u00f1a SLlos a demand\u00e9 des donn\u00e9es \u00e0 leur disposition.<br \/>\nL&#8217;utilisateur fournissant volontairement des donn\u00e9es personnelles sur les formulaires de ce site Web ou email envoi accepter, autorise express\u00e9ment Decoratel Espa\u00f1a S.L. .. pour le processus et d&#8217;int\u00e9grer dans un fichier appartenant.<br \/>\nLa collecte et le traitement des donn\u00e9es personnelles que les utilisateurs fournissent vise l&#8217;entretien, la s\u00e9curit\u00e9 et le contr\u00f4le de la relation \u00e9tablie entre elle et Decoratel Espa\u00f1a S.L., envoyer des informations par email.<br \/>\nDecoratel Espa\u00f1a S.L. Il a pris les mesures techniques n\u00e9cessaires pour emp\u00eacher l&#8217;alt\u00e9ration, la perte ou le traitement non autoris\u00e9 des donn\u00e9es personnelles que les utilisateurs fournissent, compte tenu des limites de l&#8217;Internet, et exprime son engagement \u00e0 la confidentialit\u00e9 concernant le traitement des donn\u00e9es personnelles des utilisateurs .<br \/>\nL&#8217;utilisateur a le droit d&#8217;acc\u00e9der aux informations vous concernant recueillies dans le fichier Decoratel Spain SL, modifier si erron\u00e9e, d&#8217;annulation ou de s&#8217;opposer \u00e0 son traitement par e-mail adress\u00e9 \u00e0 Decoratel Spain SL, ou par courrier adress\u00e9 \u00e0 l&#8217;adresse indiqu\u00e9e dans le titre du pr\u00e9sent avis juridique. Dans les deux cas, il doit \u00eatre suffisamment prouver l&#8217;identit\u00e9 de l&#8217;utilisateur.<br \/>\nDecoratel Espa\u00f1a S.L. informe que les donn\u00e9es personnelles des utilisateurs de ce site Web des cookies qui permettent l&#8217;identification ne seront pas contr\u00f4l\u00e9s. Decoratel Espa\u00f1a S.L. Google Analytics utilise (voir avertissement ci-dessous) pour analyser des aspects de l&#8217;acc\u00e8s \u00e0 leurs sites Web, tels que les pages les plus visit\u00e9es ou le temps des visites. Cette information sera trait\u00e9e avec des fins statistiques et d&#8217;am\u00e9liorer les services offerts \u00e0 partir de votre site Web et dans aucun cas, r\u00e9v\u00e9ler l&#8217;identit\u00e9 de l&#8217;utilisateur.<\/p>\n<p>Avis juridique Google Analytics. Ce site utilise Google Analytics, un service d&#8217;analyse de site internet fourni par Google, Inc., une soci\u00e9t\u00e9 du Delaware dont le bureau principal est au 1600 Amphitheatre Parkway, Mountain View (Californie), CA 94043, \u00c9tats-Unis ( \u00abGoogle\u00bb).<br \/>\nGoogle Analytics utilise des \u00abcookies\u00bb, qui sont des fichiers texte plac\u00e9s sur votre ordinateur, pour aider le site \u00e0 analyser l&#8217;utilisation du site. Les informations g\u00e9n\u00e9r\u00e9es par les cookies concernant votre utilisation du site (y compris votre adresse IP) seront transmises et stock\u00e9es par Google sur des serveurs aux \u00c9tats-Unis. Google utilisera cette information en notre nom afin de suivre et l&#8217;utilisation du site, de compiler des rapports sur l&#8217;activit\u00e9 du site et fournir d&#8217;autres services relatifs \u00e0 l&#8217;activit\u00e9 du site et l&#8217;utilisation d&#8217;Internet. Google peut \u00e9galement transf\u00e9rer ces informations \u00e0 des tiers lorsque cela est requis par la loi ou lorsque ces veaux pocesen les informations au nom de Google. Google ne recoupera pas votre adresse IP avec toute autre donn\u00e9e d\u00e9tenue par Google.<\/p>\n<p>Pouvez-vous refuser le traitement des donn\u00e9es ou des informations rechanzando l&#8217;utilisation de cookies en s\u00e9lectionnant les param\u00e8tres appropri\u00e9s de votre navigateur, cependant, vous devez savoir que cela peut ne pas \u00eatre en mesure d&#8217;utiliser toutes les fonctionnalit\u00e9s de ce site . En utilisant ce site, vous consentez au traitement des informations vous concernant par Google de la mani\u00e8re et aux fins d\u00e9crites ci-dessus.<br \/>\n[\/et_pb_text][\/et_pb_column][\/et_pb_row][\/et_pb_section][et_pb_section fb_built=\u00bb1&#8243; custom_padding_last_edited=\u00bbon|desktop\u00bb _builder_version=\u00bb4.0.11&#8243; custom_padding=\u00bb10px||10px||false|false\u00bb custom_padding_tablet=\u00bb10px||10px||false|false\u00bb custom_padding_phone=\u00bb10px||10px||false|false\u00bb saved_tabs=\u00bball\u00bb][et_pb_row _builder_version=\u00bb4.0.11&#8243;][et_pb_column type=\u00bb4_4&#8243; _builder_version=\u00bb4.0.11&#8243;][et_pb_image src=\u00bbhttps:\/\/colchonesignifugos.com\/fr\/wp-content\/uploads\/sites\/3\/2020\/01\/a0b80-pie-index.jpg\u00bb align=\u00bbcenter\u00bb _builder_version=\u00bb4.0.11&#8243;][\/et_pb_image][\/et_pb_column][\/et_pb_row][\/et_pb_section]<\/p>\n","protected":false},"excerpt":{"rendered":"<p>Pour se conformer aux dispositions de la loi 34\/2002 du 11 Juillet, la Soci\u00e9t\u00e9 des services d&#8217;information et de commerce \u00e9lectronique (LSSICE), puis les informations g\u00e9n\u00e9rales du site sont r\u00e9pertori\u00e9s www.decoratel.com Decoratel Espa\u00f1a S.L. CIF: B90241126 Adresse: C \/ Amancio Renes, 72, 41702 Dos Hermanas (Sevilla) Email: comercial@decoratel.com Conditions d&#8217;utilisation: L&#8217;utilisateur acc\u00e8de volontairement ce site, [&hellip;]<\/p>\n","protected":false},"author":1,"featured_media":0,"parent":0,"menu_order":0,"comment_status":"closed","ping_status":"closed","template":"","meta":{"_et_pb_use_builder":"on","_et_pb_old_content":"","_et_gb_content_width":""},"yoast_head":"<!-- This site is optimized with the Yoast SEO plugin v19.4 - https:\/\/yoast.com\/wordpress\/plugins\/seo\/ -->\n<title>Mentions l\u00e9gales - Matelas ignifuges<\/title>\n<meta name=\"robots\" content=\"index, follow, max-snippet:-1, max-image-preview:large, max-video-preview:-1\" \/>\n<link rel=\"canonical\" href=\"https:\/\/colchonesignifugos.com\/fr\/mentions-legales\/\" \/>\n<meta property=\"og:locale\" content=\"es_ES\" \/>\n<meta property=\"og:type\" content=\"article\" \/>\n<meta property=\"og:title\" content=\"Mentions l\u00e9gales - Matelas ignifuges\" \/>\n<meta property=\"og:description\" content=\"Pour se conformer aux dispositions de la loi 34\/2002 du 11 Juillet, la Soci\u00e9t\u00e9 des services d&#039;information et de commerce \u00e9lectronique (LSSICE), puis les informations g\u00e9n\u00e9rales du site sont r\u00e9pertori\u00e9s www.decoratel.com Decoratel Espa\u00f1a S.L. CIF: B90241126 Adresse: C \/ Amancio Renes, 72, 41702 Dos Hermanas (Sevilla) Email: comercial@decoratel.com Conditions d&#039;utilisation: L&#039;utilisateur acc\u00e8de volontairement ce site, [&hellip;]\" \/>\n<meta property=\"og:url\" content=\"https:\/\/colchonesignifugos.com\/fr\/mentions-legales\/\" \/>\n<meta property=\"og:site_name\" content=\"Matelas ignifuges\" \/>\n<meta property=\"article:modified_time\" content=\"2020-01-15T10:21:14+00:00\" \/>\n<meta name=\"twitter:card\" content=\"summary_large_image\" \/>\n<meta name=\"twitter:label1\" content=\"Tiempo de lectura\" \/>\n\t<meta name=\"twitter:data1\" content=\"7 minutos\" \/>\n<script type=\"application\/ld+json\" class=\"yoast-schema-graph\">{\"@context\":\"https:\/\/schema.org\",\"@graph\":[{\"@type\":\"WebSite\",\"@id\":\"https:\/\/colchonesignifugos.com\/fr\/#website\",\"url\":\"https:\/\/colchonesignifugos.com\/fr\/\",\"name\":\"Matelas ignifuges\",\"description\":\"Fabricant de matelas ignifuges\",\"potentialAction\":[{\"@type\":\"SearchAction\",\"target\":{\"@type\":\"EntryPoint\",\"urlTemplate\":\"https:\/\/colchonesignifugos.com\/fr\/?s={search_term_string}\"},\"query-input\":\"required name=search_term_string\"}],\"inLanguage\":\"es\"},{\"@type\":\"WebPage\",\"@id\":\"https:\/\/colchonesignifugos.com\/fr\/mentions-legales\/\",\"url\":\"https:\/\/colchonesignifugos.com\/fr\/mentions-legales\/\",\"name\":\"Mentions l\u00e9gales - Matelas ignifuges\",\"isPartOf\":{\"@id\":\"https:\/\/colchonesignifugos.com\/fr\/#website\"},\"datePublished\":\"2020-01-13T12:15:18+00:00\",\"dateModified\":\"2020-01-15T10:21:14+00:00\",\"breadcrumb\":{\"@id\":\"https:\/\/colchonesignifugos.com\/fr\/mentions-legales\/#breadcrumb\"},\"inLanguage\":\"es\",\"potentialAction\":[{\"@type\":\"ReadAction\",\"target\":[\"https:\/\/colchonesignifugos.com\/fr\/mentions-legales\/\"]}]},{\"@type\":\"BreadcrumbList\",\"@id\":\"https:\/\/colchonesignifugos.com\/fr\/mentions-legales\/#breadcrumb\",\"itemListElement\":[{\"@type\":\"ListItem\",\"position\":1,\"name\":\"Portada\",\"item\":\"https:\/\/colchonesignifugos.com\/fr\/\"},{\"@type\":\"ListItem\",\"position\":2,\"name\":\"Mentions l\u00e9gales\"}]}]}<\/script>\n<!-- \/ Yoast SEO plugin. -->","yoast_head_json":{"title":"Mentions l\u00e9gales - Matelas ignifuges","robots":{"index":"index","follow":"follow","max-snippet":"max-snippet:-1","max-image-preview":"max-image-preview:large","max-video-preview":"max-video-preview:-1"},"canonical":"https:\/\/colchonesignifugos.com\/fr\/mentions-legales\/","og_locale":"es_ES","og_type":"article","og_title":"Mentions l\u00e9gales - Matelas ignifuges","og_description":"Pour se conformer aux dispositions de la loi 34\/2002 du 11 Juillet, la Soci\u00e9t\u00e9 des services d'information et de commerce \u00e9lectronique (LSSICE), puis les informations g\u00e9n\u00e9rales du site sont r\u00e9pertori\u00e9s www.decoratel.com Decoratel Espa\u00f1a S.L. CIF: B90241126 Adresse: C \/ Amancio Renes, 72, 41702 Dos Hermanas (Sevilla) Email: comercial@decoratel.com Conditions d'utilisation: L'utilisateur acc\u00e8de volontairement ce site, [&hellip;]","og_url":"https:\/\/colchonesignifugos.com\/fr\/mentions-legales\/","og_site_name":"Matelas ignifuges","article_modified_time":"2020-01-15T10:21:14+00:00","twitter_card":"summary_large_image","twitter_misc":{"Tiempo de lectura":"7 minutos"},"schema":{"@context":"https:\/\/schema.org","@graph":[{"@type":"WebSite","@id":"https:\/\/colchonesignifugos.com\/fr\/#website","url":"https:\/\/colchonesignifugos.com\/fr\/","name":"Matelas ignifuges","description":"Fabricant de matelas ignifuges","potentialAction":[{"@type":"SearchAction","target":{"@type":"EntryPoint","urlTemplate":"https:\/\/colchonesignifugos.com\/fr\/?s={search_term_string}"},"query-input":"required name=search_term_string"}],"inLanguage":"es"},{"@type":"WebPage","@id":"https:\/\/colchonesignifugos.com\/fr\/mentions-legales\/","url":"https:\/\/colchonesignifugos.com\/fr\/mentions-legales\/","name":"Mentions l\u00e9gales - Matelas ignifuges","isPartOf":{"@id":"https:\/\/colchonesignifugos.com\/fr\/#website"},"datePublished":"2020-01-13T12:15:18+00:00","dateModified":"2020-01-15T10:21:14+00:00","breadcrumb":{"@id":"https:\/\/colchonesignifugos.com\/fr\/mentions-legales\/#breadcrumb"},"inLanguage":"es","potentialAction":[{"@type":"ReadAction","target":["https:\/\/colchonesignifugos.com\/fr\/mentions-legales\/"]}]},{"@type":"BreadcrumbList","@id":"https:\/\/colchonesignifugos.com\/fr\/mentions-legales\/#breadcrumb","itemListElement":[{"@type":"ListItem","position":1,"name":"Portada","item":"https:\/\/colchonesignifugos.com\/fr\/"},{"@type":"ListItem","position":2,"name":"Mentions l\u00e9gales"}]}]}},"_links":{"self":[{"href":"https:\/\/colchonesignifugos.com\/fr\/wp-json\/wp\/v2\/pages\/366"}],"collection":[{"href":"https:\/\/colchonesignifugos.com\/fr\/wp-json\/wp\/v2\/pages"}],"about":[{"href":"https:\/\/colchonesignifugos.com\/fr\/wp-json\/wp\/v2\/types\/page"}],"author":[{"embeddable":true,"href":"https:\/\/colchonesignifugos.com\/fr\/wp-json\/wp\/v2\/users\/1"}],"replies":[{"embeddable":true,"href":"https:\/\/colchonesignifugos.com\/fr\/wp-json\/wp\/v2\/comments?post=366"}],"version-history":[{"count":3,"href":"https:\/\/colchonesignifugos.com\/fr\/wp-json\/wp\/v2\/pages\/366\/revisions"}],"predecessor-version":[{"id":407,"href":"https:\/\/colchonesignifugos.com\/fr\/wp-json\/wp\/v2\/pages\/366\/revisions\/407"}],"wp:attachment":[{"href":"https:\/\/colchonesignifugos.com\/fr\/wp-json\/wp\/v2\/media?parent=366"}],"curies":[{"name":"wp","href":"https:\/\/api.w.org\/{rel}","templated":true}]}}