{"id":374,"date":"2020-01-14T11:40:06","date_gmt":"2020-01-14T11:40:06","guid":{"rendered":"http:\/\/colchonesignifugos.com\/fr\/?page_id=374"},"modified":"2020-01-15T13:42:35","modified_gmt":"2020-01-15T13:42:35","slug":"matelas-certifies-imo-pour-bateaux","status":"publish","type":"page","link":"https:\/\/colchonesignifugos.com\/fr\/matelas-certifies-imo-pour-bateaux\/","title":{"rendered":"Matelas certifi\u00e9s IMO pour bateaux"},"content":{"rendered":"<p>[et_pb_section fb_built=\u00bb1&#8243; _builder_version=\u00bb4.0.11&#8243; custom_padding=\u00bb0px||0px||true|false\u00bb][et_pb_row _builder_version=\u00bb4.0.11&#8243; custom_padding=\u00bb0px||0px||true|false\u00bb][et_pb_column type=\u00bb4_4&#8243; _builder_version=\u00bb4.0.11&#8243;][et_pb_image src=\u00bbhttps:\/\/colchonesignifugos.com\/fr\/wp-content\/uploads\/sites\/3\/2020\/01\/c5010-cabecera-bateaux.jpg\u00bb _builder_version=\u00bb4.1&#8243; hover_enabled=\u00bb0&#8243; align=\u00bbcenter\u00bb][\/et_pb_image][\/et_pb_column][\/et_pb_row][\/et_pb_section][et_pb_section fb_built=\u00bb1&#8243; custom_padding_last_edited=\u00bbon|desktop\u00bb _builder_version=\u00bb4.0.11&#8243; custom_padding=\u00bb10px||10px||true|false\u00bb custom_padding_tablet=\u00bb10px||10px||false|false\u00bb custom_padding_phone=\u00bb10px||10px||false|false\u00bb][et_pb_row _builder_version=\u00bb4.0.11&#8243;][et_pb_column type=\u00bb4_4&#8243; _builder_version=\u00bb4.0.11&#8243;][et_pb_text _builder_version=\u00bb4.0.11&#8243; text_text_color=\u00bb#008080&#8243; header_2_font=\u00bb|600|||||||\u00bb header_2_font_size=\u00bb16px\u00bb header_2_line_height=\u00bb1.3em\u00bb]<\/p>\n<p>Le principal fabricant en Espagne dans la production et la distribution de <strong>matelas ignifuges pour bateaux<\/strong>.<\/p>\n<p>[\/et_pb_text][\/et_pb_column][\/et_pb_row][et_pb_row column_structure=\u00bb1_2,1_2&#8243; _builder_version=\u00bb4.0.11&#8243;][et_pb_column type=\u00bb1_2&#8243; _builder_version=\u00bb4.0.11&#8243;][et_pb_text _builder_version=\u00bb4.0.11&#8243; header_2_font=\u00bb|600|||||||\u00bb header_2_font_size=\u00bb16px\u00bb text_orientation=\u00bbjustified\u00bb]<strong>Matelas ignifuges pour navires et bateaux<\/strong><\/p>\n<p>Usine de matelas avec certificat IMO pour une utilisation dans le transport maritime<\/p>\n<p>Matelas avec certificat officiel de conformit\u00e9 aux r\u00e9glementations internationales de navigation les plus strictes<\/p>\n<p>L&#8217;usine Decoratel distribue \u00e0 la fois des matelas \u00e0 ressorts et des matelas en mousse pour les grandes compagnies maritimes internationales[\/et_pb_text][\/et_pb_column][et_pb_column type=\u00bb1_2&#8243; _builder_version=\u00bb4.0.11&#8243;][et_pb_image src=\u00bbhttps:\/\/colchonesignifugos.com\/fr\/wp-content\/uploads\/sites\/3\/2020\/01\/bf1cc-envio-internacional.jpg\u00bb align=\u00bbcenter\u00bb _builder_version=\u00bb4.0.11&#8243;][\/et_pb_image][\/et_pb_column][\/et_pb_row][\/et_pb_section][et_pb_section fb_built=\u00bb1&#8243; custom_padding_last_edited=\u00bbon|desktop\u00bb _builder_version=\u00bb4.0.11&#8243; custom_padding=\u00bb10px||10px||false|false\u00bb custom_padding_tablet=\u00bb10px||10px||false|false\u00bb custom_padding_phone=\u00bb10px||10px||false|false\u00bb][et_pb_row column_structure=\u00bb1_5,1_5,1_5,1_5,1_5&#8243; _builder_version=\u00bb4.0.11&#8243; max_width=\u00bb1200px\u00bb][et_pb_column type=\u00bb1_5&#8243; _builder_version=\u00bb4.0.11&#8243;][et_pb_button button_url=\u00bbhttps:\/\/colchonesignifugos.com\/fr\/matelas-hopital\/\u00bb button_text=\u00bbH\u00f4pital\u00bb button_alignment=\u00bbcenter\u00bb _builder_version=\u00bb4.0.11&#8243; custom_button=\u00bbon\u00bb button_bg_use_color_gradient=\u00bbon\u00bb button_bg_color_gradient_start=\u00bb#f6fcfd\u00bb button_bg_color_gradient_end=\u00bb#60777c\u00bb button_border_width=\u00bb1px\u00bb button_border_color=\u00bb#60777c\u00bb button_border_radius=\u00bb0px\u00bb button_font=\u00bb|600|||||||\u00bb button_use_icon=\u00bboff\u00bb background_layout=\u00bbdark\u00bb custom_css_main_element=\u00bbmin-width: 100%\u00bb button_bg_color__hover_enabled=\u00bbon|hover\u00bb button_bg_color__hover=\u00bb#006868&#8243; button_bg_enable_color__hover=\u00bbon\u00bb][\/et_pb_button][\/et_pb_column][et_pb_column type=\u00bb1_5&#8243; _builder_version=\u00bb4.0.11&#8243;][et_pb_button button_url=\u00bbhttps:\/\/colchonesignifugos.com\/fr\/matelas-residences\/\u00bb button_text=\u00bbR\u00e9sidences\u00bb button_alignment=\u00bbcenter\u00bb _builder_version=\u00bb4.0.11&#8243; custom_button=\u00bbon\u00bb button_bg_use_color_gradient=\u00bbon\u00bb button_bg_color_gradient_start=\u00bb#f6fcfd\u00bb button_bg_color_gradient_end=\u00bb#60777c\u00bb button_border_width=\u00bb1px\u00bb button_border_color=\u00bb#60777c\u00bb button_border_radius=\u00bb0px\u00bb button_font=\u00bb|600|||||||\u00bb button_use_icon=\u00bboff\u00bb background_layout=\u00bbdark\u00bb custom_css_main_element=\u00bbmin-width: 100%\u00bb button_bg_color__hover_enabled=\u00bbon|hover\u00bb button_bg_color__hover=\u00bb#006868&#8243; button_bg_enable_color__hover=\u00bbon\u00bb][\/et_pb_button][\/et_pb_column][et_pb_column type=\u00bb1_5&#8243; _builder_version=\u00bb4.0.11&#8243;][et_pb_button button_url=\u00bbhttps:\/\/colchonesignifugos.com\/fr\/matelas-navires\/\u00bb button_text=\u00bbNavires\u00bb button_alignment=\u00bbcenter\u00bb _builder_version=\u00bb4.0.11&#8243; custom_button=\u00bbon\u00bb button_bg_color=\u00bb#008080&#8243; button_border_width=\u00bb1px\u00bb button_border_color=\u00bb#000000&#8243; button_border_radius=\u00bb0px\u00bb button_font=\u00bb|600|||||||\u00bb button_use_icon=\u00bboff\u00bb background_layout=\u00bbdark\u00bb custom_css_main_element=\u00bbmin-width: 100%\u00bb button_bg_color__hover_enabled=\u00bbon|hover\u00bb button_bg_color__hover=\u00bb#006868&#8243; button_bg_enable_color__hover=\u00bbon\u00bb][\/et_pb_button][\/et_pb_column][et_pb_column type=\u00bb1_5&#8243; _builder_version=\u00bb4.0.11&#8243;][et_pb_button button_url=\u00bbhttps:\/\/colchonesignifugos.com\/fr\/matelas-prison\/\u00bb button_text=\u00bbPrisons\u00bb button_alignment=\u00bbcenter\u00bb _builder_version=\u00bb4.0.11&#8243; custom_button=\u00bbon\u00bb button_bg_use_color_gradient=\u00bbon\u00bb button_bg_color_gradient_start=\u00bb#f6fcfd\u00bb button_bg_color_gradient_end=\u00bb#60777c\u00bb button_border_width=\u00bb1px\u00bb button_border_color=\u00bb#60777c\u00bb button_border_radius=\u00bb0px\u00bb button_font=\u00bb|600|||||||\u00bb button_use_icon=\u00bboff\u00bb background_layout=\u00bbdark\u00bb custom_css_main_element=\u00bbmin-width: 100%\u00bb button_bg_color__hover_enabled=\u00bbon|hover\u00bb button_bg_color__hover=\u00bb#006868&#8243; button_bg_enable_color__hover=\u00bbon\u00bb][\/et_pb_button][\/et_pb_column][et_pb_column type=\u00bb1_5&#8243; _builder_version=\u00bb4.0.11&#8243;][et_pb_button button_url=\u00bbhttps:\/\/colchonesignifugos.com\/fr\/matelas-autres\/\u00bb button_text=\u00bbAutres\u00bb button_alignment=\u00bbcenter\u00bb button_text_last_edited=\u00bboff|desktop\u00bb _builder_version=\u00bb4.0.11&#8243; custom_button=\u00bbon\u00bb button_bg_use_color_gradient=\u00bbon\u00bb button_bg_color_gradient_start=\u00bb#f6fcfd\u00bb button_bg_color_gradient_end=\u00bb#60777c\u00bb button_border_width=\u00bb1px\u00bb button_border_color=\u00bb#60777c\u00bb button_border_radius=\u00bb0px\u00bb button_font=\u00bb|600|||||||\u00bb button_use_icon=\u00bboff\u00bb background_layout=\u00bbdark\u00bb custom_css_main_element=\u00bbmin-width: 100%\u00bb button_bg_color__hover_enabled=\u00bbon|hover\u00bb button_bg_color__hover=\u00bb#006868&#8243; button_bg_enable_color__hover=\u00bbon\u00bb][\/et_pb_button][\/et_pb_column][\/et_pb_row][\/et_pb_section][et_pb_section fb_built=\u00bb1&#8243; custom_padding_last_edited=\u00bbon|desktop\u00bb _builder_version=\u00bb4.0.11&#8243; custom_padding=\u00bb||10px||false|false\u00bb custom_padding_tablet=\u00bb10px||10px||false|false\u00bb custom_padding_phone=\u00bb10px||10px||false|false\u00bb][et_pb_row column_structure=\u00bb1_2,1_2&#8243; _builder_version=\u00bb4.0.11&#8243;][et_pb_column type=\u00bb1_2&#8243; _builder_version=\u00bb4.0.11&#8243;][et_pb_text _builder_version=\u00bb4.0.11&#8243; header_2_font=\u00bb|600|||||||\u00bb header_2_font_size=\u00bb16px\u00bb text_orientation=\u00bbcenter\u00bb]<iframe loading=\"lazy\" width=\"560\" height=\"315\" src=\"https:\/\/www.youtube.com\/embed\/4M09qYOaMCE\" frameborder=\"0\" allow=\"accelerometer; autoplay; encrypted-media; gyroscope; picture-in-picture\" allowfullscreen><\/iframe>[\/et_pb_text][et_pb_image src=\u00bbhttps:\/\/colchonesignifugos.com\/fr\/wp-content\/uploads\/sites\/3\/2020\/01\/502cf-colchon-barcos-izqda.jpg\u00bb align=\u00bbcenter\u00bb _builder_version=\u00bb4.0.11&#8243;][\/et_pb_image][\/et_pb_column][et_pb_column type=\u00bb1_2&#8243; _builder_version=\u00bb4.0.11&#8243;][et_pb_text _builder_version=\u00bb4.0.11&#8243; header_2_font=\u00bb|600|||||||\u00bb header_2_font_size=\u00bb16px\u00bb text_orientation=\u00bbjustified\u00bb]<\/p>\n<h2>Avez-vous besoin d&#8217;un matelas de bateau certifi\u00e9?<\/h2>\n<p>L&#8217;Organisation maritime internationale (OMI) est une agence sp\u00e9cialis\u00e9e des Nations Unies qui promeut la coop\u00e9ration entre les \u00c9tats et l&#8217;industrie des transports pour am\u00e9liorer la s\u00e9curit\u00e9 maritime et pr\u00e9venir la pollution marine. Les initiatives r\u00e9centes de l&#8217;OMI ont inclus des r\u00e9formes de la Convention internationale pour la sauvegarde de la vie humaine en mer (SOLAS) et de la Convention internationale pour pr\u00e9venir la pollution par les navires (MARPOL 73\/78).<\/p>\n<p>Le <strong>matelas Sanifirex<\/strong> est demand\u00e9 pour certaines exigences, telles que:<\/p>\n<ul>\n<li>L&#8217;exigence d&#8217;un niveau de confort maximum.<\/li>\n<li>Qu&#8217;il est conforme aux r\u00e9glementations internationales de navigation de l&#8217;OMI.<\/li>\n<li>Un degr\u00e9 \u00e9lev\u00e9 d&#8217;ignifugation.<\/li>\n<li>Faible densit\u00e9.<\/li>\n<li>Faible toxicit\u00e9 des fum\u00e9es.<\/li>\n<\/ul>\n<p>Les <strong>matelas Sanifirex<\/strong> sont fabriqu\u00e9s en ESPAGNE, r\u00e9pondant \u00e9galement \u00e0 toutes les normes UNE:<\/p>\n<ul>\n<li>UNE norme espagnole de garantie et de conformit\u00e9 dans les certificats officiels.<\/li>\n<li>Norme UNE-EN, UNE avec norme europ\u00e9enne (EN, Norme europ\u00e9enne).<\/li>\n<li>Norme UNE-EN-ISO, UNE-EN avec norme internationale (ISO, Organisation internationale de normalisation).<\/li>\n<li>OMI: Organisation maritime internationale (OMI en espagnol).<\/li>\n<li>SOLAS: sauvegarde de la vie humaine en mer.<\/li>\n<li>MED: Directive sur les \u00e9quipements marins (Europe).<\/li>\n<li>USCG: Garde c\u00f4ti\u00e8re des \u00c9tats-Unis (EEUU).<\/li>\n<\/ul>\n<p>Des matelas exclusifs et uniques peuvent \u00eatre fabriqu\u00e9s avec les propri\u00e9t\u00e9s, les caract\u00e9ristiques et les dimensions aux besoins de chaque client.<\/p>\n<p>Ils peuvent aller des matelas \u00e0 ressorts haut de gamme, des bateaux de croisi\u00e8re aux matelas en mousse de polyur\u00e9thane HR (haute densit\u00e9), toutes ces finitions, respectant fid\u00e8lement la certification IMO.<\/p>\n<p>La finition peut \u00eatre accompagn\u00e9e d&#8217;une housse ignifuge (avec fermeture \u00e9clair, thermoscell\u00e9e ou velcro), de la literie (draps, couvertures, couvre-lits, oreillers) et de tous les textiles n\u00e9cessaires au lit. Tous avec le certificat UNE EN ISO 9001.<\/p>\n<p>[\/et_pb_text][\/et_pb_column][\/et_pb_row][\/et_pb_section][et_pb_section fb_built=\u00bb1&#8243; custom_padding_last_edited=\u00bbon|desktop\u00bb _builder_version=\u00bb4.0.11&#8243; custom_padding=\u00bb10px||10px||false|false\u00bb custom_padding_tablet=\u00bb10px||10px||false|false\u00bb custom_padding_phone=\u00bb10px||10px||false|false\u00bb][et_pb_row _builder_version=\u00bb4.0.11&#8243;][et_pb_column type=\u00bb4_4&#8243; _builder_version=\u00bb4.0.11&#8243;][et_pb_image src=\u00bbhttps:\/\/colchonesignifugos.com\/fr\/wp-content\/uploads\/sites\/3\/2020\/01\/263e6-caracteristicas-colchones-h.jpg\u00bb align=\u00bbcenter\u00bb _builder_version=\u00bb4.0.11&#8243;][\/et_pb_image][\/et_pb_column][\/et_pb_row][\/et_pb_section][et_pb_section fb_built=\u00bb1&#8243; custom_padding_last_edited=\u00bbon|desktop\u00bb _builder_version=\u00bb4.0.11&#8243; custom_padding=\u00bb10px||10px||false|false\u00bb custom_padding_tablet=\u00bb10px||10px||false|false\u00bb custom_padding_phone=\u00bb10px||10px||false|false\u00bb saved_tabs=\u00bball\u00bb][et_pb_row _builder_version=\u00bb4.0.11&#8243;][et_pb_column type=\u00bb4_4&#8243; _builder_version=\u00bb4.0.11&#8243;][et_pb_image src=\u00bbhttps:\/\/colchonesignifugos.com\/fr\/wp-content\/uploads\/sites\/3\/2020\/01\/a0b80-pie-index.jpg\u00bb align=\u00bbcenter\u00bb _builder_version=\u00bb4.0.11&#8243;][\/et_pb_image][\/et_pb_column][\/et_pb_row][\/et_pb_section]<\/p>\n","protected":false},"excerpt":{"rendered":"<p>Le principal fabricant en Espagne dans la production et la distribution de matelas ignifuges pour bateaux.Matelas ignifuges pour navires et bateaux Usine de matelas avec certificat IMO pour une utilisation dans le transport maritime Matelas avec certificat officiel de conformit\u00e9 aux r\u00e9glementations internationales de navigation les plus strictes L&#8217;usine Decoratel distribue \u00e0 la fois des [&hellip;]<\/p>\n","protected":false},"author":1,"featured_media":0,"parent":0,"menu_order":0,"comment_status":"closed","ping_status":"closed","template":"","meta":{"_et_pb_use_builder":"on","_et_pb_old_content":"","_et_gb_content_width":""},"yoast_head":"<!-- This site is optimized with the Yoast SEO plugin v19.4 - https:\/\/yoast.com\/wordpress\/plugins\/seo\/ -->\n<title>Matelas pour bateaux - Matelas pour bateaux certifi\u00e9s IMO | Decoratel<\/title>\n<meta name=\"description\" content=\"Chez Decoratel, nous fabriquons des matelas ignifuges avec certificat IMO pour bateaux. Matelas certifi\u00e9s, de qualit\u00e9 sup\u00e9rieure et au meilleur prix du march\u00e9.\" \/>\n<meta name=\"robots\" content=\"index, follow, max-snippet:-1, max-image-preview:large, max-video-preview:-1\" \/>\n<link rel=\"canonical\" href=\"https:\/\/colchonesignifugos.com\/fr\/matelas-certifies-imo-pour-bateaux\/\" \/>\n<meta property=\"og:locale\" content=\"es_ES\" \/>\n<meta property=\"og:type\" content=\"article\" \/>\n<meta property=\"og:title\" content=\"Matelas pour bateaux - Matelas pour bateaux certifi\u00e9s IMO | Decoratel\" \/>\n<meta property=\"og:description\" content=\"Chez Decoratel, nous fabriquons des matelas ignifuges avec certificat IMO pour bateaux. Matelas certifi\u00e9s, de qualit\u00e9 sup\u00e9rieure et au meilleur prix du march\u00e9.\" \/>\n<meta property=\"og:url\" content=\"https:\/\/colchonesignifugos.com\/fr\/matelas-certifies-imo-pour-bateaux\/\" \/>\n<meta property=\"og:site_name\" content=\"Matelas ignifuges\" \/>\n<meta property=\"article:modified_time\" content=\"2020-01-15T13:42:35+00:00\" \/>\n<meta name=\"twitter:card\" content=\"summary_large_image\" \/>\n<meta name=\"twitter:label1\" content=\"Tiempo de lectura\" \/>\n\t<meta name=\"twitter:data1\" content=\"7 minutos\" \/>\n<script type=\"application\/ld+json\" class=\"yoast-schema-graph\">{\"@context\":\"https:\/\/schema.org\",\"@graph\":[{\"@type\":\"WebSite\",\"@id\":\"https:\/\/colchonesignifugos.com\/fr\/#website\",\"url\":\"https:\/\/colchonesignifugos.com\/fr\/\",\"name\":\"Matelas ignifuges\",\"description\":\"Fabricant de matelas ignifuges\",\"potentialAction\":[{\"@type\":\"SearchAction\",\"target\":{\"@type\":\"EntryPoint\",\"urlTemplate\":\"https:\/\/colchonesignifugos.com\/fr\/?s={search_term_string}\"},\"query-input\":\"required name=search_term_string\"}],\"inLanguage\":\"es\"},{\"@type\":\"WebPage\",\"@id\":\"https:\/\/colchonesignifugos.com\/fr\/matelas-certifies-imo-pour-bateaux\/\",\"url\":\"https:\/\/colchonesignifugos.com\/fr\/matelas-certifies-imo-pour-bateaux\/\",\"name\":\"Matelas pour bateaux - Matelas pour bateaux certifi\u00e9s IMO | Decoratel\",\"isPartOf\":{\"@id\":\"https:\/\/colchonesignifugos.com\/fr\/#website\"},\"datePublished\":\"2020-01-14T11:40:06+00:00\",\"dateModified\":\"2020-01-15T13:42:35+00:00\",\"description\":\"Chez Decoratel, nous fabriquons des matelas ignifuges avec certificat IMO pour bateaux. Matelas certifi\u00e9s, de qualit\u00e9 sup\u00e9rieure et au meilleur prix du march\u00e9.\",\"breadcrumb\":{\"@id\":\"https:\/\/colchonesignifugos.com\/fr\/matelas-certifies-imo-pour-bateaux\/#breadcrumb\"},\"inLanguage\":\"es\",\"potentialAction\":[{\"@type\":\"ReadAction\",\"target\":[\"https:\/\/colchonesignifugos.com\/fr\/matelas-certifies-imo-pour-bateaux\/\"]}]},{\"@type\":\"BreadcrumbList\",\"@id\":\"https:\/\/colchonesignifugos.com\/fr\/matelas-certifies-imo-pour-bateaux\/#breadcrumb\",\"itemListElement\":[{\"@type\":\"ListItem\",\"position\":1,\"name\":\"Portada\",\"item\":\"https:\/\/colchonesignifugos.com\/fr\/\"},{\"@type\":\"ListItem\",\"position\":2,\"name\":\"Matelas certifi\u00e9s IMO pour bateaux\"}]}]}<\/script>\n<!-- \/ Yoast SEO plugin. -->","yoast_head_json":{"title":"Matelas pour bateaux - Matelas pour bateaux certifi\u00e9s IMO | Decoratel","description":"Chez Decoratel, nous fabriquons des matelas ignifuges avec certificat IMO pour bateaux. Matelas certifi\u00e9s, de qualit\u00e9 sup\u00e9rieure et au meilleur prix du march\u00e9.","robots":{"index":"index","follow":"follow","max-snippet":"max-snippet:-1","max-image-preview":"max-image-preview:large","max-video-preview":"max-video-preview:-1"},"canonical":"https:\/\/colchonesignifugos.com\/fr\/matelas-certifies-imo-pour-bateaux\/","og_locale":"es_ES","og_type":"article","og_title":"Matelas pour bateaux - Matelas pour bateaux certifi\u00e9s IMO | Decoratel","og_description":"Chez Decoratel, nous fabriquons des matelas ignifuges avec certificat IMO pour bateaux. Matelas certifi\u00e9s, de qualit\u00e9 sup\u00e9rieure et au meilleur prix du march\u00e9.","og_url":"https:\/\/colchonesignifugos.com\/fr\/matelas-certifies-imo-pour-bateaux\/","og_site_name":"Matelas ignifuges","article_modified_time":"2020-01-15T13:42:35+00:00","twitter_card":"summary_large_image","twitter_misc":{"Tiempo de lectura":"7 minutos"},"schema":{"@context":"https:\/\/schema.org","@graph":[{"@type":"WebSite","@id":"https:\/\/colchonesignifugos.com\/fr\/#website","url":"https:\/\/colchonesignifugos.com\/fr\/","name":"Matelas ignifuges","description":"Fabricant de matelas ignifuges","potentialAction":[{"@type":"SearchAction","target":{"@type":"EntryPoint","urlTemplate":"https:\/\/colchonesignifugos.com\/fr\/?s={search_term_string}"},"query-input":"required name=search_term_string"}],"inLanguage":"es"},{"@type":"WebPage","@id":"https:\/\/colchonesignifugos.com\/fr\/matelas-certifies-imo-pour-bateaux\/","url":"https:\/\/colchonesignifugos.com\/fr\/matelas-certifies-imo-pour-bateaux\/","name":"Matelas pour bateaux - Matelas pour bateaux certifi\u00e9s IMO | Decoratel","isPartOf":{"@id":"https:\/\/colchonesignifugos.com\/fr\/#website"},"datePublished":"2020-01-14T11:40:06+00:00","dateModified":"2020-01-15T13:42:35+00:00","description":"Chez Decoratel, nous fabriquons des matelas ignifuges avec certificat IMO pour bateaux. Matelas certifi\u00e9s, de qualit\u00e9 sup\u00e9rieure et au meilleur prix du march\u00e9.","breadcrumb":{"@id":"https:\/\/colchonesignifugos.com\/fr\/matelas-certifies-imo-pour-bateaux\/#breadcrumb"},"inLanguage":"es","potentialAction":[{"@type":"ReadAction","target":["https:\/\/colchonesignifugos.com\/fr\/matelas-certifies-imo-pour-bateaux\/"]}]},{"@type":"BreadcrumbList","@id":"https:\/\/colchonesignifugos.com\/fr\/matelas-certifies-imo-pour-bateaux\/#breadcrumb","itemListElement":[{"@type":"ListItem","position":1,"name":"Portada","item":"https:\/\/colchonesignifugos.com\/fr\/"},{"@type":"ListItem","position":2,"name":"Matelas certifi\u00e9s IMO pour bateaux"}]}]}},"_links":{"self":[{"href":"https:\/\/colchonesignifugos.com\/fr\/wp-json\/wp\/v2\/pages\/374"}],"collection":[{"href":"https:\/\/colchonesignifugos.com\/fr\/wp-json\/wp\/v2\/pages"}],"about":[{"href":"https:\/\/colchonesignifugos.com\/fr\/wp-json\/wp\/v2\/types\/page"}],"author":[{"embeddable":true,"href":"https:\/\/colchonesignifugos.com\/fr\/wp-json\/wp\/v2\/users\/1"}],"replies":[{"embeddable":true,"href":"https:\/\/colchonesignifugos.com\/fr\/wp-json\/wp\/v2\/comments?post=374"}],"version-history":[{"count":5,"href":"https:\/\/colchonesignifugos.com\/fr\/wp-json\/wp\/v2\/pages\/374\/revisions"}],"predecessor-version":[{"id":426,"href":"https:\/\/colchonesignifugos.com\/fr\/wp-json\/wp\/v2\/pages\/374\/revisions\/426"}],"wp:attachment":[{"href":"https:\/\/colchonesignifugos.com\/fr\/wp-json\/wp\/v2\/media?parent=374"}],"curies":[{"name":"wp","href":"https:\/\/api.w.org\/{rel}","templated":true}]}}