{"id":8,"date":"2020-01-10T12:56:19","date_gmt":"2020-01-10T12:56:19","guid":{"rendered":"http:\/\/colchonesignifugos.com\/fr\/?page_id=8"},"modified":"2020-01-15T13:21:19","modified_gmt":"2020-01-15T13:21:19","slug":"accueil","status":"publish","type":"page","link":"https:\/\/colchonesignifugos.com\/fr\/","title":{"rendered":"Accueil"},"content":{"rendered":"<p>[et_pb_section fb_built=\u00bb1&#8243; _builder_version=\u00bb4.0.11&#8243; custom_padding=\u00bb0px||0px||false|false\u00bb saved_tabs=\u00bball\u00bb][et_pb_row _builder_version=\u00bb4.0.11&#8243; custom_padding=\u00bb0px||0px||false|false\u00bb][et_pb_column type=\u00bb4_4&#8243; _builder_version=\u00bb4.0.11&#8243;][et_pb_image src=\u00bbhttps:\/\/colchonesignifugos.com\/fr\/wp-content\/uploads\/sites\/3\/2020\/01\/9d1d5-cabecera-accueil.jpg\u00bb align=\u00bbcenter\u00bb _builder_version=\u00bb4.1&#8243; z_index_tablet=\u00bb500&#8243; box_shadow_horizontal_tablet=\u00bb0px\u00bb box_shadow_vertical_tablet=\u00bb0px\u00bb box_shadow_blur_tablet=\u00bb40px\u00bb box_shadow_spread_tablet=\u00bb0px\u00bb][\/et_pb_image][\/et_pb_column][\/et_pb_row][\/et_pb_section][et_pb_section fb_built=\u00bb1&#8243; custom_padding_last_edited=\u00bbon|desktop\u00bb _builder_version=\u00bb4.0.11&#8243; custom_padding=\u00bb10px||10px||true|false\u00bb custom_padding_tablet=\u00bb10px||10px||false|false\u00bb custom_padding_phone=\u00bb10px||10px||false|false\u00bb][et_pb_row _builder_version=\u00bb4.0.11&#8243;][et_pb_column type=\u00bb4_4&#8243; _builder_version=\u00bb4.0.11&#8243;][et_pb_text _builder_version=\u00bb4.0.11&#8243; header_2_font=\u00bb|600|||||||\u00bb header_2_font_size=\u00bb16px\u00bb header_2_line_height=\u00bb1.3em\u00bb]<\/p>\n<h2>Le premier fabricant dans la production et la distribution de matelas anti-feu sp\u00e9cifiquement pour une utilisation dans les h\u00f4pitaux, maisons de soins infirmiers, les navires et les prisons.<br \/>\n<\/h2>\n<p>[\/et_pb_text][\/et_pb_column][\/et_pb_row][et_pb_row column_structure=\u00bb1_2,1_2&#8243; _builder_version=\u00bb4.0.11&#8243;][et_pb_column type=\u00bb1_2&#8243; _builder_version=\u00bb4.0.11&#8243;][et_pb_text _builder_version=\u00bb4.0.11&#8243; header_2_font=\u00bb|600|||||||\u00bb header_2_font_size=\u00bb16px\u00bb text_orientation=\u00bbjustified\u00bb]<\/p>\n<p>Utilisant des mati\u00e8res premi\u00e8res de la plus haute qualit\u00e9 et \u00e0 faible ISO 9001 certifi\u00e9 selon la norme UNE EN usage sp\u00e9cifique dans les lieux publics tr\u00e8s fr\u00e9quent\u00e9s. Adapt\u00e9 aux diff\u00e9rentes exigences l\u00e9gislatives de l&#8217;utilisation et le but de chaque matelas.<\/p>\n<p>Ignifuge &#8211; Anti Escarres &#8211; Hypoallerg\u00e9nique &#8211; IMO<\/p>\n<p>Certificats d&#8217;europ\u00e9en et international, permettant son adaptation \u00e0 la r\u00e9glementation en vigueur dans les diff\u00e9rents pays et continents o\u00f9 nos matelas sont fournis.<\/p>\n<p>[\/et_pb_text][\/et_pb_column][et_pb_column type=\u00bb1_2&#8243; _builder_version=\u00bb4.0.11&#8243;][et_pb_image src=\u00bbhttps:\/\/colchonesignifugos.com\/fr\/wp-content\/uploads\/sites\/3\/2020\/01\/bf1cc-envio-internacional.jpg\u00bb align=\u00bbcenter\u00bb _builder_version=\u00bb4.0.11&#8243;][\/et_pb_image][\/et_pb_column][\/et_pb_row][et_pb_row column_structure=\u00bb1_5,1_5,1_5,1_5,1_5&#8243; use_custom_gutter=\u00bbon\u00bb gutter_width=\u00bb1&#8243; _builder_version=\u00bb4.0.11&#8243; width=\u00bb95%\u00bb max_width=\u00bb1600px\u00bb][et_pb_column type=\u00bb1_5&#8243; _builder_version=\u00bb4.0.11&#8243;][et_pb_text _builder_version=\u00bb4.0.11&#8243; header_3_font=\u00bb|600||on|||||\u00bb header_3_text_align=\u00bbcenter\u00bb header_3_font_size=\u00bb1.2em\u00bb link_option_url=\u00bbhttps:\/\/colchonesignifugos.com\/fr\/matelas-hopital\/\u00bb header_3_font_size_tablet=\u00bb18px\u00bb header_3_font_size_phone=\u00bb16px\u00bb header_3_font_size_last_edited=\u00bbon|desktop\u00bb]<\/p>\n<h3>H\u00f4pital<\/h3>\n<p>[\/et_pb_text][\/et_pb_column][et_pb_column type=\u00bb1_5&#8243; _builder_version=\u00bb4.0.11&#8243;][et_pb_text _builder_version=\u00bb4.0.11&#8243; header_3_font=\u00bb|600||on|||||\u00bb header_3_text_align=\u00bbcenter\u00bb header_3_font_size=\u00bb1.2em\u00bb link_option_url=\u00bbhttps:\/\/colchonesignifugos.com\/fr\/matelas-residences\/\u00bb header_3_font_size_tablet=\u00bb18px\u00bb header_3_font_size_phone=\u00bb16px\u00bb header_3_font_size_last_edited=\u00bbon|phone\u00bb]<\/p>\n<h3>R\u00e9sidences<\/h3>\n<p>[\/et_pb_text][\/et_pb_column][et_pb_column type=\u00bb1_5&#8243; _builder_version=\u00bb4.0.11&#8243;][et_pb_text _builder_version=\u00bb4.0.11&#8243; header_3_font=\u00bb|600||on|||||\u00bb header_3_text_align=\u00bbcenter\u00bb header_3_font_size=\u00bb1.2em\u00bb link_option_url=\u00bbhttps:\/\/colchonesignifugos.com\/fr\/matelas-navires\/\u00bb header_3_font_size_tablet=\u00bb18px\u00bb header_3_font_size_phone=\u00bb16px\u00bb header_3_font_size_last_edited=\u00bbon|phone\u00bb]<\/p>\n<h3>Navires<\/h3>\n<p>[\/et_pb_text][\/et_pb_column][et_pb_column type=\u00bb1_5&#8243; _builder_version=\u00bb4.0.11&#8243;][et_pb_text _builder_version=\u00bb4.0.11&#8243; header_3_font=\u00bb|600||on|||||\u00bb header_3_text_align=\u00bbcenter\u00bb header_3_font_size=\u00bb1.2em\u00bb link_option_url=\u00bbhttps:\/\/colchonesignifugos.com\/fr\/matelas-prison\/\u00bb header_3_font_size_tablet=\u00bb18px\u00bb header_3_font_size_phone=\u00bb16px\u00bb header_3_font_size_last_edited=\u00bbon|phone\u00bb]<\/p>\n<h3>Prisons<\/h3>\n<p>[\/et_pb_text][\/et_pb_column][et_pb_column type=\u00bb1_5&#8243; _builder_version=\u00bb4.0.11&#8243;][et_pb_text _builder_version=\u00bb4.0.11&#8243; header_3_font=\u00bb|600||on|||||\u00bb header_3_text_align=\u00bbcenter\u00bb header_3_font_size=\u00bb1.2em\u00bb link_option_url=\u00bbhttps:\/\/colchonesignifugos.com\/fr\/matelas-autres\/\u00bb header_3_font_size_tablet=\u00bb18px\u00bb header_3_font_size_phone=\u00bb16px\u00bb header_3_font_size_last_edited=\u00bbon|phone\u00bb]<\/p>\n<h3>Autres<\/h3>\n<p>[\/et_pb_text][\/et_pb_column][\/et_pb_row][\/et_pb_section][et_pb_section fb_built=\u00bb1&#8243; specialty=\u00bbon\u00bb _builder_version=\u00bb4.0.11&#8243; inner_max_width=\u00bb1200px\u00bb inner_module_alignment=\u00bbcenter\u00bb custom_padding=\u00bb10px||10px||false|false\u00bb][et_pb_column type=\u00bb1_2&#8243; _builder_version=\u00bb3.25&#8243; custom_padding=\u00bb|||\u00bb custom_padding__hover=\u00bb|||\u00bb][et_pb_image src=\u00bbhttps:\/\/colchonesignifugos.com\/fr\/wp-content\/uploads\/sites\/3\/2020\/01\/matelas-ignifuges.jpg\u00bb align=\u00bbcenter\u00bb _builder_version=\u00bb4.1&#8243; hover_enabled=\u00bb0&#8243;][\/et_pb_image][\/et_pb_column][et_pb_column type=\u00bb1_2&#8243; specialty_columns=\u00bb2&#8243; _builder_version=\u00bb3.25&#8243; custom_padding=\u00bb|||\u00bb custom_padding__hover=\u00bb|||\u00bb][et_pb_row_inner column_structure=\u00bb1_2,1_2&#8243; use_custom_gutter=\u00bbon\u00bb gutter_width=\u00bb1&#8243; _builder_version=\u00bb4.0.11&#8243; custom_padding=\u00bb||10px||false|false\u00bb][et_pb_column_inner type=\u00bb1_2&#8243; saved_specialty_column_type=\u00bb1_2&#8243; _builder_version=\u00bb4.0.11&#8243;][et_pb_text _builder_version=\u00bb4.0.11&#8243; text_text_color=\u00bb#008080&#8243; text_line_height=\u00bb1.2em\u00bb text_orientation=\u00bbcenter\u00bb]<\/p>\n<p><strong>Service Consommateurs<br \/>\n<span style=\"font-size: 20px;\">+34 91 218 61 28<\/span><\/strong><\/p>\n<p><strong>International<\/strong><br \/>\n+ 34 95 566 49 67<\/p>\n<p><strong>Afrique et Am\u00e9rique<\/strong><br \/>\n+ 34 91 218 61 28<\/p>\n<p>comercial@decoratel.com<br \/><strong>Skype<\/strong><a href=\"skype:decoratelespana?call\"><img src=\"https:\/\/colchonesignifugos.com\/fr\/wp-content\/uploads\/sites\/3\/2020\/01\/379be-skype_boton.png\" style=\"vertical-align: middle;\" \/><\/a><\/p>\n<p>Nous Parlons:<br \/>\n[\/et_pb_text][\/et_pb_column_inner][et_pb_column_inner type=\u00bb1_2&#8243; saved_specialty_column_type=\u00bb1_2&#8243; _builder_version=\u00bb4.0.11&#8243;][et_pb_image src=\u00bbhttps:\/\/colchonesignifugos.com\/fr\/wp-content\/uploads\/sites\/3\/2020\/01\/f2743-telefonista-inicio.jpg\u00bb align=\u00bbcenter\u00bb _builder_version=\u00bb4.0.11&#8243;][\/et_pb_image][\/et_pb_column_inner][\/et_pb_row_inner][et_pb_row_inner column_structure=\u00bb1_3,1_3,1_3&#8243; use_custom_gutter=\u00bbon\u00bb gutter_width=\u00bb1&#8243; _builder_version=\u00bb4.0.11&#8243; custom_padding=\u00bb10px||||false|false\u00bb][et_pb_column_inner type=\u00bb1_3&#8243; saved_specialty_column_type=\u00bb1_2&#8243; _builder_version=\u00bb4.0.11&#8243;][et_pb_text _builder_version=\u00bb4.0.11&#8243; text_text_color=\u00bb#008080&#8243; text_orientation=\u00bbcenter\u00bb]Espagnol<br \/>\n<img loading=\"lazy\" width=\"30px\" src=\"https:\/\/colchonesignifugos.com\/fr\/wp-content\/uploads\/sites\/3\/2020\/01\/d109e-idioma-castellano.jpg\" width=\"300\" height=\"200\" alt=\"\" class=\"wp-image-138 alignnone size-full\" \/><br \/>\n[\/et_pb_text][\/et_pb_column_inner][et_pb_column_inner type=\u00bb1_3&#8243; saved_specialty_column_type=\u00bb1_2&#8243; _builder_version=\u00bb4.0.11&#8243;][et_pb_text _builder_version=\u00bb4.0.11&#8243; text_text_color=\u00bb#008080&#8243; text_orientation=\u00bbcenter\u00bb]Fran\u00e7ais<br \/>\n<img loading=\"lazy\" width=\"30px\" src=\"https:\/\/colchonesignifugos.com\/fr\/wp-content\/uploads\/sites\/3\/2020\/01\/7d92e-idioma-frances.jpg\" width=\"300\" height=\"200\" alt=\"\" class=\"wp-image-139 alignnone size-full\" \/><br \/>\n[\/et_pb_text][\/et_pb_column_inner][et_pb_column_inner type=\u00bb1_3&#8243; saved_specialty_column_type=\u00bb1_2&#8243; _builder_version=\u00bb4.0.11&#8243;][et_pb_text _builder_version=\u00bb4.0.11&#8243; text_text_color=\u00bb#008080&#8243; text_orientation=\u00bbcenter\u00bb]Anglais<br \/>\n<img loading=\"lazy\" width=\"30px\" src=\"https:\/\/colchonesignifugos.com\/fr\/wp-content\/uploads\/sites\/3\/2020\/01\/8a328-idioma-ingles.jpg\" width=\"300\" height=\"200\" alt=\"\" class=\"wp-image-140 alignnone size-full\" \/><br \/>\n[\/et_pb_text][\/et_pb_column_inner][\/et_pb_row_inner][\/et_pb_column][\/et_pb_section][et_pb_section fb_built=\u00bb1&#8243; custom_padding_last_edited=\u00bbon|desktop\u00bb _builder_version=\u00bb4.0.11&#8243; custom_padding=\u00bb10px||10px||false|false\u00bb custom_padding_tablet=\u00bb10px||10px||false|false\u00bb custom_padding_phone=\u00bb10px||10px||false|false\u00bb][et_pb_row _builder_version=\u00bb4.0.11&#8243;][et_pb_column type=\u00bb4_4&#8243; _builder_version=\u00bb4.0.11&#8243;][et_pb_image src=\u00bbhttps:\/\/colchonesignifugos.com\/fr\/wp-content\/uploads\/sites\/3\/2020\/01\/b4a54-decoratel-colchones.jpg\u00bb align=\u00bbcenter\u00bb _builder_version=\u00bb4.0.11&#8243;][\/et_pb_image][\/et_pb_column][\/et_pb_row][et_pb_row _builder_version=\u00bb4.0.11&#8243;][et_pb_column type=\u00bb4_4&#8243; _builder_version=\u00bb4.0.11&#8243;][et_pb_button button_url=\u00bbhttps:\/\/colchonesignifugos.com\/fr\/secteurs\/\u00bb button_text=\u00bbProduire\u00bb button_alignment=\u00bbcenter\u00bb _builder_version=\u00bb4.0.11&#8243; custom_button=\u00bbon\u00bb button_text_color=\u00bb#ffffff\u00bb button_bg_color=\u00bb#008080&#8243; button_border_width=\u00bb1px\u00bb button_border_color=\u00bb#000000&#8243; button_border_radius=\u00bb3px\u00bb button_use_icon=\u00bboff\u00bb button_bg_color__hover_enabled=\u00bbon|hover\u00bb button_bg_color__hover=\u00bb#333&#8243; button_bg_enable_color__hover=\u00bbon\u00bb][\/et_pb_button][et_pb_text _builder_version=\u00bb4.0.11&#8243; text_orientation=\u00bbjustified\u00bb]<\/p>\n<p>Nous avons des machines industrielles le plus innovant et sophistiqu\u00e9 qui nous permet de fabriquer plus de 200 matelas par jour.<br \/>\nL&#8217;utilisation de syst\u00e8mes de production automatis\u00e9s et d\u00e9coupe laser, ce qui positionne notre industrie comme l&#8217;un des leader le plus innovant dans le secteur, au niveau europ\u00e9en.<\/p>\n<p>Le facteur humain joue \u00e9galement un r\u00f4le important dans Decoratel, et nous employons un grand nombre de personnes qui ont fait les v\u00eatements et les joints de polyur\u00e9thane \u00e0 la main. Ainsi, nous pouvons continuer \u00e0 offrir un produit avec une finition tout simplement parfait et durable, ce qui garantit des conditions d&#8217;utilisation exceptionnelles pour de nombreuses ann\u00e9es.<\/p>\n<p>En plus sp\u00e9cifique et unique selon les besoins des t\u00e2ches les plus exigeantes de la client\u00e8le.<\/p>\n<p>Pour la finition d&#8217;un <strong>matelas destin\u00e9s \u00e0 un h\u00f4pital<\/strong>, lavable extr\u00eamement pr\u00e9cis, confortable pour une utilisation prolong\u00e9e et segment\u00e9 en blocs qui permettent la transpiration finitions imperm\u00e9ables et donc d&#8217;\u00e9viter les escarres.<br \/>\nExigences tr\u00e8s diff\u00e9rente de celle utilis\u00e9e dans <strong>les navires de croisi\u00e8re<\/strong>, ce qui lui est n\u00e9cessaire en plus \u00e0 un niveau maximum de confort, le strict respect des r\u00e8glements de l&#8217;OMI exp\u00e9dition internationale ainsi qu&#8217;un degr\u00e9 \u00e9lev\u00e9 de r\u00e9sistance \u00e0 la flamme, faible densit\u00e9 et de la toxicit\u00e9 de la fum\u00e9e, de nombreux facteurs diff\u00e9rents pour la force et la fermeture herm\u00e9tique Matelas destin\u00e9 \u00e0 des prisons.<\/p>\n<p>Comme les <strong>centres de d\u00e9tention<\/strong> et les prisons ainsi que <strong>les h\u00f4pitaux<\/strong> psychiatriques, ils ont besoin de matelas tr\u00e8s robustes et durables, de haute densit\u00e9 et haute stabilit\u00e9 dimensionnelle, et offrent une r\u00e9sistance maximale \u00e0 feu, sont herm\u00e9tiquement ferm\u00e9s et la chaleur de leur \u00e9tanch\u00e9it\u00e9 couvre aussi ce qui rend hydrophobe, obtenant ainsi, un matelas single-core compacte.<\/p>\n<p>Decoratel peut fabriquer des matelas avec des caract\u00e9ristiques uniques et exclusives, les propri\u00e9t\u00e9s et les dimensions requises par chaque client. Faire ceux-ci dans environ 3-4 semaines pour exp\u00e9dier partout en Europe et avec l&#8217;augmentation de la pr\u00e9sence en Afrique et en Am\u00e9rique.<\/p>\n<p>[\/et_pb_text][\/et_pb_column][\/et_pb_row][\/et_pb_section][et_pb_section fb_built=\u00bb1&#8243; custom_padding_last_edited=\u00bbon|desktop\u00bb _builder_version=\u00bb4.0.11&#8243; custom_padding=\u00bb10px||10px||false|false\u00bb custom_padding_tablet=\u00bb10px||10px||false|false\u00bb custom_padding_phone=\u00bb10px||10px||false|false\u00bb saved_tabs=\u00bball\u00bb][et_pb_row _builder_version=\u00bb4.0.11&#8243;][et_pb_column type=\u00bb4_4&#8243; _builder_version=\u00bb4.0.11&#8243;][et_pb_image src=\u00bbhttps:\/\/colchonesignifugos.com\/fr\/wp-content\/uploads\/sites\/3\/2020\/01\/a0b80-pie-index.jpg\u00bb align=\u00bbcenter\u00bb _builder_version=\u00bb4.0.11&#8243;][\/et_pb_image][\/et_pb_column][\/et_pb_row][\/et_pb_section]<\/p>\n","protected":false},"excerpt":{"rendered":"<p>Le premier fabricant dans la production et la distribution de matelas anti-feu sp\u00e9cifiquement pour une utilisation dans les h\u00f4pitaux, maisons de soins infirmiers, les navires et les prisons. Utilisant des mati\u00e8res premi\u00e8res de la plus haute qualit\u00e9 et \u00e0 faible ISO 9001 certifi\u00e9 selon la norme UNE EN usage sp\u00e9cifique dans les lieux publics tr\u00e8s [&hellip;]<\/p>\n","protected":false},"author":1,"featured_media":0,"parent":0,"menu_order":0,"comment_status":"closed","ping_status":"closed","template":"","meta":{"_et_pb_use_builder":"on","_et_pb_old_content":"","_et_gb_content_width":""},"yoast_head":"<!-- This site is optimized with the Yoast SEO plugin v19.4 - https:\/\/yoast.com\/wordpress\/plugins\/seo\/ -->\n<title>Des Matelas pour les H\u00f4pitaux - Les Matelas Ignifuges | Decoratel<\/title>\n<meta name=\"description\" content=\"Nous sommes fabricants de matelas ignifuges pour des h\u00f4pitaux, des r\u00e9sidences g\u00e9riatriques, des bateaux et des centres p\u00e9nitentiaires. Une vente de matelas un certificat\" \/>\n<meta name=\"robots\" content=\"index, follow, max-snippet:-1, max-image-preview:large, max-video-preview:-1\" \/>\n<link rel=\"canonical\" href=\"https:\/\/colchonesignifugos.com\/fr\/\" \/>\n<meta property=\"og:locale\" content=\"es_ES\" \/>\n<meta property=\"og:type\" content=\"article\" \/>\n<meta property=\"og:title\" content=\"Des Matelas pour les H\u00f4pitaux - Les Matelas Ignifuges | Decoratel\" \/>\n<meta property=\"og:description\" content=\"Nous sommes fabricants de matelas ignifuges pour des h\u00f4pitaux, des r\u00e9sidences g\u00e9riatriques, des bateaux et des centres p\u00e9nitentiaires. Une vente de matelas un certificat\" \/>\n<meta property=\"og:url\" content=\"https:\/\/colchonesignifugos.com\/fr\/\" \/>\n<meta property=\"og:site_name\" content=\"Matelas ignifuges\" \/>\n<meta property=\"article:modified_time\" content=\"2020-01-15T13:21:19+00:00\" \/>\n<meta property=\"og:image\" content=\"https:\/\/colchonesignifugos.com\/fr\/wp-content\/uploads\/sites\/3\/2020\/01\/379be-skype_boton.png\" \/>\n<meta name=\"twitter:card\" content=\"summary_large_image\" \/>\n<meta name=\"twitter:label1\" content=\"Tiempo de lectura\" \/>\n\t<meta name=\"twitter:data1\" content=\"8 minutos\" \/>\n<script type=\"application\/ld+json\" class=\"yoast-schema-graph\">{\"@context\":\"https:\/\/schema.org\",\"@graph\":[{\"@type\":\"WebSite\",\"@id\":\"https:\/\/colchonesignifugos.com\/fr\/#website\",\"url\":\"https:\/\/colchonesignifugos.com\/fr\/\",\"name\":\"Matelas ignifuges\",\"description\":\"Fabricant de matelas ignifuges\",\"potentialAction\":[{\"@type\":\"SearchAction\",\"target\":{\"@type\":\"EntryPoint\",\"urlTemplate\":\"https:\/\/colchonesignifugos.com\/fr\/?s={search_term_string}\"},\"query-input\":\"required name=search_term_string\"}],\"inLanguage\":\"es\"},{\"@type\":\"WebPage\",\"@id\":\"https:\/\/colchonesignifugos.com\/fr\/\",\"url\":\"https:\/\/colchonesignifugos.com\/fr\/\",\"name\":\"Des Matelas pour les H\u00f4pitaux - Les Matelas Ignifuges | Decoratel\",\"isPartOf\":{\"@id\":\"https:\/\/colchonesignifugos.com\/fr\/#website\"},\"datePublished\":\"2020-01-10T12:56:19+00:00\",\"dateModified\":\"2020-01-15T13:21:19+00:00\",\"description\":\"Nous sommes fabricants de matelas ignifuges pour des h\u00f4pitaux, des r\u00e9sidences g\u00e9riatriques, des bateaux et des centres p\u00e9nitentiaires. Une vente de matelas un certificat\",\"breadcrumb\":{\"@id\":\"https:\/\/colchonesignifugos.com\/fr\/#breadcrumb\"},\"inLanguage\":\"es\",\"potentialAction\":[{\"@type\":\"ReadAction\",\"target\":[\"https:\/\/colchonesignifugos.com\/fr\/\"]}]},{\"@type\":\"BreadcrumbList\",\"@id\":\"https:\/\/colchonesignifugos.com\/fr\/#breadcrumb\",\"itemListElement\":[{\"@type\":\"ListItem\",\"position\":1,\"name\":\"Portada\",\"item\":\"https:\/\/colchonesignifugos.com\/fr\/\"},{\"@type\":\"ListItem\",\"position\":2,\"name\":\"Accueil\"}]}]}<\/script>\n<!-- \/ Yoast SEO plugin. -->","yoast_head_json":{"title":"Des Matelas pour les H\u00f4pitaux - Les Matelas Ignifuges | Decoratel","description":"Nous sommes fabricants de matelas ignifuges pour des h\u00f4pitaux, des r\u00e9sidences g\u00e9riatriques, des bateaux et des centres p\u00e9nitentiaires. Une vente de matelas un certificat","robots":{"index":"index","follow":"follow","max-snippet":"max-snippet:-1","max-image-preview":"max-image-preview:large","max-video-preview":"max-video-preview:-1"},"canonical":"https:\/\/colchonesignifugos.com\/fr\/","og_locale":"es_ES","og_type":"article","og_title":"Des Matelas pour les H\u00f4pitaux - Les Matelas Ignifuges | Decoratel","og_description":"Nous sommes fabricants de matelas ignifuges pour des h\u00f4pitaux, des r\u00e9sidences g\u00e9riatriques, des bateaux et des centres p\u00e9nitentiaires. Une vente de matelas un certificat","og_url":"https:\/\/colchonesignifugos.com\/fr\/","og_site_name":"Matelas ignifuges","article_modified_time":"2020-01-15T13:21:19+00:00","og_image":[{"url":"https:\/\/colchonesignifugos.com\/fr\/wp-content\/uploads\/sites\/3\/2020\/01\/379be-skype_boton.png"}],"twitter_card":"summary_large_image","twitter_misc":{"Tiempo de lectura":"8 minutos"},"schema":{"@context":"https:\/\/schema.org","@graph":[{"@type":"WebSite","@id":"https:\/\/colchonesignifugos.com\/fr\/#website","url":"https:\/\/colchonesignifugos.com\/fr\/","name":"Matelas ignifuges","description":"Fabricant de matelas ignifuges","potentialAction":[{"@type":"SearchAction","target":{"@type":"EntryPoint","urlTemplate":"https:\/\/colchonesignifugos.com\/fr\/?s={search_term_string}"},"query-input":"required name=search_term_string"}],"inLanguage":"es"},{"@type":"WebPage","@id":"https:\/\/colchonesignifugos.com\/fr\/","url":"https:\/\/colchonesignifugos.com\/fr\/","name":"Des Matelas pour les H\u00f4pitaux - Les Matelas Ignifuges | Decoratel","isPartOf":{"@id":"https:\/\/colchonesignifugos.com\/fr\/#website"},"datePublished":"2020-01-10T12:56:19+00:00","dateModified":"2020-01-15T13:21:19+00:00","description":"Nous sommes fabricants de matelas ignifuges pour des h\u00f4pitaux, des r\u00e9sidences g\u00e9riatriques, des bateaux et des centres p\u00e9nitentiaires. Une vente de matelas un certificat","breadcrumb":{"@id":"https:\/\/colchonesignifugos.com\/fr\/#breadcrumb"},"inLanguage":"es","potentialAction":[{"@type":"ReadAction","target":["https:\/\/colchonesignifugos.com\/fr\/"]}]},{"@type":"BreadcrumbList","@id":"https:\/\/colchonesignifugos.com\/fr\/#breadcrumb","itemListElement":[{"@type":"ListItem","position":1,"name":"Portada","item":"https:\/\/colchonesignifugos.com\/fr\/"},{"@type":"ListItem","position":2,"name":"Accueil"}]}]}},"_links":{"self":[{"href":"https:\/\/colchonesignifugos.com\/fr\/wp-json\/wp\/v2\/pages\/8"}],"collection":[{"href":"https:\/\/colchonesignifugos.com\/fr\/wp-json\/wp\/v2\/pages"}],"about":[{"href":"https:\/\/colchonesignifugos.com\/fr\/wp-json\/wp\/v2\/types\/page"}],"author":[{"embeddable":true,"href":"https:\/\/colchonesignifugos.com\/fr\/wp-json\/wp\/v2\/users\/1"}],"replies":[{"embeddable":true,"href":"https:\/\/colchonesignifugos.com\/fr\/wp-json\/wp\/v2\/comments?post=8"}],"version-history":[{"count":12,"href":"https:\/\/colchonesignifugos.com\/fr\/wp-json\/wp\/v2\/pages\/8\/revisions"}],"predecessor-version":[{"id":410,"href":"https:\/\/colchonesignifugos.com\/fr\/wp-json\/wp\/v2\/pages\/8\/revisions\/410"}],"wp:attachment":[{"href":"https:\/\/colchonesignifugos.com\/fr\/wp-json\/wp\/v2\/media?parent=8"}],"curies":[{"name":"wp","href":"https:\/\/api.w.org\/{rel}","templated":true}]}}