{"id":92,"date":"2020-01-10T13:31:22","date_gmt":"2020-01-10T13:31:22","guid":{"rendered":"http:\/\/colchonesignifugos.com\/fr\/?page_id=92"},"modified":"2020-01-22T13:09:27","modified_gmt":"2020-01-22T13:09:27","slug":"matelas-autres","status":"publish","type":"page","link":"https:\/\/colchonesignifugos.com\/fr\/matelas-autres\/","title":{"rendered":"Autres"},"content":{"rendered":"<p>[et_pb_section fb_built=\u00bb1&#8243; _builder_version=\u00bb4.0.11&#8243; custom_padding=\u00bb0px||0px||true|false\u00bb][et_pb_row _builder_version=\u00bb4.0.11&#8243; custom_padding=\u00bb0px||0px||true|false\u00bb][et_pb_column type=\u00bb4_4&#8243; _builder_version=\u00bb4.0.11&#8243;][et_pb_image src=\u00bbhttps:\/\/colchonesignifugos.com\/fr\/wp-content\/uploads\/sites\/3\/2020\/01\/d22aa-cabecera-autres.jpg\u00bb align=\u00bbcenter\u00bb _builder_version=\u00bb4.0.11&#8243;][\/et_pb_image][\/et_pb_column][\/et_pb_row][\/et_pb_section][et_pb_section fb_built=\u00bb1&#8243; custom_padding_last_edited=\u00bbon|desktop\u00bb _builder_version=\u00bb4.0.11&#8243; custom_padding=\u00bb10px||10px||true|false\u00bb custom_padding_tablet=\u00bb10px||10px||false|false\u00bb custom_padding_phone=\u00bb10px||10px||false|false\u00bb][et_pb_row _builder_version=\u00bb4.0.11&#8243;][et_pb_column type=\u00bb4_4&#8243; _builder_version=\u00bb4.0.11&#8243;][et_pb_text _builder_version=\u00bb4.0.11&#8243; text_text_color=\u00bb#008080&#8243; header_2_font=\u00bb|600|||||||\u00bb header_2_font_size=\u00bb16px\u00bb header_2_line_height=\u00bb1.3em\u00bb]Le premier fabricant dans la production et la distribution de <strong>matelas ignifuges sp\u00e9ciaux<\/strong>.[\/et_pb_text][\/et_pb_column][\/et_pb_row][et_pb_row column_structure=\u00bb1_2,1_2&#8243; _builder_version=\u00bb4.0.11&#8243;][et_pb_column type=\u00bb1_2&#8243; _builder_version=\u00bb4.0.11&#8243;][et_pb_text _builder_version=\u00bb4.0.11&#8243; header_2_font=\u00bb|600|||||||\u00bb header_2_font_size=\u00bb16px\u00bb text_orientation=\u00bbjustified\u00bb]<strong>Matelas sp\u00e9ciaux. Designs<\/strong><\/p>\n<p>Decoratel est un fabricant de matelas dans toutes ses phases, nous permettant de concevoir, fabrication et production de masse de toute conception qui est complexe ou laborieuse<\/p>\n<p>Il existe une vari\u00e9t\u00e9 de secteurs pour son exclusivit\u00e9, ils ne sont pas r\u00e9pertori\u00e9s dans les domaines typiques. Donc Decoratel offre un service complet de la conception et la production de quel que soit leur id\u00e9e ou n\u00e9cessit\u00e9<\/p>\n<p>Toujours en utilisant les syst\u00e8mes de production les plus innovantes et des mat\u00e9riaux exclusifs[\/et_pb_text][et_pb_blurb title=\u00bbCatalogue autres\u00bb image=\u00bbhttps:\/\/colchonesignifugos.com\/fr\/wp-content\/uploads\/sites\/3\/2020\/01\/71b07-pdf.png\u00bb icon_placement=\u00bbleft\u00bb content_max_width=\u00bb100%\u00bb _builder_version=\u00bb4.1&#8243; animation=\u00bboff\u00bb link_option_url=\u00bbhttps:\/\/colchonesignifugos.com\/images\/fichas-pdf\/fr\/catalogue-matelas-sanifirex-generique.pdf\u00bb link_option_url_new_window=\u00bbon\u00bb hover_enabled=\u00bb0&#8243;]Voir Catalogue[\/et_pb_blurb][\/et_pb_column][et_pb_column type=\u00bb1_2&#8243; _builder_version=\u00bb4.0.11&#8243;][et_pb_image src=\u00bbhttps:\/\/colchonesignifugos.com\/fr\/wp-content\/uploads\/sites\/3\/2020\/01\/bf1cc-envio-internacional.jpg\u00bb align=\u00bbcenter\u00bb _builder_version=\u00bb4.0.11&#8243;][\/et_pb_image][\/et_pb_column][\/et_pb_row][\/et_pb_section][et_pb_section fb_built=\u00bb1&#8243; custom_padding_last_edited=\u00bbon|desktop\u00bb _builder_version=\u00bb4.0.11&#8243; custom_padding=\u00bb10px||10px||false|false\u00bb custom_padding_tablet=\u00bb10px||10px||false|false\u00bb custom_padding_phone=\u00bb10px||10px||false|false\u00bb][et_pb_row column_structure=\u00bb1_5,1_5,1_5,1_5,1_5&#8243; _builder_version=\u00bb4.0.11&#8243; max_width=\u00bb1200px\u00bb][et_pb_column type=\u00bb1_5&#8243; _builder_version=\u00bb4.0.11&#8243;][et_pb_button button_url=\u00bbhttps:\/\/colchonesignifugos.com\/fr\/matelas-hopital\/\u00bb button_text=\u00bbH\u00f4pital\u00bb button_alignment=\u00bbcenter\u00bb _builder_version=\u00bb4.0.11&#8243; custom_button=\u00bbon\u00bb button_bg_use_color_gradient=\u00bbon\u00bb button_bg_color_gradient_start=\u00bb#f6fcfd\u00bb button_bg_color_gradient_end=\u00bb#60777c\u00bb button_border_width=\u00bb1px\u00bb button_border_color=\u00bb#60777c\u00bb button_border_radius=\u00bb0px\u00bb button_font=\u00bb|600|||||||\u00bb button_use_icon=\u00bboff\u00bb background_layout=\u00bbdark\u00bb custom_css_main_element=\u00bbmin-width: 100%\u00bb button_bg_color__hover_enabled=\u00bbon|hover\u00bb button_bg_color__hover=\u00bb#006868&#8243; button_bg_enable_color__hover=\u00bbon\u00bb][\/et_pb_button][\/et_pb_column][et_pb_column type=\u00bb1_5&#8243; _builder_version=\u00bb4.0.11&#8243;][et_pb_button button_url=\u00bbhttps:\/\/colchonesignifugos.com\/fr\/matelas-residences\/\u00bb button_text=\u00bbR\u00e9sidences\u00bb button_alignment=\u00bbcenter\u00bb _builder_version=\u00bb4.0.11&#8243; custom_button=\u00bbon\u00bb button_bg_use_color_gradient=\u00bbon\u00bb button_bg_color_gradient_start=\u00bb#f6fcfd\u00bb button_bg_color_gradient_end=\u00bb#60777c\u00bb button_border_width=\u00bb1px\u00bb button_border_color=\u00bb#60777c\u00bb button_border_radius=\u00bb0px\u00bb button_font=\u00bb|600|||||||\u00bb button_use_icon=\u00bboff\u00bb background_layout=\u00bbdark\u00bb custom_css_main_element=\u00bbmin-width: 100%\u00bb button_bg_color__hover_enabled=\u00bbon|hover\u00bb button_bg_color__hover=\u00bb#006868&#8243; button_bg_enable_color__hover=\u00bbon\u00bb][\/et_pb_button][\/et_pb_column][et_pb_column type=\u00bb1_5&#8243; _builder_version=\u00bb4.0.11&#8243;][et_pb_button button_url=\u00bbhttps:\/\/colchonesignifugos.com\/fr\/matelas-navires\/\u00bb button_text=\u00bbNavires\u00bb button_alignment=\u00bbcenter\u00bb _builder_version=\u00bb4.0.11&#8243; custom_button=\u00bbon\u00bb button_bg_use_color_gradient=\u00bbon\u00bb button_bg_color_gradient_start=\u00bb#f6fcfd\u00bb button_bg_color_gradient_end=\u00bb#60777c\u00bb button_border_width=\u00bb1px\u00bb button_border_color=\u00bb#60777c\u00bb button_border_radius=\u00bb0px\u00bb button_font=\u00bb|600|||||||\u00bb button_use_icon=\u00bboff\u00bb background_layout=\u00bbdark\u00bb custom_css_main_element=\u00bbmin-width: 100%\u00bb button_bg_color__hover_enabled=\u00bbon|hover\u00bb button_bg_color__hover=\u00bb#006868&#8243; button_bg_enable_color__hover=\u00bbon\u00bb][\/et_pb_button][\/et_pb_column][et_pb_column type=\u00bb1_5&#8243; _builder_version=\u00bb4.0.11&#8243;][et_pb_button button_url=\u00bbhttps:\/\/colchonesignifugos.com\/fr\/matelas-prison\/\u00bb button_text=\u00bbPrisons\u00bb button_alignment=\u00bbcenter\u00bb _builder_version=\u00bb4.0.11&#8243; custom_button=\u00bbon\u00bb button_bg_use_color_gradient=\u00bbon\u00bb button_bg_color_gradient_start=\u00bb#f6fcfd\u00bb button_bg_color_gradient_end=\u00bb#60777c\u00bb button_border_width=\u00bb1px\u00bb button_border_color=\u00bb#60777c\u00bb button_border_radius=\u00bb0px\u00bb button_font=\u00bb|600|||||||\u00bb button_use_icon=\u00bboff\u00bb background_layout=\u00bbdark\u00bb custom_css_main_element=\u00bbmin-width: 100%\u00bb button_bg_color__hover_enabled=\u00bbon|hover\u00bb button_bg_color__hover=\u00bb#006868&#8243; button_bg_enable_color__hover=\u00bbon\u00bb][\/et_pb_button][\/et_pb_column][et_pb_column type=\u00bb1_5&#8243; _builder_version=\u00bb4.0.11&#8243;][et_pb_button button_url=\u00bbhttps:\/\/colchonesignifugos.com\/fr\/matelas-autres\/\u00bb button_text=\u00bbAutres\u00bb button_alignment=\u00bbcenter\u00bb _builder_version=\u00bb4.0.11&#8243; custom_button=\u00bbon\u00bb button_bg_color=\u00bb#008080&#8243; button_border_width=\u00bb1px\u00bb button_border_color=\u00bb#000000&#8243; button_border_radius=\u00bb0px\u00bb button_font=\u00bb|600|||||||\u00bb button_use_icon=\u00bboff\u00bb background_layout=\u00bbdark\u00bb custom_css_main_element=\u00bbmin-width: 100%\u00bb button_bg_color__hover_enabled=\u00bbon|hover\u00bb button_bg_color__hover=\u00bb#006868&#8243; button_bg_enable_color__hover=\u00bbon\u00bb][\/et_pb_button][\/et_pb_column][\/et_pb_row][\/et_pb_section][et_pb_section fb_built=\u00bb1&#8243; custom_padding_last_edited=\u00bbon|desktop\u00bb _builder_version=\u00bb4.0.11&#8243; custom_padding=\u00bb||10px||false|false\u00bb custom_padding_tablet=\u00bb10px||10px||false|false\u00bb custom_padding_phone=\u00bb10px||10px||false|false\u00bb][et_pb_row column_structure=\u00bb1_2,1_2&#8243; _builder_version=\u00bb4.0.11&#8243;][et_pb_column type=\u00bb1_2&#8243; _builder_version=\u00bb4.0.11&#8243;][et_pb_text _builder_version=\u00bb4.0.11&#8243; header_2_font=\u00bb|600|||||||\u00bb header_2_font_size=\u00bb16px\u00bb text_orientation=\u00bbjustified\u00bb]Fabrication d&#8217;a\u00e9ronefs, de matelas matelas sp\u00e9ciaux pour les chemins de fer et des trains, des matelas de soute, des matelas pour hiperb\u00e1ticas cam\u00e9ras, des matelas et des stations spatiales pour toutes sortes d&#8217;utilisations et destinations exclusives qui n\u00e9cessitent des mat\u00e9riaux sp\u00e9cifiques et des mod\u00e8les sp\u00e9ciaux.<\/p>\n<p>Matelas pour des navires de guerre, sous-marins, les navires et les h\u00f4pitaux tous les types de navires.<\/p>\n<p>Quelle que soit l&#8217;utilisation de matelas, sommiers \u00e0 ressorts, de la literie ou des rideaux dans Decoratel sont pr\u00eats \u00e0 faire tous ces \u00e9l\u00e9ments en fonction des exigences de chaque projet.<\/p>\n<p>Consultez nos projets, et ceux-ci seront \u00e9largir autant d&#8217;informations que n\u00e9cessaire.<\/p>\n<p>Dans Decoratel nous sommes \u00e0 la pointe de la fabrication et la vente de matelas exclusifs partout dans le monde.[\/et_pb_text][\/et_pb_column][et_pb_column type=\u00bb1_2&#8243; _builder_version=\u00bb4.0.11&#8243;][et_pb_image src=\u00bbhttps:\/\/colchonesignifugos.com\/fr\/wp-content\/uploads\/sites\/3\/2020\/01\/8e530-sector-varios-dcha.jpg\u00bb align=\u00bbcenter\u00bb _builder_version=\u00bb4.0.11&#8243;][\/et_pb_image][\/et_pb_column][\/et_pb_row][\/et_pb_section][et_pb_section fb_built=\u00bb1&#8243; custom_padding_last_edited=\u00bbon|desktop\u00bb _builder_version=\u00bb4.0.11&#8243; custom_padding=\u00bb30px||10px||false|false\u00bb custom_padding_tablet=\u00bb10px||10px||false|false\u00bb custom_padding_phone=\u00bb10px||10px||false|false\u00bb][et_pb_row column_structure=\u00bb1_4,1_4,1_4,1_4&#8243; _builder_version=\u00bb4.0.11&#8243; max_width=\u00bb1200px\u00bb][et_pb_column type=\u00bb1_4&#8243; _builder_version=\u00bb4.0.11&#8243;][et_pb_image src=\u00bbhttps:\/\/colchonesignifugos.com\/fr\/wp-content\/uploads\/sites\/3\/2020\/01\/cc667-sector-otros-colchon.jpg\u00bb align=\u00bbcenter\u00bb _builder_version=\u00bb4.0.11&#8243;][\/et_pb_image][et_pb_button button_url=\u00bbhttps:\/\/colchonesignifugos.com\/fr\/matelas-secteur-plusieurs\/\u00bb button_text=\u00bbMatelas\u00bb button_alignment=\u00bbcenter\u00bb _builder_version=\u00bb4.0.11&#8243; custom_button=\u00bbon\u00bb button_bg_color=\u00bb#008080&#8243; button_border_width=\u00bb1px\u00bb button_border_color=\u00bb#000000&#8243; button_border_radius=\u00bb0px\u00bb button_font=\u00bb|600|||||||\u00bb button_use_icon=\u00bboff\u00bb background_layout=\u00bbdark\u00bb custom_css_main_element=\u00bbmin-width: 100%\u00bb button_bg_color__hover_enabled=\u00bbon|hover\u00bb button_bg_color__hover=\u00bb#006868&#8243; button_bg_enable_color__hover=\u00bbon\u00bb][\/et_pb_button][\/et_pb_column][et_pb_column type=\u00bb1_4&#8243; _builder_version=\u00bb4.0.11&#8243;][et_pb_image src=\u00bbhttps:\/\/colchonesignifugos.com\/fr\/wp-content\/uploads\/sites\/3\/2020\/01\/dd5e6-sector-otros-somier.jpg\u00bb align=\u00bbcenter\u00bb _builder_version=\u00bb4.0.11&#8243;][\/et_pb_image][et_pb_button button_url=\u00bbhttps:\/\/colchonesignifugos.com\/fr\/sommiers-secteur-plusieurs\/\u00bb button_text=\u00bbSommiers\u00bb button_alignment=\u00bbcenter\u00bb _builder_version=\u00bb4.0.11&#8243; custom_button=\u00bbon\u00bb button_bg_color=\u00bb#008080&#8243; button_border_width=\u00bb1px\u00bb button_border_color=\u00bb#000000&#8243; button_border_radius=\u00bb0px\u00bb button_font=\u00bb|600|||||||\u00bb button_use_icon=\u00bboff\u00bb background_layout=\u00bbdark\u00bb custom_css_main_element=\u00bbmin-width: 100%\u00bb button_bg_color__hover_enabled=\u00bbon|hover\u00bb button_bg_color__hover=\u00bb#006868&#8243; button_bg_enable_color__hover=\u00bbon\u00bb][\/et_pb_button][\/et_pb_column][et_pb_column type=\u00bb1_4&#8243; _builder_version=\u00bb4.0.11&#8243;][et_pb_image src=\u00bbhttps:\/\/colchonesignifugos.com\/fr\/wp-content\/uploads\/sites\/3\/2020\/01\/4875a-sector-otros-sabana.jpg\u00bb align=\u00bbcenter\u00bb _builder_version=\u00bb4.0.11&#8243;][\/et_pb_image][et_pb_button button_url=\u00bbhttps:\/\/colchonesignifugos.com\/fr\/draps-secteur-plusieurs\/\u00bb button_text=\u00bbDraps\u00bb button_alignment=\u00bbcenter\u00bb _builder_version=\u00bb4.0.11&#8243; custom_button=\u00bbon\u00bb button_bg_color=\u00bb#008080&#8243; button_border_width=\u00bb1px\u00bb button_border_color=\u00bb#000000&#8243; button_border_radius=\u00bb0px\u00bb button_font=\u00bb|600|||||||\u00bb button_use_icon=\u00bboff\u00bb background_layout=\u00bbdark\u00bb custom_css_main_element=\u00bbmin-width: 100%\u00bb button_bg_color__hover_enabled=\u00bbon|hover\u00bb button_bg_color__hover=\u00bb#006868&#8243; button_bg_enable_color__hover=\u00bbon\u00bb][\/et_pb_button][\/et_pb_column][et_pb_column type=\u00bb1_4&#8243; _builder_version=\u00bb4.0.11&#8243;][et_pb_image src=\u00bbhttps:\/\/colchonesignifugos.com\/fr\/wp-content\/uploads\/sites\/3\/2020\/01\/22abe-sector-otros-cortina.jpg\u00bb align=\u00bbcenter\u00bb _builder_version=\u00bb4.0.11&#8243;][\/et_pb_image][et_pb_button button_url=\u00bbhttps:\/\/colchonesignifugos.com\/fr\/rideaux-secteur-plusieurs\/\u00bb button_text=\u00bbRideaux\u00bb button_alignment=\u00bbcenter\u00bb _builder_version=\u00bb4.0.11&#8243; custom_button=\u00bbon\u00bb button_bg_color=\u00bb#008080&#8243; button_border_width=\u00bb1px\u00bb button_border_color=\u00bb#000000&#8243; button_border_radius=\u00bb0px\u00bb button_font=\u00bb|600|||||||\u00bb button_use_icon=\u00bboff\u00bb background_layout=\u00bbdark\u00bb custom_css_main_element=\u00bbmin-width: 100%\u00bb button_bg_color__hover_enabled=\u00bbon|hover\u00bb button_bg_color__hover=\u00bb#006868&#8243; button_bg_enable_color__hover=\u00bbon\u00bb][\/et_pb_button][\/et_pb_column][\/et_pb_row][\/et_pb_section][et_pb_section fb_built=\u00bb1&#8243; custom_padding_last_edited=\u00bbon|desktop\u00bb _builder_version=\u00bb4.0.11&#8243; custom_padding=\u00bb10px||10px||false|false\u00bb custom_padding_tablet=\u00bb10px||10px||false|false\u00bb custom_padding_phone=\u00bb10px||10px||false|false\u00bb][et_pb_row _builder_version=\u00bb4.0.11&#8243;][et_pb_column type=\u00bb4_4&#8243; _builder_version=\u00bb4.0.11&#8243;][et_pb_text _builder_version=\u00bb4.0.11&#8243; text_text_color=\u00bb#008080&#8243; text_orientation=\u00bbcenter\u00bb]Choisissez le produit pour lequel vous souhaitez plus d&#8217;informations[\/et_pb_text][\/et_pb_column][\/et_pb_row][et_pb_row _builder_version=\u00bb4.0.11&#8243;][et_pb_column type=\u00bb4_4&#8243; _builder_version=\u00bb4.0.11&#8243;][et_pb_image src=\u00bbhttps:\/\/colchonesignifugos.com\/fr\/wp-content\/uploads\/sites\/3\/2020\/01\/263e6-caracteristicas-colchones-h.jpg\u00bb align=\u00bbcenter\u00bb _builder_version=\u00bb4.0.11&#8243;][\/et_pb_image][\/et_pb_column][\/et_pb_row][\/et_pb_section][et_pb_section fb_built=\u00bb1&#8243; custom_padding_last_edited=\u00bbon|desktop\u00bb _builder_version=\u00bb4.0.11&#8243; custom_padding=\u00bb10px||10px||false|false\u00bb custom_padding_tablet=\u00bb10px||10px||false|false\u00bb custom_padding_phone=\u00bb10px||10px||false|false\u00bb saved_tabs=\u00bball\u00bb][et_pb_row _builder_version=\u00bb4.0.11&#8243;][et_pb_column type=\u00bb4_4&#8243; _builder_version=\u00bb4.0.11&#8243;][et_pb_image src=\u00bbhttps:\/\/colchonesignifugos.com\/fr\/wp-content\/uploads\/sites\/3\/2020\/01\/a0b80-pie-index.jpg\u00bb align=\u00bbcenter\u00bb _builder_version=\u00bb4.0.11&#8243;][\/et_pb_image][\/et_pb_column][\/et_pb_row][\/et_pb_section]<\/p>\n","protected":false},"excerpt":{"rendered":"<p>Le premier fabricant dans la production et la distribution de matelas ignifuges sp\u00e9ciaux.Matelas sp\u00e9ciaux. Designs Decoratel est un fabricant de matelas dans toutes ses phases, nous permettant de concevoir, fabrication et production de masse de toute conception qui est complexe ou laborieuse Il existe une vari\u00e9t\u00e9 de secteurs pour son exclusivit\u00e9, ils ne sont pas [&hellip;]<\/p>\n","protected":false},"author":1,"featured_media":0,"parent":0,"menu_order":0,"comment_status":"closed","ping_status":"closed","template":"","meta":{"_et_pb_use_builder":"on","_et_pb_old_content":"","_et_gb_content_width":""},"yoast_head":"<!-- This site is optimized with the Yoast SEO plugin v19.4 - https:\/\/yoast.com\/wordpress\/plugins\/seo\/ -->\n<title>Matelas antique des incendies - Matelas ignifuges sur mesure | Decoratel<\/title>\n<meta name=\"description\" content=\"Nous r\u00e9alisons n&#039;importe quel matelas sur mesure, avec un certificat ignifuge et un certificat IMO. Nous fabriquons des matelas sur mesure, d&#039;une qualit\u00e9 et au meilleur prix du march\u00e9.\" \/>\n<meta name=\"robots\" content=\"index, follow, max-snippet:-1, max-image-preview:large, max-video-preview:-1\" \/>\n<link rel=\"canonical\" href=\"https:\/\/colchonesignifugos.com\/fr\/matelas-autres\/\" \/>\n<meta property=\"og:locale\" content=\"es_ES\" \/>\n<meta property=\"og:type\" content=\"article\" \/>\n<meta property=\"og:title\" content=\"Matelas antique des incendies - Matelas ignifuges sur mesure | Decoratel\" \/>\n<meta property=\"og:description\" content=\"Nous r\u00e9alisons n&#039;importe quel matelas sur mesure, avec un certificat ignifuge et un certificat IMO. Nous fabriquons des matelas sur mesure, d&#039;une qualit\u00e9 et au meilleur prix du march\u00e9.\" \/>\n<meta property=\"og:url\" content=\"https:\/\/colchonesignifugos.com\/fr\/matelas-autres\/\" \/>\n<meta property=\"og:site_name\" content=\"Matelas ignifuges\" \/>\n<meta property=\"article:modified_time\" content=\"2020-01-22T13:09:27+00:00\" \/>\n<meta name=\"twitter:card\" content=\"summary_large_image\" \/>\n<meta name=\"twitter:label1\" content=\"Tiempo de lectura\" \/>\n\t<meta name=\"twitter:data1\" content=\"9 minutos\" \/>\n<script type=\"application\/ld+json\" class=\"yoast-schema-graph\">{\"@context\":\"https:\/\/schema.org\",\"@graph\":[{\"@type\":\"WebSite\",\"@id\":\"https:\/\/colchonesignifugos.com\/fr\/#website\",\"url\":\"https:\/\/colchonesignifugos.com\/fr\/\",\"name\":\"Matelas ignifuges\",\"description\":\"Fabricant de matelas ignifuges\",\"potentialAction\":[{\"@type\":\"SearchAction\",\"target\":{\"@type\":\"EntryPoint\",\"urlTemplate\":\"https:\/\/colchonesignifugos.com\/fr\/?s={search_term_string}\"},\"query-input\":\"required name=search_term_string\"}],\"inLanguage\":\"es\"},{\"@type\":\"WebPage\",\"@id\":\"https:\/\/colchonesignifugos.com\/fr\/matelas-autres\/\",\"url\":\"https:\/\/colchonesignifugos.com\/fr\/matelas-autres\/\",\"name\":\"Matelas antique des incendies - Matelas ignifuges sur mesure | Decoratel\",\"isPartOf\":{\"@id\":\"https:\/\/colchonesignifugos.com\/fr\/#website\"},\"datePublished\":\"2020-01-10T13:31:22+00:00\",\"dateModified\":\"2020-01-22T13:09:27+00:00\",\"description\":\"Nous r\u00e9alisons n'importe quel matelas sur mesure, avec un certificat ignifuge et un certificat IMO. Nous fabriquons des matelas sur mesure, d'une qualit\u00e9 et au meilleur prix du march\u00e9.\",\"breadcrumb\":{\"@id\":\"https:\/\/colchonesignifugos.com\/fr\/matelas-autres\/#breadcrumb\"},\"inLanguage\":\"es\",\"potentialAction\":[{\"@type\":\"ReadAction\",\"target\":[\"https:\/\/colchonesignifugos.com\/fr\/matelas-autres\/\"]}]},{\"@type\":\"BreadcrumbList\",\"@id\":\"https:\/\/colchonesignifugos.com\/fr\/matelas-autres\/#breadcrumb\",\"itemListElement\":[{\"@type\":\"ListItem\",\"position\":1,\"name\":\"Portada\",\"item\":\"https:\/\/colchonesignifugos.com\/fr\/\"},{\"@type\":\"ListItem\",\"position\":2,\"name\":\"Autres\"}]}]}<\/script>\n<!-- \/ Yoast SEO plugin. -->","yoast_head_json":{"title":"Matelas antique des incendies - Matelas ignifuges sur mesure | Decoratel","description":"Nous r\u00e9alisons n'importe quel matelas sur mesure, avec un certificat ignifuge et un certificat IMO. Nous fabriquons des matelas sur mesure, d'une qualit\u00e9 et au meilleur prix du march\u00e9.","robots":{"index":"index","follow":"follow","max-snippet":"max-snippet:-1","max-image-preview":"max-image-preview:large","max-video-preview":"max-video-preview:-1"},"canonical":"https:\/\/colchonesignifugos.com\/fr\/matelas-autres\/","og_locale":"es_ES","og_type":"article","og_title":"Matelas antique des incendies - Matelas ignifuges sur mesure | Decoratel","og_description":"Nous r\u00e9alisons n'importe quel matelas sur mesure, avec un certificat ignifuge et un certificat IMO. Nous fabriquons des matelas sur mesure, d'une qualit\u00e9 et au meilleur prix du march\u00e9.","og_url":"https:\/\/colchonesignifugos.com\/fr\/matelas-autres\/","og_site_name":"Matelas ignifuges","article_modified_time":"2020-01-22T13:09:27+00:00","twitter_card":"summary_large_image","twitter_misc":{"Tiempo de lectura":"9 minutos"},"schema":{"@context":"https:\/\/schema.org","@graph":[{"@type":"WebSite","@id":"https:\/\/colchonesignifugos.com\/fr\/#website","url":"https:\/\/colchonesignifugos.com\/fr\/","name":"Matelas ignifuges","description":"Fabricant de matelas ignifuges","potentialAction":[{"@type":"SearchAction","target":{"@type":"EntryPoint","urlTemplate":"https:\/\/colchonesignifugos.com\/fr\/?s={search_term_string}"},"query-input":"required name=search_term_string"}],"inLanguage":"es"},{"@type":"WebPage","@id":"https:\/\/colchonesignifugos.com\/fr\/matelas-autres\/","url":"https:\/\/colchonesignifugos.com\/fr\/matelas-autres\/","name":"Matelas antique des incendies - Matelas ignifuges sur mesure | Decoratel","isPartOf":{"@id":"https:\/\/colchonesignifugos.com\/fr\/#website"},"datePublished":"2020-01-10T13:31:22+00:00","dateModified":"2020-01-22T13:09:27+00:00","description":"Nous r\u00e9alisons n'importe quel matelas sur mesure, avec un certificat ignifuge et un certificat IMO. Nous fabriquons des matelas sur mesure, d'une qualit\u00e9 et au meilleur prix du march\u00e9.","breadcrumb":{"@id":"https:\/\/colchonesignifugos.com\/fr\/matelas-autres\/#breadcrumb"},"inLanguage":"es","potentialAction":[{"@type":"ReadAction","target":["https:\/\/colchonesignifugos.com\/fr\/matelas-autres\/"]}]},{"@type":"BreadcrumbList","@id":"https:\/\/colchonesignifugos.com\/fr\/matelas-autres\/#breadcrumb","itemListElement":[{"@type":"ListItem","position":1,"name":"Portada","item":"https:\/\/colchonesignifugos.com\/fr\/"},{"@type":"ListItem","position":2,"name":"Autres"}]}]}},"_links":{"self":[{"href":"https:\/\/colchonesignifugos.com\/fr\/wp-json\/wp\/v2\/pages\/92"}],"collection":[{"href":"https:\/\/colchonesignifugos.com\/fr\/wp-json\/wp\/v2\/pages"}],"about":[{"href":"https:\/\/colchonesignifugos.com\/fr\/wp-json\/wp\/v2\/types\/page"}],"author":[{"embeddable":true,"href":"https:\/\/colchonesignifugos.com\/fr\/wp-json\/wp\/v2\/users\/1"}],"replies":[{"embeddable":true,"href":"https:\/\/colchonesignifugos.com\/fr\/wp-json\/wp\/v2\/comments?post=92"}],"version-history":[{"count":5,"href":"https:\/\/colchonesignifugos.com\/fr\/wp-json\/wp\/v2\/pages\/92\/revisions"}],"predecessor-version":[{"id":487,"href":"https:\/\/colchonesignifugos.com\/fr\/wp-json\/wp\/v2\/pages\/92\/revisions\/487"}],"wp:attachment":[{"href":"https:\/\/colchonesignifugos.com\/fr\/wp-json\/wp\/v2\/media?parent=92"}],"curies":[{"name":"wp","href":"https:\/\/api.w.org\/{rel}","templated":true}]}}